{"id":5049,"date":"2023-05-23T12:28:06","date_gmt":"2023-05-23T10:28:06","guid":{"rendered":"https:\/\/www.lca-sued.at\/?page_id=5049"},"modified":"2023-05-23T12:28:06","modified_gmt":"2023-05-23T10:28:06","slug":"terminalski-vodnik","status":"publish","type":"page","link":"https:\/\/www.lca-sued.at\/sl\/terminalski-vodnik\/","title":{"rendered":"Terminalski vodnik"},"content":{"rendered":"<div class=\"wpb-content-wrapper\"><p>[vc_row css=&#8221;.vc_custom_1677230530609{padding-top: 30px !important;padding-bottom: 30px !important;background-image: url(https:\/\/www.lca-sued.at\/wp-content\/uploads\/2022\/11\/bg-warum-fuernitz.jpg?id=4044) !important;background-position: center !important;background-repeat: no-repeat !important;background-size: cover !important;}&#8221; el_class=&#8221;backgroundbox white padding_80px&#8221;][vc_column width=&#8221;1\/2&#8243;][vc_column_text]<\/p>\n<h2>Bi radi vedeli, kako deluje terminal?<\/h2>\n<h2>Kako se zabojniki dvigujejo na tirnice in iz njih?<\/h2>\n<h2>Kako delujejo \u0161pediterska podjetja?<\/h2>\n<p>&nbsp;<\/p>\n<h4>Potem skupaj z nami pokukajte v zakulisje!<\/h4>\n<p>&nbsp;<\/p>\n<p>Pridru\u017eite se nam na poti blaga \u2013 od organizacije prevoza do dostave in po potrebi do prepakiranja in nalaganja na tovornjake ali vlake v enem od avstrijskih Combi Cargo terminalov. Spoznajte posamezne korake transportnega procesa in, \u010de \u017eelite, u\u017eivajte v zelo osebnem vpogledu v \u0161tevilna lokalna podjetja in njihova raznolika, vznemirljiva delovna mesta.<\/p>\n<p>Vodeni ogledi so brez ovir in so mo\u017eni od 16. leta ob predhodni rezervaciji (mlaj\u0161i od 16 le v spremstvu star\u0161ev ali pedago\u0161kega osebja). Ali te zanima? Nato nam takoj po\u0161ljite \u017eeleni termin na <a href=\"mailto:office@lca-sued.at\" target=\"_blank\" rel=\"noopener\">office@lca-sued.at<\/a>[\/vc_column_text][\/vc_column][vc_column width=&#8221;1\/2&#8243;][\/vc_column][\/vc_row][vc_row][vc_column][vc_column_text]<\/p>\n<p>[\/vc_column_text][\/vc_column][\/vc_row]<\/p>\n<\/div>","protected":false},"excerpt":{"rendered":"<p>[vc_row css=&#8221;.vc_custom_1677230530609{padding-top: 30px !important;padding-bottom: 30px !important;background-image: url(https:\/\/www.lca-sued.at\/wp-content\/uploads\/2022\/11\/bg-warum-fuernitz.jpg?id=4044) !important;background-position: center !important;background-repeat: no-repeat !important;background-size: cover !important;}&#8221; el_class=&#8221;backgroundbox white padding_80px&#8221;][vc_column width=&#8221;1\/2&#8243;][vc_column_text] Bi radi [&hellip;]<\/p>\n","protected":false},"author":1,"featured_media":0,"parent":0,"menu_order":0,"comment_status":"closed","ping_status":"closed","template":"","meta":{"_acf_changed":false,"footnotes":""},"class_list":["post-5049","page","type-page","status-publish","hentry"],"acf":[],"yoast_head":"<!-- This site is optimized with the Yoast SEO plugin v27.0 - https:\/\/yoast.com\/product\/yoast-seo-wordpress\/ -->\n<title>Terminalski vodnik - LCA SUED<\/title>\n<meta name=\"robots\" content=\"index, follow, max-snippet:-1, max-image-preview:large, max-video-preview:-1\" \/>\n<link rel=\"canonical\" href=\"https:\/\/www.lca-sued.at\/sl\/terminalski-vodnik\/\" \/>\n<meta property=\"og:locale\" content=\"sl_SI\" \/>\n<meta property=\"og:type\" content=\"article\" \/>\n<meta property=\"og:title\" content=\"Terminalski vodnik - LCA SUED\" \/>\n<meta property=\"og:description\" content=\"[vc_row css=&#8221;.vc_custom_1677230530609{padding-top: 30px !important;padding-bottom: 30px !important;background-image: url(https:\/\/www.lca-sued.at\/wp-content\/uploads\/2022\/11\/bg-warum-fuernitz.jpg?id=4044) !important;background-position: center !important;background-repeat: no-repeat !important;background-size: cover !important;}&#8221; el_class=&#8221;backgroundbox white padding_80px&#8221;][vc_column width=&#8221;1\/2&#8243;][vc_column_text] Bi radi [&hellip;]\" \/>\n<meta property=\"og:url\" content=\"https:\/\/www.lca-sued.at\/sl\/terminalski-vodnik\/\" \/>\n<meta property=\"og:site_name\" content=\"LCA SUED\" \/>\n<meta property=\"og:image\" content=\"https:\/\/www.lca-sued.at\/wp-content\/uploads\/2022\/02\/lca-slider-2022.jpg\" \/>\n\t<meta property=\"og:image:width\" content=\"1024\" \/>\n\t<meta property=\"og:image:height\" content=\"486\" \/>\n\t<meta property=\"og:image:type\" content=\"image\/jpeg\" \/>\n<meta name=\"twitter:card\" content=\"summary_large_image\" \/>\n<meta name=\"twitter:label1\" content=\"Est. reading time\" \/>\n\t<meta name=\"twitter:data1\" content=\"1 minuta\" \/>\n<script type=\"application\/ld+json\" class=\"yoast-schema-graph\">{\"@context\":\"https:\/\/schema.org\",\"@graph\":[{\"@type\":\"WebPage\",\"@id\":\"https:\/\/www.lca-sued.at\/sl\/terminalski-vodnik\/\",\"url\":\"https:\/\/www.lca-sued.at\/sl\/terminalski-vodnik\/\",\"name\":\"Terminalski vodnik - LCA SUED\",\"isPartOf\":{\"@id\":\"https:\/\/www.lca-sued.at\/#website\"},\"datePublished\":\"2023-05-23T10:28:06+00:00\",\"breadcrumb\":{\"@id\":\"https:\/\/www.lca-sued.at\/sl\/terminalski-vodnik\/#breadcrumb\"},\"inLanguage\":\"sl-SI\",\"potentialAction\":[{\"@type\":\"ReadAction\",\"target\":[\"https:\/\/www.lca-sued.at\/sl\/terminalski-vodnik\/\"]}]},{\"@type\":\"BreadcrumbList\",\"@id\":\"https:\/\/www.lca-sued.at\/sl\/terminalski-vodnik\/#breadcrumb\",\"itemListElement\":[{\"@type\":\"ListItem\",\"position\":1,\"name\":\"Startseite\",\"item\":\"https:\/\/www.lca-sued.at\/sl\/\"},{\"@type\":\"ListItem\",\"position\":2,\"name\":\"Terminalski vodnik\"}]},{\"@type\":\"WebSite\",\"@id\":\"https:\/\/www.lca-sued.at\/#website\",\"url\":\"https:\/\/www.lca-sued.at\/\",\"name\":\"LCA SUED\",\"description\":\"LCA SUED\",\"publisher\":{\"@id\":\"https:\/\/www.lca-sued.at\/#organization\"},\"potentialAction\":[{\"@type\":\"SearchAction\",\"target\":{\"@type\":\"EntryPoint\",\"urlTemplate\":\"https:\/\/www.lca-sued.at\/?s={search_term_string}\"},\"query-input\":{\"@type\":\"PropertyValueSpecification\",\"valueRequired\":true,\"valueName\":\"search_term_string\"}}],\"inLanguage\":\"sl-SI\"},{\"@type\":\"Organization\",\"@id\":\"https:\/\/www.lca-sued.at\/#organization\",\"name\":\"LCA SUED\",\"url\":\"https:\/\/www.lca-sued.at\/\",\"logo\":{\"@type\":\"ImageObject\",\"inLanguage\":\"sl-SI\",\"@id\":\"https:\/\/www.lca-sued.at\/#\/schema\/logo\/image\/\",\"url\":\"https:\/\/www.lca-sued.at\/wp-content\/uploads\/2017\/08\/lca_logo.png\",\"contentUrl\":\"https:\/\/www.lca-sued.at\/wp-content\/uploads\/2017\/08\/lca_logo.png\",\"width\":167,\"height\":108,\"caption\":\"LCA SUED\"},\"image\":{\"@id\":\"https:\/\/www.lca-sued.at\/#\/schema\/logo\/image\/\"},\"sameAs\":[\"https:\/\/www.linkedin.com\/company\/lca-south\/\"]}]}<\/script>\n<!-- \/ Yoast SEO plugin. -->","yoast_head_json":{"title":"Terminalski vodnik - LCA SUED","robots":{"index":"index","follow":"follow","max-snippet":"max-snippet:-1","max-image-preview":"max-image-preview:large","max-video-preview":"max-video-preview:-1"},"canonical":"https:\/\/www.lca-sued.at\/sl\/terminalski-vodnik\/","og_locale":"sl_SI","og_type":"article","og_title":"Terminalski vodnik - LCA SUED","og_description":"[vc_row css=&#8221;.vc_custom_1677230530609{padding-top: 30px !important;padding-bottom: 30px !important;background-image: url(https:\/\/www.lca-sued.at\/wp-content\/uploads\/2022\/11\/bg-warum-fuernitz.jpg?id=4044) !important;background-position: center !important;background-repeat: no-repeat !important;background-size: cover !important;}&#8221; el_class=&#8221;backgroundbox white padding_80px&#8221;][vc_column width=&#8221;1\/2&#8243;][vc_column_text] Bi radi [&hellip;]","og_url":"https:\/\/www.lca-sued.at\/sl\/terminalski-vodnik\/","og_site_name":"LCA SUED","og_image":[{"width":1024,"height":486,"url":"https:\/\/www.lca-sued.at\/wp-content\/uploads\/2022\/02\/lca-slider-2022.jpg","type":"image\/jpeg"}],"twitter_card":"summary_large_image","twitter_misc":{"Est. reading time":"1 minuta"},"schema":{"@context":"https:\/\/schema.org","@graph":[{"@type":"WebPage","@id":"https:\/\/www.lca-sued.at\/sl\/terminalski-vodnik\/","url":"https:\/\/www.lca-sued.at\/sl\/terminalski-vodnik\/","name":"Terminalski vodnik - LCA SUED","isPartOf":{"@id":"https:\/\/www.lca-sued.at\/#website"},"datePublished":"2023-05-23T10:28:06+00:00","breadcrumb":{"@id":"https:\/\/www.lca-sued.at\/sl\/terminalski-vodnik\/#breadcrumb"},"inLanguage":"sl-SI","potentialAction":[{"@type":"ReadAction","target":["https:\/\/www.lca-sued.at\/sl\/terminalski-vodnik\/"]}]},{"@type":"BreadcrumbList","@id":"https:\/\/www.lca-sued.at\/sl\/terminalski-vodnik\/#breadcrumb","itemListElement":[{"@type":"ListItem","position":1,"name":"Startseite","item":"https:\/\/www.lca-sued.at\/sl\/"},{"@type":"ListItem","position":2,"name":"Terminalski vodnik"}]},{"@type":"WebSite","@id":"https:\/\/www.lca-sued.at\/#website","url":"https:\/\/www.lca-sued.at\/","name":"LCA SUED","description":"LCA SUED","publisher":{"@id":"https:\/\/www.lca-sued.at\/#organization"},"potentialAction":[{"@type":"SearchAction","target":{"@type":"EntryPoint","urlTemplate":"https:\/\/www.lca-sued.at\/?s={search_term_string}"},"query-input":{"@type":"PropertyValueSpecification","valueRequired":true,"valueName":"search_term_string"}}],"inLanguage":"sl-SI"},{"@type":"Organization","@id":"https:\/\/www.lca-sued.at\/#organization","name":"LCA SUED","url":"https:\/\/www.lca-sued.at\/","logo":{"@type":"ImageObject","inLanguage":"sl-SI","@id":"https:\/\/www.lca-sued.at\/#\/schema\/logo\/image\/","url":"https:\/\/www.lca-sued.at\/wp-content\/uploads\/2017\/08\/lca_logo.png","contentUrl":"https:\/\/www.lca-sued.at\/wp-content\/uploads\/2017\/08\/lca_logo.png","width":167,"height":108,"caption":"LCA SUED"},"image":{"@id":"https:\/\/www.lca-sued.at\/#\/schema\/logo\/image\/"},"sameAs":["https:\/\/www.linkedin.com\/company\/lca-south\/"]}]}},"_links":{"self":[{"href":"https:\/\/www.lca-sued.at\/sl\/wp-json\/wp\/v2\/pages\/5049","targetHints":{"allow":["GET"]}}],"collection":[{"href":"https:\/\/www.lca-sued.at\/sl\/wp-json\/wp\/v2\/pages"}],"about":[{"href":"https:\/\/www.lca-sued.at\/sl\/wp-json\/wp\/v2\/types\/page"}],"author":[{"embeddable":true,"href":"https:\/\/www.lca-sued.at\/sl\/wp-json\/wp\/v2\/users\/1"}],"replies":[{"embeddable":true,"href":"https:\/\/www.lca-sued.at\/sl\/wp-json\/wp\/v2\/comments?post=5049"}],"version-history":[{"count":2,"href":"https:\/\/www.lca-sued.at\/sl\/wp-json\/wp\/v2\/pages\/5049\/revisions"}],"predecessor-version":[{"id":5060,"href":"https:\/\/www.lca-sued.at\/sl\/wp-json\/wp\/v2\/pages\/5049\/revisions\/5060"}],"wp:attachment":[{"href":"https:\/\/www.lca-sued.at\/sl\/wp-json\/wp\/v2\/media?parent=5049"}],"curies":[{"name":"wp","href":"https:\/\/api.w.org\/{rel}","templated":true}]}}