{"id":4997,"date":"2023-01-15T15:33:17","date_gmt":"2023-01-15T14:33:17","guid":{"rendered":"https:\/\/www.lca-sued.at\/storie-di-successo\/"},"modified":"2023-09-06T13:56:28","modified_gmt":"2023-09-06T11:56:28","slug":"zgodbe-o-uspehu-2","status":"publish","type":"page","link":"https:\/\/www.lca-sued.at\/sl\/zgodbe-o-uspehu-2\/","title":{"rendered":"Zgodbe o uspehu"},"content":{"rendered":"<div class=\"wpb-content-wrapper\"><p>[vc_row][vc_column][vc_column_text]<\/p>\n<h3>Zgodbe o uspehu Koro\u0161ke kot logisti\u010dne lokacije: Vsako leto spremljamo podjetja in skrbimo, da je njihovo poslovanje dobro sprejeto, se razvija in raste.<br \/>\nTu nam povedo, kaj jih navdu\u0161uje na tej lokaciji in zakaj jim je njihova zavezanost koristila.<\/h3>\n<h3>Pi\u0161imo va\u0161o koro\u0161ko zgodbo o uspehu skupaj!<\/h3>\n<p>[\/vc_column_text][vc_separator][\/vc_column][\/vc_row][vc_row gap=&#8221;35&#8243;][vc_column width=&#8221;1\/2&#8243;]<div class=\"lca_testimonial_box\"><div class=\"lca_testimonial_box_image\" id=\"31e18802567ad2921c3f02dfcdd5cb9527d4de53\"><img loading=\"lazy\" decoding=\"async\" width=\"150\" height=\"150\" src=\"https:\/\/www.lca-sued.at\/wp-content\/uploads\/2023\/04\/Bild-kle-150x150.jpg\" class=\"attachment-thumbnail size-thumbnail\" alt=\"\" \/><\/div><div class=\"lca_testimonial_box_text_wrapper\"  id=\"31e18802567ad2921c3f02dfcdd5cb9527d4de53\"><div class=\"lca_testimonial_box_text\"><h2>Klaus Leitner<\/h2><h3>Managing director josef lex &amp; co internationale speditions- und lagerhausgesellschaft mbh<\/h3><div class=\"lca_testimonial_button\">Details<\/div><\/div><\/div><div class=\"lca_testimonial_box_hidden_text\" id=\"element_31e18802567ad2921c3f02dfcdd5cb9527d4de53\"><div class=\"content_testimonial\"><p>F\u00fcrnitz je idealno vozli\u0161\u010de in tovorna platforma za na\u0161e prevoze iz Italije, Nem\u010dije, Slovenije in nazaj ter z Balkana in na Balkan. Tu smo \u017ee deset let, saj smo \u017ee takrat prepoznali ogromen potencial: Kontejnerski terminal z zabojniki in skladi\u0161\u010dem zabojnikov, pokrita in odprta skladi\u0161\u010da, prilo\u017enost za na\u0161e poslovne partnerje, saj jim lahko ponudimo prvovrstni paket logisti\u010dnih storitev, pretovarjanje te\u017ekega blaga do 40 ton, vzpostavitev lastne postaje za pakiranje, lastno in zasebno carinsko skladi\u0161\u010de, skladi\u0161\u010de za pivo in vino, mo\u017enosti tehtanja polnih\/ praznih vozil oz. zabojnikov, carinski urad neposredno na terminalu, neposreden tir do na\u0161ega skladi\u0161\u010da, nakladalne mo\u017enosti, pisarni\u0161ki prostori za na\u0161e carinske uradnike in dispe\u010derje tovornjakov, zemlji\u0161\u010da, ki so \u0161e vedno na voljo za gradnjo lastnih skladi\u0161\u010d, in seveda celovita podpora za posebne re\u0161itve upravljalcev terminala.<\/p>\n<\/div><\/div><\/div>[\/vc_column][vc_column width=&#8221;1\/2&#8243;]<div class=\"lca_testimonial_box\"><div class=\"lca_testimonial_box_image\" id=\"06c1b3574cb8cc21b6f0d371d4836cc00e832d4d\"><img loading=\"lazy\" decoding=\"async\" width=\"150\" height=\"150\" src=\"https:\/\/www.lca-sued.at\/wp-content\/uploads\/2023\/04\/2018-09-02-Claudio-150x150.jpg\" class=\"attachment-thumbnail size-thumbnail\" alt=\"\" \/><\/div><div class=\"lca_testimonial_box_text_wrapper\"  id=\"06c1b3574cb8cc21b6f0d371d4836cc00e832d4d\"><div class=\"lca_testimonial_box_text\"><h2>Claudio M\u00fcller<\/h2><h3>Managing director DRAUTRANS - Speditions- u. Transport GmbH<\/h3><div class=\"lca_testimonial_button\">Details<\/div><\/div><\/div><div class=\"lca_testimonial_box_hidden_text\" id=\"element_06c1b3574cb8cc21b6f0d371d4836cc00e832d4d\"><div class=\"content_testimonial\"><p>Ker sem specialist za Italijo in Ju\u017eno Evropo, je ta lokacija za nas idealna. Na\u0161e logisti\u010dne storitve je mogo\u010de optimalno voditi z lokacije F\u00fcrnitz. Tromeja Italija-Slovenija-Avstrija ter povezave s tranzitnimi potmi po cesti in \u017eeleznici so pomembno merilo za organizacijo blagovne menjave v regiji Alpe-Jadran. Terminal \u00bbInterporto Drautrans\u00ab ponuja pokrite in odprte skladi\u0161\u010dne prostore, vklju\u010duje pa tudi najve\u010dje prazno skladi\u0161\u010de v ju\u017eni Avstriji. Bli\u017eina pristani\u0161\u010d NAPA (North Adriatic Ports Association \u2013 Ravena, Benetke, Trst, Koper, Reka) in \u0161tevilne nove mo\u017enosti na podro\u010dju carinjenja, kot je carinski koridor, bodo pripomogle k hitrej\u0161i menjavi blaga, lokacija pa se bo tako tudi trajnostno okrepila. V skupini DRAUTRANS se na to lokacijo zana\u0161amo \u017ee 25 let!<\/p>\n<\/div><\/div><\/div>[\/vc_column][\/vc_row][vc_row gap=&#8221;35&#8243;][vc_column width=&#8221;1\/2&#8243;]<div class=\"lca_testimonial_box\"><div class=\"lca_testimonial_box_image\" id=\"9772946dc2c91969a67b0c2af442fd000a3bdc4d\"><img loading=\"lazy\" decoding=\"async\" width=\"150\" height=\"150\" src=\"https:\/\/www.lca-sued.at\/wp-content\/uploads\/2023\/04\/190304_JAK_OEBB_VORSTAND_215-scaled-e1683584276830-150x150.jpeg\" class=\"attachment-thumbnail size-thumbnail\" alt=\"\" \/><\/div><div class=\"lca_testimonial_box_text_wrapper\"  id=\"9772946dc2c91969a67b0c2af442fd000a3bdc4d\"><div class=\"lca_testimonial_box_text\"><h2>Andreas Matth\u00e4<\/h2><h3>Predsednik \u00d6BB Holding<\/h3><div class=\"lca_testimonial_button\">Details<\/div><\/div><\/div><div class=\"lca_testimonial_box_hidden_text\" id=\"element_9772946dc2c91969a67b0c2af442fd000a3bdc4d\"><div class=\"content_testimonial\"><p>Terminal Villach S\u00fcd v F\u00fcrnitzu je optimalno povezan s tr\u017ea\u0161kim pristani\u0161\u010dem in industriji ponuja popolno povezavo od ceste in \u017eeleznice do morja. \u00d6BB sodeluje s pristani\u0161ko upravo v Trstu na carinskem koridorju, ki naj bi lokacijo razvil v tako imenovani \u00bbDry Port Villach\u00ab. Ta projekt ustvarja velike mo\u017enosti za u\u010dinkovitej\u0161e ureditev vlakov in za \u00bbCross Docking\u00ab ter s tem za ve\u010dji obseg transporta po tirih.<\/p>\n<\/div><\/div><\/div>[\/vc_column][vc_column width=&#8221;1\/2&#8243;]<div class=\"lca_testimonial_box\"><div class=\"lca_testimonial_box_image\" id=\"d8c3c012b1fa4ba30ee36457924b2f574aec50e7\"><img loading=\"lazy\" decoding=\"async\" width=\"150\" height=\"150\" src=\"https:\/\/www.lca-sued.at\/wp-content\/uploads\/2023\/04\/Lelli-150x150.jpg\" class=\"attachment-thumbnail size-thumbnail\" alt=\"\" \/><\/div><div class=\"lca_testimonial_box_text_wrapper\"  id=\"d8c3c012b1fa4ba30ee36457924b2f574aec50e7\"><div class=\"lca_testimonial_box_text\"><h2>Nicola Lelli<\/h2><h3>Managing director MSC Mediterranean Shipping Company Austria<\/h3><div class=\"lca_testimonial_button\">Details<\/div><\/div><\/div><div class=\"lca_testimonial_box_hidden_text\" id=\"element_d8c3c012b1fa4ba30ee36457924b2f574aec50e7\"><div class=\"content_testimonial\"><p>Kot ladjarska agencija \u017ee vrsto let sodelujemo z lokacijo F\u00fcrnitz kot skladi\u0161\u010dem zabojnikov in jo cenimo zaradi ugodne geografske lege v bli\u017eini jadranskih pristani\u0161\u010d. Odli\u010dna povezanost lokacije s pristani\u0161\u010dema Trst in Koper nam omogo\u010da, da s svojimi intermodalnimi in logisti\u010dnimi re\u0161itvami, ki presegajo dr\u017eavne meje, prepri\u010damo \u0161pediterje o mo\u017enostih na jugu. Z izvajanjem sedanjih prizadevanj in morebitno \u0161iritvijo lokacije se le-ta \u0161e naprej razvija v idealno vozli\u0161\u010de za pomorski tovorni promet: F\u00fcrnitz kot Adriatic Gateway Austria.<\/p>\n<\/div><\/div><\/div>[\/vc_column][\/vc_row][vc_row gap=&#8221;35&#8243;][vc_column width=&#8221;1\/2&#8243;]<div class=\"lca_testimonial_box\"><div class=\"lca_testimonial_box_image\" id=\"aaa022b3352e3bf662171aafc71cd91d1810c169\"><img loading=\"lazy\" decoding=\"async\" width=\"150\" height=\"150\" src=\"https:\/\/www.lca-sued.at\/wp-content\/uploads\/2023\/04\/IMG_2263-150x150.jpg\" class=\"attachment-thumbnail size-thumbnail\" alt=\"\" \/><\/div><div class=\"lca_testimonial_box_text_wrapper\"  id=\"aaa022b3352e3bf662171aafc71cd91d1810c169\"><div class=\"lca_testimonial_box_text\"><h2>Karl Nothegger Jun.<\/h2><h3>Managing director Nothegger Transport Logistik GmbH<\/h3><div class=\"lca_testimonial_button\">Details<\/div><\/div><\/div><div class=\"lca_testimonial_box_hidden_text\" id=\"element_aaa022b3352e3bf662171aafc71cd91d1810c169\"><div class=\"content_testimonial\"><p>F\u00fcrnitz je za nas pomembno vozli\u0161\u010de za na\u0161e prevoze med Italijo in Avstrijo ter sosednjimi dr\u017eavami. Lokacija F\u00fcrnitz je izjemnega pomena kot vmesnik med cestnim in \u017eelezni\u0161kim prevozom ter kot idealna to\u010dka za na\u0161e vlake, ki vozijo v ju\u017eno Italijo in nazaj. Z na\u0161im pretovornim skladi\u0161\u010dem neposredno na terminalu in na na\u0161i sosednji lokaciji lahko strankam ponudimo vse logisti\u010dne storitve, ki vklju\u010dujejo razli\u010dne na\u010dine prevoza.<\/p>\n<\/div><\/div><\/div>[\/vc_column][vc_column width=&#8221;1\/2&#8243;]<div class=\"lca_testimonial_box\"><div class=\"lca_testimonial_box_image\" id=\"0d3a2d44bbcbbb6ef38003e5047254c9f2742e5b\"><img loading=\"lazy\" decoding=\"async\" width=\"150\" height=\"150\" src=\"https:\/\/www.lca-sued.at\/wp-content\/uploads\/2023\/04\/DLH_05-150x150.jpg\" class=\"attachment-thumbnail size-thumbnail\" alt=\"\" \/><\/div><div class=\"lca_testimonial_box_text_wrapper\"  id=\"0d3a2d44bbcbbb6ef38003e5047254c9f2742e5b\"><div class=\"lca_testimonial_box_text\"><h2>Christian Vogt<\/h2><h3>Managing director DLH Real Estate Austria GmbH<\/h3><div class=\"lca_testimonial_button\">Details<\/div><\/div><\/div><div class=\"lca_testimonial_box_hidden_text\" id=\"element_0d3a2d44bbcbbb6ef38003e5047254c9f2742e5b\"><div class=\"content_testimonial\"><p>Temelj na\u0161ega poslovnega uspeha je za nas, kot razvijalca logisti\u010dnih nepremi\u010dnin, prepoznavanje logisti\u010dnih \u00bbvro\u010dih to\u010dk\u00ab za gradnjo visokokakovostnih pretovornih objektov, ki s tem ustvarijo ustrezno povpra\u0161evanje. Lokacija Villach-F\u00fcrnitz ima zaradi lege na Baltsko-Jadranski osi in obstoje\u010dim \u017eelezni\u0161kim vozli\u0161\u010dem velik potencial za prihodnost. Dodatna prednost je podpora \u00bbLCA\u00ab neposredno na kraju samem. Prepri\u010dani smo, da sodobne, trajnostno grajene logisti\u010dne nepremi\u010dnine nudijo tu zelo dobro osnovo za rast in s tem za dodatno gospodarsko okrepitev lokacije.<\/p>\n<\/div><\/div><\/div>[\/vc_column][\/vc_row][vc_row gap=&#8221;35&#8243;][vc_column width=&#8221;1\/2&#8243;]<div class=\"lca_testimonial_box\"><div class=\"lca_testimonial_box_image\" id=\"67ceec57ec09c085ebeed005749fc3cbcddf09c7\"><img loading=\"lazy\" decoding=\"async\" width=\"150\" height=\"150\" src=\"https:\/\/www.lca-sued.at\/wp-content\/uploads\/2023\/07\/Erik-Leiss-150x150.jpg\" class=\"attachment-thumbnail size-thumbnail\" alt=\"\" \/><\/div><div class=\"lca_testimonial_box_text_wrapper\"  id=\"67ceec57ec09c085ebeed005749fc3cbcddf09c7\"><div class=\"lca_testimonial_box_text\"><h2>Erik Leiss<\/h2><h3>Managing Director \u00d6sterreich DB Schenker<\/h3><div class=\"lca_testimonial_button\">Details<\/div><\/div><\/div><div class=\"lca_testimonial_box_hidden_text\" id=\"element_67ceec57ec09c085ebeed005749fc3cbcddf09c7\"><div class=\"content_testimonial\"><p>Zaradi odli\u010dne lokacije, dobrih povezav z \u017eelezni\u0161kim omre\u017ejem ter z osrednjimi avtocestami in jadranskimi pristani\u0161\u010di Koper\/Trst deluje terminal Villach S\u00fcd F\u00fcrnitz kot pomembno vozli\u0161\u010de v ju\u017eni Evropi za DB Schenker in ponuja vse predpogoje da na\u0161im strankam ponudimo najbolj\u0161e mo\u017ene storitve. Lokacija F\u00fcrnitz ima ogromen potencial in ponuja idealno izhodi\u0161\u010de in povezavo z vso Evropo za vse vrste transporta \u2013 bodisi \u017eelezni\u0161kega, cestnega in pomorskega, kar pomeni, da lahko na\u0161im strankam ponudimo u\u010dinkovitej\u0161e re\u0161itve na vseh transportnih poteh. Poleg najve\u010djega kontejnerskega terminala v ju\u017eni Avstriji ima lokacija tudi lastno carinarnico, neposredni tir in pretovorno mesto za te\u017eko blago, kar pomeni, da je mo\u017eno tudi optimalno zadovoljiti individualne potrebe.<\/p>\n<p>DB Schenker je na Koro\u0161kem aktiven \u017ee ve\u010d kot 100 let in vedno se nam je zdelo pomembno, da koro\u0161kemu gospodarstvu zagotovimo najhitrej\u0161e in najsodobnej\u0161e transportne re\u0161itve. Logisti\u010dni terminal F\u00fcrnitz bo to na najbolj\u0161i mo\u017eni na\u010din zagotavljal tudi v prihodnje.<\/p>\n<\/div><\/div><\/div>[\/vc_column][vc_column width=&#8221;1\/2&#8243;]<div class=\"lca_testimonial_box\"><div class=\"lca_testimonial_box_image\" id=\"42fc82b61fbbaa30c25baff45e962de0e4cc2fac\"><img loading=\"lazy\" decoding=\"async\" width=\"150\" height=\"150\" src=\"https:\/\/www.lca-sued.at\/wp-content\/uploads\/2023\/08\/meb19_2021-150x150.jpg\" class=\"attachment-thumbnail size-thumbnail\" alt=\"\" \/><\/div><div class=\"lca_testimonial_box_text_wrapper\"  id=\"42fc82b61fbbaa30c25baff45e962de0e4cc2fac\"><div class=\"lca_testimonial_box_text\"><h2>Markus Ebner, MSc<\/h2><h3>Managing Director | Gebr\u00fcder Weiss GmbH | Maria Saal<\/h3><div class=\"lca_testimonial_button\">Details<\/div><\/div><\/div><div class=\"lca_testimonial_box_hidden_text\" id=\"element_42fc82b61fbbaa30c25baff45e962de0e4cc2fac\"><div class=\"content_testimonial\"><p>Vsak dan uporabljamo terminal v Beljaku v interesu na\u0161ih strank, da poi\u0161\u010demo najbolj\u0161e mo\u017ene re\u0161itve za vse izzive vzdol\u017e dobavne verige na\u0161ih doma\u010dih in mednarodnih strank. Koro\u0161ka je izjemno privla\u010dna poslovna lokacija in postaja vse pomembnej\u0161a v tekmovanju za najbolj\u0161e poslovne lokacije. Hitri in enostavni uradni postopki, konstruktivno sodelovanje z ob\u010dinami in dr\u017eavo ter splo\u0161no okolje, v katerem \u0161e vedno velja moto \u00bbDelaj, kjer drugi hodijo na dopust\u00ab.<\/p>\n<p>F\u00fcrnitz in njegova infrastruktura je del Koro\u0161ke, katerega potencial je treba spodbujati in \u0161iriti. Gebr\u00fcder Weiss Koro\u0161ka zato podpira vse pobude za nadaljnjo \u0161iritev lokacije F\u00fcrnitz, pa tudi Koro\u0161ke nasploh kot poslovne lokacije, ter za usmerjanje pozornosti podjetij na veliko privla\u010dnost te regije.<\/p>\n<\/div><div class=\"content_company\"><h3>Firmenbeschreibung<\/h3>Gebr\u00fcder Weiss je verjetno najstarej\u0161e transportno podjetje na svetu in ima ve\u010d kot 500-letno zgodovino. Logisti\u010dno podjetje s polno storitvijo, ki je nastalo iz \u010dezalpske kurirske linije iz regije Bodenskega jezera v Milano (\u00bbMilan messenger\u00ab), zdaj deluje po vsem svetu. Poleg klasi\u010dnega kopenskega prometa (kamionskega in \u017eelezni\u0161kega) portfelj vklju\u010duje tudi letalski in pomorski promet ter individualne logisti\u010dne re\u0161itve za najrazli\u010dnej\u0161e panoge, od avtomobilske do visokotehnolo\u0161ke. Najsodobnej\u0161e tehnologije in tesno povezano omre\u017eje zagotavljajo enotne standarde kakovosti, bodisi v Evropi, Aziji ali \u010dez morje.<\/p>\n<p>Gebr\u00fcder Weiss ima podru\u017enico na Koro\u0161kem, Maria Saal, od leta 1992 in jo od takrat naprej razvija.<\/div><\/div><\/div>[\/vc_column][\/vc_row]<\/p>\n<\/div>","protected":false},"excerpt":{"rendered":"<p>[vc_row][vc_column][vc_column_text] Zgodbe o uspehu Koro\u0161ke kot logisti\u010dne lokacije: Vsako leto spremljamo podjetja in skrbimo, da je njihovo poslovanje dobro sprejeto, [&hellip;]<\/p>\n","protected":false},"author":1,"featured_media":0,"parent":0,"menu_order":0,"comment_status":"closed","ping_status":"closed","template":"","meta":{"_acf_changed":false,"footnotes":""},"class_list":["post-4997","page","type-page","status-publish","hentry"],"acf":[],"yoast_head":"<!-- This site is optimized with the Yoast SEO plugin v27.0 - https:\/\/yoast.com\/product\/yoast-seo-wordpress\/ -->\n<title>Zgodbe o uspehu - LCA SUED<\/title>\n<meta name=\"robots\" content=\"index, follow, max-snippet:-1, max-image-preview:large, max-video-preview:-1\" \/>\n<link rel=\"canonical\" href=\"https:\/\/www.lca-sued.at\/sl\/zgodbe-o-uspehu-2\/\" \/>\n<meta property=\"og:locale\" content=\"sl_SI\" \/>\n<meta property=\"og:type\" content=\"article\" \/>\n<meta property=\"og:title\" content=\"Zgodbe o uspehu - LCA SUED\" \/>\n<meta property=\"og:description\" content=\"[vc_row][vc_column][vc_column_text] Zgodbe o uspehu Koro\u0161ke kot logisti\u010dne lokacije: Vsako leto spremljamo podjetja in skrbimo, da je njihovo poslovanje dobro sprejeto, [&hellip;]\" \/>\n<meta property=\"og:url\" content=\"https:\/\/www.lca-sued.at\/sl\/zgodbe-o-uspehu-2\/\" \/>\n<meta property=\"og:site_name\" content=\"LCA SUED\" \/>\n<meta property=\"article:modified_time\" content=\"2023-09-06T11:56:28+00:00\" \/>\n<meta property=\"og:image\" content=\"https:\/\/www.lca-sued.at\/wp-content\/uploads\/2022\/02\/lca-slider-2022.jpg\" \/>\n\t<meta property=\"og:image:width\" content=\"1024\" \/>\n\t<meta property=\"og:image:height\" content=\"486\" \/>\n\t<meta property=\"og:image:type\" content=\"image\/jpeg\" \/>\n<meta name=\"twitter:card\" content=\"summary_large_image\" \/>\n<meta name=\"twitter:label1\" content=\"Est. reading time\" \/>\n\t<meta name=\"twitter:data1\" content=\"5 minut\" \/>\n<script type=\"application\/ld+json\" class=\"yoast-schema-graph\">{\"@context\":\"https:\/\/schema.org\",\"@graph\":[{\"@type\":\"WebPage\",\"@id\":\"https:\/\/www.lca-sued.at\/sl\/zgodbe-o-uspehu-2\/\",\"url\":\"https:\/\/www.lca-sued.at\/sl\/zgodbe-o-uspehu-2\/\",\"name\":\"Zgodbe o uspehu - LCA SUED\",\"isPartOf\":{\"@id\":\"https:\/\/www.lca-sued.at\/#website\"},\"datePublished\":\"2023-01-15T14:33:17+00:00\",\"dateModified\":\"2023-09-06T11:56:28+00:00\",\"breadcrumb\":{\"@id\":\"https:\/\/www.lca-sued.at\/sl\/zgodbe-o-uspehu-2\/#breadcrumb\"},\"inLanguage\":\"sl-SI\",\"potentialAction\":[{\"@type\":\"ReadAction\",\"target\":[\"https:\/\/www.lca-sued.at\/sl\/zgodbe-o-uspehu-2\/\"]}]},{\"@type\":\"BreadcrumbList\",\"@id\":\"https:\/\/www.lca-sued.at\/sl\/zgodbe-o-uspehu-2\/#breadcrumb\",\"itemListElement\":[{\"@type\":\"ListItem\",\"position\":1,\"name\":\"Startseite\",\"item\":\"https:\/\/www.lca-sued.at\/sl\/\"},{\"@type\":\"ListItem\",\"position\":2,\"name\":\"Zgodbe o uspehu\"}]},{\"@type\":\"WebSite\",\"@id\":\"https:\/\/www.lca-sued.at\/#website\",\"url\":\"https:\/\/www.lca-sued.at\/\",\"name\":\"LCA SUED\",\"description\":\"LCA SUED\",\"publisher\":{\"@id\":\"https:\/\/www.lca-sued.at\/#organization\"},\"potentialAction\":[{\"@type\":\"SearchAction\",\"target\":{\"@type\":\"EntryPoint\",\"urlTemplate\":\"https:\/\/www.lca-sued.at\/?s={search_term_string}\"},\"query-input\":{\"@type\":\"PropertyValueSpecification\",\"valueRequired\":true,\"valueName\":\"search_term_string\"}}],\"inLanguage\":\"sl-SI\"},{\"@type\":\"Organization\",\"@id\":\"https:\/\/www.lca-sued.at\/#organization\",\"name\":\"LCA SUED\",\"url\":\"https:\/\/www.lca-sued.at\/\",\"logo\":{\"@type\":\"ImageObject\",\"inLanguage\":\"sl-SI\",\"@id\":\"https:\/\/www.lca-sued.at\/#\/schema\/logo\/image\/\",\"url\":\"https:\/\/www.lca-sued.at\/wp-content\/uploads\/2017\/08\/lca_logo.png\",\"contentUrl\":\"https:\/\/www.lca-sued.at\/wp-content\/uploads\/2017\/08\/lca_logo.png\",\"width\":167,\"height\":108,\"caption\":\"LCA SUED\"},\"image\":{\"@id\":\"https:\/\/www.lca-sued.at\/#\/schema\/logo\/image\/\"},\"sameAs\":[\"https:\/\/www.linkedin.com\/company\/lca-south\/\"]}]}<\/script>\n<!-- \/ Yoast SEO plugin. -->","yoast_head_json":{"title":"Zgodbe o uspehu - LCA SUED","robots":{"index":"index","follow":"follow","max-snippet":"max-snippet:-1","max-image-preview":"max-image-preview:large","max-video-preview":"max-video-preview:-1"},"canonical":"https:\/\/www.lca-sued.at\/sl\/zgodbe-o-uspehu-2\/","og_locale":"sl_SI","og_type":"article","og_title":"Zgodbe o uspehu - LCA SUED","og_description":"[vc_row][vc_column][vc_column_text] Zgodbe o uspehu Koro\u0161ke kot logisti\u010dne lokacije: Vsako leto spremljamo podjetja in skrbimo, da je njihovo poslovanje dobro sprejeto, [&hellip;]","og_url":"https:\/\/www.lca-sued.at\/sl\/zgodbe-o-uspehu-2\/","og_site_name":"LCA SUED","article_modified_time":"2023-09-06T11:56:28+00:00","og_image":[{"width":1024,"height":486,"url":"https:\/\/www.lca-sued.at\/wp-content\/uploads\/2022\/02\/lca-slider-2022.jpg","type":"image\/jpeg"}],"twitter_card":"summary_large_image","twitter_misc":{"Est. reading time":"5 minut"},"schema":{"@context":"https:\/\/schema.org","@graph":[{"@type":"WebPage","@id":"https:\/\/www.lca-sued.at\/sl\/zgodbe-o-uspehu-2\/","url":"https:\/\/www.lca-sued.at\/sl\/zgodbe-o-uspehu-2\/","name":"Zgodbe o uspehu - LCA SUED","isPartOf":{"@id":"https:\/\/www.lca-sued.at\/#website"},"datePublished":"2023-01-15T14:33:17+00:00","dateModified":"2023-09-06T11:56:28+00:00","breadcrumb":{"@id":"https:\/\/www.lca-sued.at\/sl\/zgodbe-o-uspehu-2\/#breadcrumb"},"inLanguage":"sl-SI","potentialAction":[{"@type":"ReadAction","target":["https:\/\/www.lca-sued.at\/sl\/zgodbe-o-uspehu-2\/"]}]},{"@type":"BreadcrumbList","@id":"https:\/\/www.lca-sued.at\/sl\/zgodbe-o-uspehu-2\/#breadcrumb","itemListElement":[{"@type":"ListItem","position":1,"name":"Startseite","item":"https:\/\/www.lca-sued.at\/sl\/"},{"@type":"ListItem","position":2,"name":"Zgodbe o uspehu"}]},{"@type":"WebSite","@id":"https:\/\/www.lca-sued.at\/#website","url":"https:\/\/www.lca-sued.at\/","name":"LCA SUED","description":"LCA SUED","publisher":{"@id":"https:\/\/www.lca-sued.at\/#organization"},"potentialAction":[{"@type":"SearchAction","target":{"@type":"EntryPoint","urlTemplate":"https:\/\/www.lca-sued.at\/?s={search_term_string}"},"query-input":{"@type":"PropertyValueSpecification","valueRequired":true,"valueName":"search_term_string"}}],"inLanguage":"sl-SI"},{"@type":"Organization","@id":"https:\/\/www.lca-sued.at\/#organization","name":"LCA SUED","url":"https:\/\/www.lca-sued.at\/","logo":{"@type":"ImageObject","inLanguage":"sl-SI","@id":"https:\/\/www.lca-sued.at\/#\/schema\/logo\/image\/","url":"https:\/\/www.lca-sued.at\/wp-content\/uploads\/2017\/08\/lca_logo.png","contentUrl":"https:\/\/www.lca-sued.at\/wp-content\/uploads\/2017\/08\/lca_logo.png","width":167,"height":108,"caption":"LCA SUED"},"image":{"@id":"https:\/\/www.lca-sued.at\/#\/schema\/logo\/image\/"},"sameAs":["https:\/\/www.linkedin.com\/company\/lca-south\/"]}]}},"_links":{"self":[{"href":"https:\/\/www.lca-sued.at\/sl\/wp-json\/wp\/v2\/pages\/4997","targetHints":{"allow":["GET"]}}],"collection":[{"href":"https:\/\/www.lca-sued.at\/sl\/wp-json\/wp\/v2\/pages"}],"about":[{"href":"https:\/\/www.lca-sued.at\/sl\/wp-json\/wp\/v2\/types\/page"}],"author":[{"embeddable":true,"href":"https:\/\/www.lca-sued.at\/sl\/wp-json\/wp\/v2\/users\/1"}],"replies":[{"embeddable":true,"href":"https:\/\/www.lca-sued.at\/sl\/wp-json\/wp\/v2\/comments?post=4997"}],"version-history":[{"count":11,"href":"https:\/\/www.lca-sued.at\/sl\/wp-json\/wp\/v2\/pages\/4997\/revisions"}],"predecessor-version":[{"id":5648,"href":"https:\/\/www.lca-sued.at\/sl\/wp-json\/wp\/v2\/pages\/4997\/revisions\/5648"}],"wp:attachment":[{"href":"https:\/\/www.lca-sued.at\/sl\/wp-json\/wp\/v2\/media?parent=4997"}],"curies":[{"name":"wp","href":"https:\/\/api.w.org\/{rel}","templated":true}]}}