{"id":4916,"date":"2023-05-04T14:36:11","date_gmt":"2023-05-04T12:36:11","guid":{"rendered":"https:\/\/www.lca-sued.at\/?page_id=4916"},"modified":"2024-02-28T09:55:05","modified_gmt":"2024-02-28T08:55:05","slug":"storitve","status":"publish","type":"page","link":"https:\/\/www.lca-sued.at\/sl\/storitve\/","title":{"rendered":"Stortive"},"content":{"rendered":"<div class=\"wpb-content-wrapper\"><p>[vc_row css=&#8221;.vc_custom_1676378447858{padding-top: 30px !important;padding-bottom: 30px !important;background-image: url(https:\/\/www.lca-sued.at\/wp-content\/uploads\/2017\/08\/bg_logo.jpg?id=57) !important;background-position: center !important;background-repeat: no-repeat !important;background-size: cover !important;}&#8221; el_class=&#8221;padding_80px&#8221;][vc_column][vc_column_text]<\/p>\n<h2 style=\"text-align: center;\">Stortive<\/h2>\n<p>[\/vc_column_text][vc_row_inner gap=&#8221;35&#8243; css=&#8221;.vc_custom_1676378439175{padding-top: 10px !important;padding-right: 10px !important;padding-bottom: 10px !important;padding-left: 10px !important;}&#8221;][vc_column_inner width=&#8221;1\/2&#8243;][vc_column_text]Pravilna lokacija odlo\u010da o uspehu podjetja. Kot regionalna agencija za razvoj lokacije edinega logisti\u010dnega centra z mednarodno usmeritvijo v Koro\u0161ki, LCA-S\u00fcd, in kot agencija za kompetence za logisti\u010dno dr\u017eavo Koro\u0161ko, je LCA Logistik Center Austria S\u00fcd GmbH (LCAS) prvi kontaktni partner za doma\u010da in tuja podjetja, ki evalvirajo postavitev poslovanja v F\u00fcrnitzu oziroma na Koro\u0161kem &#8211; v primeru logistike in mobilnosti.<\/p>\n<p>Med celotnim procesom postavitve oziroma raz\u0161iritve poslovanja podjetja, start-upi, razvijalci nepremi\u010dnin in finan\u010dni investitorji prejmejo celovito podporo v smislu enotne agencije, od ideje projekta do uspe\u0161ne postavitve poslovanja, ki je brezpla\u010dna. \u017delimo si, da bi podjetjem vstop na ta trg omogo\u010dili \u010dim la\u017eje.<\/p>\n<p>Prav tako nadaljujemo s podporo podjetjem, ki so \u017ee tukaj postavila poslovanje, in skrbimo, da se ta podjetja \u0161e bolj anga\u017eirajo na lokaciji in izvajajo projekte raz\u0161iritve in sodelovanja.[\/vc_column_text][\/vc_column_inner][vc_column_inner width=&#8221;1\/2&#8243;][vc_column_text]Poleg tega smo prva kontakt to\u010dka za podjetja, ki \u017eelijo vklju\u010diti trajnostno naravnane strategije in vrednote v svojo poslovno strategijo ter evalvirati prehod na \u017eelezni\u0161ki tovorni transport.<\/p>\n<p>LCA Logistik Center Austria S\u00fcd GmbH nudi tudi prilagojeno storitev z online portalom za kariere, ki je na voljo vsem koro\u0161kim podjetjem brezpla\u010dno za objavo njihovih odprtih delovnih mest.<\/p>\n<p>Poleg dolgoletnih izku\u0161enj, temeljitega znanja trga in mo\u010dnih mre\u017e v razli\u010dnih panogah se LCAS pona\u0161a s odli\u010dno jezikovno sposobnostjo.<\/p>\n<p>Kot regionalna agencija za razvoj lokacije in kompeten\u010dni partner za logistiko in mobilnost Koro\u0161ke pomembno prispevamo k krepitev in nadaljnjemu razvoju logisti\u010dnega sredi\u0161\u010da Koro\u0161ke.<\/p>\n<p><strong>Glede na segment stranke so brezpla\u010dne storitve razdeljene v razli\u010dna podro\u010dja:<\/strong>[\/vc_column_text][\/vc_column_inner][\/vc_row_inner][\/vc_column][\/vc_row][vc_row][vc_column][vc_empty_space][\/vc_column][\/vc_row][vc_row][vc_column width=&#8221;1\/2&#8243;]<div class=\"lca_slide_box\"><div  id=\"c05ed52074ab6123bf23a6637ffa706c\" class=\"box_intro\"><h2>MEDNARODNA INVESTICIJSKA STORITEV<\/h2><p>LCA Logistik Center S\u00fcd GmbH (LCAS) podpira naseljevanje novih mednarodno delujo\u010dih logisti\u010dno usmerjenih podjetij in jih spremlja na strate\u0161ki ravni - strokovno in brezpla\u010dno. LCAS je prvi naslov za vse, ki \u017eelijo investirati na lokaciji F\u00fcrnitz.<\/p><span>ve\u010d<\/span><\/div><div class=\"lca_slide_box_text_wrapper element_c05ed52074ab6123bf23a6637ffa706c\"><div class=\"content_lca_slide_box\"><p>Obse\u017een in prilagojen spekter storitev je pomemben del kataloga storitev agencije za lokacijo. Razvijamo obratovalna obmo\u010dja, podpiramo pri iskanju lokacij in spremljamo podjetnike pri stikih z organi in postopki dovoljenj. Koordiniramo in podpiramo iskanje osebja ter izobra\u017eevanje obstoje\u010dih zaposlenih.<\/p>\n<p>Poskrbimo, da se podjetja pove\u017eejo s primernimi poslovnimi partnerji iz gospodarstva in raziskav ter podjetja svetujemo o mo\u017enih spodbudah in vpra\u0161anjih financiranja.<\/p>\n<p>Podrobnosti brezpla\u010dne mednarodne investicijske storitve vklju\u010dujejo naslednje storitve:<\/p>\n<ul>\n<li>Osebno spremljanje<\/li>\n<li>Gospodarski profil z lokacijskimi kazalniki in pomembnimi dokumenti za odlo\u010danje<\/li>\n<li>Iskanje in svetovanje o lokacijah<\/li>\n<li>Vzpostavljanje in posredovanje stikov z institucionalnimi ravnmi<\/li>\n<li>Pomo\u010d pri spodbudah (nacionalnih in mednarodnih) in financiranju<\/li>\n<li>Koordinacija stikov s ponudniki, svetovalci in drugimi pomembnimi lokacijskimi partnerji (TSA Terminal Villach S\u00fcd, Rail Cargo Austria itd.)<\/li>\n<li>Koordinacija postopkov dovoljenj<\/li>\n<li>Koordinacija HR aktivnosti (iskanje zaposlenih ali kvalifikacija obstoje\u010dih zaposlenih)<\/li>\n<li>Vklju\u010devanje v obstoje\u010da gospodarska omre\u017eja vklju\u010dno z dostopom do specifi\u010dnih panog in vodilnih logisti\u010dnih in mobilnostnih podjetij<\/li>\n<li>Vzpostavljanje stikov s potencialnimi poslovnimi partnerji<\/li>\n<li>U\u010dinkovita storitev po oskrbi z namenom ohranjanja in \u0161iritve delovnih mest (npr. \u0161iritve podjetja, projekti sodelovanja, dogodki itd.)<\/li>\n<li>Osebna storitev za selitev zaposlenih v upravni ravni: pomo\u010d pri iskanju zasebnega bivali\u0161\u010da, \u0161ol, vrtcev itd.<\/li>\n<\/ul>\n<p>In vse to v ve\u010d tujih jezikih. In brezpla\u010dno.<\/p>\n<p><strong>\u017delite neobvezno svetovanje? Prosimo, kontaktirajte na\u0161o odgovorno zaposleno osebo:<\/strong><\/p>\n<p>Mag. Natascha Zmerzlikar, MAS<\/p>\n<p>Mednarodna investitorska slu\u017eba<\/p>\n<p><a href=\"tel:004342572061013\">+43 4257-20610 13<\/a><br \/>\n<a href=\"mailto:zmerzlikar@lca-sued.at\">zmerzlikar@lca-sued.at<\/a><\/p>\n<\/div><\/div><\/div><div class=\"lca_slide_box\"><div  id=\"d438e787d9cfa2c7d4c74266dd28c566\" class=\"box_intro\"><h2>Prometne in logisti\u010dne storitve<\/h2><p>Funkcionirajo\u010da logistika je za podjetja nujna. Za stranke analiziramo procese, prika\u017eemo potenciale in pomagamo pri njihovi izrabi za \u0161e bolj u\u010dinkovite in trajnostne tokove blaga in materialov.<\/p><span>ve\u010d<\/span><\/div><div class=\"lca_slide_box_text_wrapper element_d438e787d9cfa2c7d4c74266dd28c566\"><div class=\"content_lca_slide_box\"><p>Pri tem se vedno bolj upo\u0161teva tudi okoljski vidik. V \u010dasu ogromnega prometa na cestah in vse huj\u0161ih podnebnih razmer je nujno preu\u010diti preusmeritev s cest na \u017eeleznice tudi v va\u0161em podjetju.<\/p>\n<p>Na\u0161e storitve na tem podro\u010dju vklju\u010dujejo:<\/p>\n<ul>\n<li>Analizo trenutne situacije v podjetju glede podatkov in procesov<\/li>\n<li>Na\u010drtovanje in optimizacija tokov materiala<\/li>\n<li>Identifikacijo potencialov za izbolj\u0161anje<\/li>\n<li>Izvedbo izbolj\u0161av s pomo\u010djo zunanjih partnerjev<\/li>\n<li>Vzpostavljanje stikov s Combi Cargo Terminal Villach S\u00fcd v F\u00fcrnitzu in RCA Rail Cargo Austria ter z zasebnimi \u017eelezni\u0161kimi podjetji za prilagojene ponudbe<\/li>\n<\/ul>\n<p>Vas zanima modalni razcep? Trajnostna slika? Potem nas kontaktirajte \u0161e danes! Z veseljem se bomo sestali z vami in skupaj ocenili, kako lahko \u0161e bolj zeleno organiziramo va\u0161e logisti\u010dne procese. Seveda brezpla\u010dno.<\/p>\n<p><strong>Va\u0161a kontaktna oseba:<\/strong><\/p>\n<p>Andreas Pichler<\/p>\n<p><a href=\"tel:0043425720610\">+43 4257- 20610<\/a><br \/>\n<a href=\"mailto:pichler@lca-sued.at\">pichler@lca-sued.at<\/a><\/p>\n<p>Veselimo se va\u0161ega stika.<\/p>\n<\/div><\/div><\/div>[\/vc_column][vc_column width=&#8221;1\/2&#8243;]<div class=\"lca_slide_box\"><div  id=\"28c4228a59847e63ade7a909b73a958a\" class=\"box_intro\"><h2>KORPORATIVNA RAZVOJNA STORITEV<\/h2><p>To je storitev za podjetja, ki so \u017ee naseljena v logisti\u010dnem centru F\u00fcrnitz. Konkretno ponujamo osebno svetovanje in podporo \u017ee naseljenim podjetjem ter prilagojene storitve za raz\u0161iritev v F\u00fcrnitz.<\/p><span>ve\u010d<\/span><\/div><div class=\"lca_slide_box_text_wrapper element_28c4228a59847e63ade7a909b73a958a\"><div class=\"content_lca_slide_box\"><p>Na\u0161a ponudba storitev na podro\u010dju &#8220;Korporativne razvojne storitve&#8221; vklju\u010duje naslednje storitve:<\/p>\n<ul>\n<li>Trenutni gospodarski, politi\u010dni in pravni pogoji na lokaciji<\/li>\n<li>Argumentacija in statisti\u010dni podatki za odlo\u010devalce pri na\u010drtovanju \u0161iritve<\/li>\n<li>Povratne informacije za politiko in vlado<\/li>\n<li>Skupaj z direktorji Koro\u0161kih podru\u017enic razvijamo strategije za uspe\u0161no rast in zavarovanje koro\u0161ke lokacije<\/li>\n<li>Stro\u0161ki (npr. pla\u010de in infrastrukturni stro\u0161ki)<\/li>\n<li>Usklajevanje spodbud in mo\u017enosti financiranja<\/li>\n<li>Usklajevanje kadrovskih dejavnosti (iskanje zaposlenih ali usposabljanje obstoje\u010dega osebja)<\/li>\n<li>Podpora pri izvajanju postopkov, kot so delovna dovoljenja, vizumi itd.<\/li>\n<li>Avstrijske dobaviteljske mo\u017enosti za koro\u0161ko lokacijo<\/li>\n<li>Stik s potencialnimi partnerji za sodelovanje<\/li>\n<li>Storitev selitve osebja: \u010ce je potrebno, nudimo podporo mened\u017eerjem pri osebnih zadevah, kot so iskanje stanovanja, \u0161ole, vrtci itd.<\/li>\n<\/ul>\n<p><strong>Ste prepri\u010dani? \u010ce ste \u017ee uveljavljeni v LCA-Jugu in \u017eelite neobvezno in brezpla\u010dno svetovanje, se obrnite na na\u0161o pristojno zaposleno osebo:<\/strong><\/p>\n<p>Mag. Natascha Zmerzlikar, MAS<\/p>\n<p>Mednarodna investicijska slu\u017eba<\/p>\n<p><a href=\"tel:004342572061013\">+43 4257-20610 13<\/a><br \/>\n<a href=\"mailto:zmerzlikar@lca-sued.at\">zmerzlikar@lca-sued.at<\/a><\/p>\n<\/div><\/div><\/div><div class=\"lca_slide_box\"><div  id=\"58d678a2fd1e22faae7d5d125e4e920a\" class=\"box_intro\"><h2>LOGISTI\u010cNI CENTER KARIJERA KORO\u0160KA<\/h2><p>Ni mogo\u010de zanikati, da je delujo\u010da dobavna veriga hrbtenica gospodarstva. Pomanjkanje strokovnjakov je zato postalo odlo\u010dilni izziv za gospodarstvo skoraj v vseh mestih in regijah, zlasti v tem sektorju.<\/p><span>ve\u010d<\/span><\/div><div class=\"lca_slide_box_text_wrapper element_58d678a2fd1e22faae7d5d125e4e920a\"><div class=\"content_lca_slide_box\"><p>Posamezna podjetja na veliko mestih tega problema ne morejo ve\u010d re\u0161iti samostojno. Potrebni so skupni in trajnostni napori. Mo\u010di, kompetence in viri morajo biti zdru\u017eeni, pobude pa povezane. Regije morajo vlagati v dobro tr\u017eenje strokovnjakov, da postanejo vidnej\u0161e za delodajalce, delavce in vlagatelje.<\/p>\n<p>Na\u0161e storitve na podro\u010dju zagotavljanja in privabljanja strokovnjakov so \u0161iroko zastopane in segajo od informacij o trenutnih tr\u017enih podatkih, regionalne zaposlitvene borze do kampanj in pobud za pridobivanje strokovnih delavcev doma in v tujini.<\/p>\n<p>Podpiramo podjetja pri iskanju doma\u010dih in mednarodnih strokovnjakov ter promoviramo delovno mesto F\u00fcrnitz | Koro\u0161ka tako doma kot v tujini. Na ta na\u010din postaja F\u00fcrnitz &#8211; in Koro\u0161ka kot celota &#8211; vidnej\u0161a med strokovnjaki in \u0161tudenti ter privla\u010dnej\u0161a kot ciljna regija.<\/p>\n<p>S svojimi projekti na podro\u010dju tr\u017eenja kadrov in strokovnjakov \u017eelimo predstaviti raznolik svet logistike in opozoriti na \u0161tevilne karierne mo\u017enosti v panogi, da bi se tako borili proti pomanjkanju vajencev in strokovnjakov ter spodbujali mo\u017enosti za nadaljnje izobra\u017eevanje v logistiki.<\/p>\n<p>Sem spada \u017ee implementiran Center za karierno logistiko v Koro\u0161ki (Logistics Career Center Carinthia), brezpla\u010dna spletna platforma za podjetja s podro\u010dja transporta|logistike, ki jo upravlja LCAS https:\/\/www.lca-sued.at\/jobs\/. Delodajalci imajo na tej platformi za delovna mesta in pripravni\u0161tva mo\u017enost brezpla\u010dne objave oglasov. \u0160tudentje, diplomanti ali &#8220;novinci&#8221; lahko na platformi i\u0161\u010dejo primerna delovna mesta. Ko najdejo ustrezno ponudbo, se lahko neposredno prijavijo pri podjetju. Platforma se mednarodno tr\u017ei prek dru\u017ebenih medijev LCAS in je namenjena predvsem sosednjim regijam v Alpe-Jadranu. Platforma naj bi se raz\u0161irila tudi na vpis iskalcev zaposlitve.<\/p>\n<p>LCAS v potrebnih primerih pomaga tudi pri zapletenem postopku vloge za rde\u010de-belo-rde\u010do karto. Idealno bi bilo, da se podjetja pred vlo\u017eitvijo vloge obrnejo na nas. Skupaj z vlagateljem pregledamo, ali je v konkretnem primeru vloga za RWR-karto obetavna. Nato pomagamo pri formalnostih, preverimo, ali so vsi dokumenti popolni, in smo pri izpolnjevanju obrazcev vedno na voljo. Pri tej kompleksni zadevi tesno sodelujemo z AMS (sl. Zavod za zaposlovanje) in organom za prebivanje v Koro\u0161ki.<\/p>\n<p>LCAS organizira tudi prilagojene te\u010daje in usposabljanja v sodelovanju z zunanjimi izobra\u017eevalnimi ustanovami, med drugim BFI K\u00e4rnten in WIFI K\u00e4rnten. Poudarek je na te\u010dajih, seminarjih in programih, ki se osredoto\u010dajo na delo in so izvajani tudi s strani strokovnjakov s podro\u010dja skladi\u0161\u010denja, logistike, izvoza, \u0161pedicije, transporta, digitalizacije in trajnosti.<\/p>\n<p>Poudarek je na prakti\u010dno orientiranih seminarjih, ki ponujajo dobro kombinacijo temeljite teorije in izku\u0161enj iz prakse. Cilj je, da se udele\u017eencem seminarjev zagotovijo konkretni nasveti za uresni\u010ditev in primere najbolj\u0161ih praks, ki jih lahko uporabijo v svojem delovnem okolju, in s tem zagotovijo, da bodo v podjetjih izpolnjeni potrebni zahtevi.<\/p>\n<p>Izobra\u017eevanja potekajo kot prisotnostni seminarji v zunanjih izobra\u017eevalnih centrih, v prostorih LCAS ali \u00d6BB ter notranja izobra\u017eevanja po potrebi podjetij &#8211; v primeru potrebe (pandemija, logisti\u010dni razlogi) so izobra\u017eevalne dejavnosti na voljo tudi kot spletne ali hibridne prireditve.<\/p>\n<p>V izbranih ciljnih trgih v tujini in doma (npr. BeSt) aktivno predstavlja LCAS koro\u0161ki logisti\u010dni kraj kot prihodnjo regijo za \u017eivljenje in delo ter podpira krajevna podjetja pri iskanju delovne sile in \u0161tudentov na nacionalni in mednarodni ravni.<\/p>\n<p>Imate potrebo po zaposlovanju za va\u0161e Koro\u0161ko podjetje na podro\u010dju logistike in mobilnosti? \u017delite, da se iskanje \u010dim bolj raz\u0161iri, tako na doma\u010dih kot tujih trgih?<\/p>\n<p>I\u0161\u010dete zanimive in po potrebi prilagojene programe usposabljanja za va\u0161e obstoje\u010de osebje?<\/p>\n<p>Ali ste usposobljeni trener za dolo\u010deno podro\u010dje logistike in mobilnosti ter \u017eelite ponuditi te\u010daj ali seminar prek LCA-S\u00fcd?<\/p>\n<p><strong>Potem nas kontaktirajte takoj! Z veseljem vam bomo pomagali &#8211; brezpla\u010dno in strokovno.<\/strong><\/p>\n<p>Mag. Natascha Zmerzlikar, MAS<\/p>\n<p>Mednarodna investicijska storitev | Tr\u017eenje lokacije<\/p>\n<p><a href=\"tel:004342572061013\">+43 4257 20610 13<\/a><br \/>\n<a href=\"mailto:zmerzlikar@lca-sued.at\">zmerzlikar@lca-sued.at<\/a><\/p>\n<\/div><\/div><\/div>[\/vc_column][\/vc_row][vc_row][vc_column]<div class=\"lca_slide_box\"><div  id=\"cec1d6ce88bcca888360a01df8174ac4\" class=\"box_intro\"><h2>STORITEV ZA FINAN\u010cNE INVESTITORJE<\/h2><p>Medtem ko se je v preteklosti logisti\u010dnim nepremi\u010dninam pogosto pripisoval majhen pomen, ta nepremi\u010dninski fokus postaja vse bolj pomemben v \u010dasu e-trgovine, zadnjega kilometra in mestne logistike. Pomembna je tudi prava lokacija.<\/p><span>ve\u010d<\/span><\/div><div class=\"lca_slide_box_text_wrapper element_cec1d6ce88bcca888360a01df8174ac4\"><div class=\"content_lca_slide_box\"><p>Kot regionalna lokacijska agencija Logistik Center Austria S\u00fcd, kraj\u0161e LCA-S\u00fcd, in kompeten\u010dni partner za logistiko na Koro\u0161kem se vidimo kot stik za najemnike, pa tudi za mednarodne najemodajalce, gradbenike in investitorje. Z na\u0161o mednarodno mre\u017eo in lokalnim strokovnim znanjem nudimo celovito strate\u0161ko svetovanje in re\u0161itve za vse, kar je povezano z logisti\u010dnimi nepremi\u010dninami.<\/p>\n<p>Kot lokacijska agencija logisti\u010dnega sredi\u0161\u010da F\u00fcrnitz ima LCAS dober pregled nad poslovnimi prostori in poslovnimi nepremi\u010dninami v F\u00fcrnitzu in na Koro\u0161kem. Zato vas podpiramo s celovito brezpla\u010dno storitvijo:<\/p>\n<ul>\n<li>Iskanje\/analiza lokacije<\/li>\n<li>Posredovanje skladi\u0161\u010dnih, industrijskih in logisti\u010dnih povr\u0161in na lokaciji<\/li>\n<li>Posredovanje poslovnih in industrijskih nepremi\u010dnin na lokaciji<\/li>\n<li>Koordinacija vseh mediacijskih aktivnosti<\/li>\n<li>Pomo\u010d pri pogodbenih pogajanjih<\/li>\n<li>Koordinacija in spremljanje postopkov odobritve<\/li>\n<li>Strate\u0161ko svetovanje in priprava objektivnih podlag za odlo\u010danje<\/li>\n<li>Koordinacija in prvo svetovanje na podro\u010dju subvencioniranja in financiranja<\/li>\n<li>Izvajanje marketin\u0161kih aktivnosti tudi preko lastnih prodajnih in komunikacijskih kanalov<\/li>\n<li>Pomo\u010d pri iskanju potencialnih najemnikov\/uporabnikov<\/li>\n<\/ul>\n<p><strong>Vas zanima razvoj logisti\u010dne nepremi\u010dnine v logisti\u010dnem sredi\u0161\u010du F\u00fcrnitz? Potem stopite v stik z nami takoj:<\/strong><\/p>\n<p>Natascha Zmerzlikar, MAS<\/p>\n<p>International Investors Service<\/p>\n<p><a href=\"tel:0043425720610\">+43-4257-20610<\/a><br \/>\n<a href=\"mailto:zmerzlikar@lca-sued.at\">zmerzlikar@lca-sued.at<\/a><\/p>\n<p>Veselimo se va\u0161ega kontakta!<\/p>\n<\/div><\/div><\/div>[\/vc_column][\/vc_row]<\/p>\n<\/div>","protected":false},"excerpt":{"rendered":"<p>[vc_row css=&#8221;.vc_custom_1676378447858{padding-top: 30px !important;padding-bottom: 30px !important;background-image: url(https:\/\/www.lca-sued.at\/wp-content\/uploads\/2017\/08\/bg_logo.jpg?id=57) !important;background-position: center !important;background-repeat: no-repeat !important;background-size: cover !important;}&#8221; el_class=&#8221;padding_80px&#8221;][vc_column][vc_column_text] Stortive [\/vc_column_text][vc_row_inner gap=&#8221;35&#8243; css=&#8221;.vc_custom_1676378439175{padding-top: 10px [&hellip;]<\/p>\n","protected":false},"author":1,"featured_media":0,"parent":0,"menu_order":0,"comment_status":"closed","ping_status":"closed","template":"","meta":{"_acf_changed":false,"footnotes":""},"class_list":["post-4916","page","type-page","status-publish","hentry"],"acf":[],"yoast_head":"<!-- This site is optimized with the Yoast SEO plugin v27.0 - https:\/\/yoast.com\/product\/yoast-seo-wordpress\/ -->\n<title>Stortive - LCA SUED<\/title>\n<meta name=\"robots\" content=\"index, follow, max-snippet:-1, max-image-preview:large, max-video-preview:-1\" \/>\n<link rel=\"canonical\" href=\"https:\/\/www.lca-sued.at\/sl\/storitve\/\" \/>\n<meta property=\"og:locale\" content=\"sl_SI\" \/>\n<meta property=\"og:type\" content=\"article\" \/>\n<meta property=\"og:title\" content=\"Stortive - LCA SUED\" \/>\n<meta property=\"og:description\" content=\"[vc_row css=&#8221;.vc_custom_1676378447858{padding-top: 30px !important;padding-bottom: 30px !important;background-image: url(https:\/\/www.lca-sued.at\/wp-content\/uploads\/2017\/08\/bg_logo.jpg?id=57) !important;background-position: center !important;background-repeat: no-repeat !important;background-size: cover !important;}&#8221; el_class=&#8221;padding_80px&#8221;][vc_column][vc_column_text] Stortive [\/vc_column_text][vc_row_inner gap=&#8221;35&#8243; css=&#8221;.vc_custom_1676378439175{padding-top: 10px [&hellip;]\" \/>\n<meta property=\"og:url\" content=\"https:\/\/www.lca-sued.at\/sl\/storitve\/\" \/>\n<meta property=\"og:site_name\" content=\"LCA SUED\" \/>\n<meta property=\"article:modified_time\" content=\"2024-02-28T08:55:05+00:00\" \/>\n<meta property=\"og:image\" content=\"https:\/\/www.lca-sued.at\/wp-content\/uploads\/2022\/02\/lca-slider-2022.jpg\" \/>\n\t<meta property=\"og:image:width\" content=\"1024\" \/>\n\t<meta property=\"og:image:height\" content=\"486\" \/>\n\t<meta property=\"og:image:type\" content=\"image\/jpeg\" \/>\n<meta name=\"twitter:card\" content=\"summary_large_image\" \/>\n<meta name=\"twitter:label1\" content=\"Est. reading time\" \/>\n\t<meta name=\"twitter:data1\" content=\"10 minut\" \/>\n<script type=\"application\/ld+json\" class=\"yoast-schema-graph\">{\"@context\":\"https:\/\/schema.org\",\"@graph\":[{\"@type\":\"WebPage\",\"@id\":\"https:\/\/www.lca-sued.at\/sl\/storitve\/\",\"url\":\"https:\/\/www.lca-sued.at\/sl\/storitve\/\",\"name\":\"Stortive - LCA SUED\",\"isPartOf\":{\"@id\":\"https:\/\/www.lca-sued.at\/#website\"},\"datePublished\":\"2023-05-04T12:36:11+00:00\",\"dateModified\":\"2024-02-28T08:55:05+00:00\",\"breadcrumb\":{\"@id\":\"https:\/\/www.lca-sued.at\/sl\/storitve\/#breadcrumb\"},\"inLanguage\":\"sl-SI\",\"potentialAction\":[{\"@type\":\"ReadAction\",\"target\":[\"https:\/\/www.lca-sued.at\/sl\/storitve\/\"]}]},{\"@type\":\"BreadcrumbList\",\"@id\":\"https:\/\/www.lca-sued.at\/sl\/storitve\/#breadcrumb\",\"itemListElement\":[{\"@type\":\"ListItem\",\"position\":1,\"name\":\"Startseite\",\"item\":\"https:\/\/www.lca-sued.at\/sl\/\"},{\"@type\":\"ListItem\",\"position\":2,\"name\":\"Stortive\"}]},{\"@type\":\"WebSite\",\"@id\":\"https:\/\/www.lca-sued.at\/#website\",\"url\":\"https:\/\/www.lca-sued.at\/\",\"name\":\"LCA SUED\",\"description\":\"LCA SUED\",\"publisher\":{\"@id\":\"https:\/\/www.lca-sued.at\/#organization\"},\"potentialAction\":[{\"@type\":\"SearchAction\",\"target\":{\"@type\":\"EntryPoint\",\"urlTemplate\":\"https:\/\/www.lca-sued.at\/?s={search_term_string}\"},\"query-input\":{\"@type\":\"PropertyValueSpecification\",\"valueRequired\":true,\"valueName\":\"search_term_string\"}}],\"inLanguage\":\"sl-SI\"},{\"@type\":\"Organization\",\"@id\":\"https:\/\/www.lca-sued.at\/#organization\",\"name\":\"LCA SUED\",\"url\":\"https:\/\/www.lca-sued.at\/\",\"logo\":{\"@type\":\"ImageObject\",\"inLanguage\":\"sl-SI\",\"@id\":\"https:\/\/www.lca-sued.at\/#\/schema\/logo\/image\/\",\"url\":\"https:\/\/www.lca-sued.at\/wp-content\/uploads\/2017\/08\/lca_logo.png\",\"contentUrl\":\"https:\/\/www.lca-sued.at\/wp-content\/uploads\/2017\/08\/lca_logo.png\",\"width\":167,\"height\":108,\"caption\":\"LCA SUED\"},\"image\":{\"@id\":\"https:\/\/www.lca-sued.at\/#\/schema\/logo\/image\/\"},\"sameAs\":[\"https:\/\/www.linkedin.com\/company\/lca-south\/\"]}]}<\/script>\n<!-- \/ Yoast SEO plugin. -->","yoast_head_json":{"title":"Stortive - LCA SUED","robots":{"index":"index","follow":"follow","max-snippet":"max-snippet:-1","max-image-preview":"max-image-preview:large","max-video-preview":"max-video-preview:-1"},"canonical":"https:\/\/www.lca-sued.at\/sl\/storitve\/","og_locale":"sl_SI","og_type":"article","og_title":"Stortive - LCA SUED","og_description":"[vc_row css=&#8221;.vc_custom_1676378447858{padding-top: 30px !important;padding-bottom: 30px !important;background-image: url(https:\/\/www.lca-sued.at\/wp-content\/uploads\/2017\/08\/bg_logo.jpg?id=57) !important;background-position: center !important;background-repeat: no-repeat !important;background-size: cover !important;}&#8221; el_class=&#8221;padding_80px&#8221;][vc_column][vc_column_text] Stortive [\/vc_column_text][vc_row_inner gap=&#8221;35&#8243; css=&#8221;.vc_custom_1676378439175{padding-top: 10px [&hellip;]","og_url":"https:\/\/www.lca-sued.at\/sl\/storitve\/","og_site_name":"LCA SUED","article_modified_time":"2024-02-28T08:55:05+00:00","og_image":[{"width":1024,"height":486,"url":"https:\/\/www.lca-sued.at\/wp-content\/uploads\/2022\/02\/lca-slider-2022.jpg","type":"image\/jpeg"}],"twitter_card":"summary_large_image","twitter_misc":{"Est. reading time":"10 minut"},"schema":{"@context":"https:\/\/schema.org","@graph":[{"@type":"WebPage","@id":"https:\/\/www.lca-sued.at\/sl\/storitve\/","url":"https:\/\/www.lca-sued.at\/sl\/storitve\/","name":"Stortive - LCA SUED","isPartOf":{"@id":"https:\/\/www.lca-sued.at\/#website"},"datePublished":"2023-05-04T12:36:11+00:00","dateModified":"2024-02-28T08:55:05+00:00","breadcrumb":{"@id":"https:\/\/www.lca-sued.at\/sl\/storitve\/#breadcrumb"},"inLanguage":"sl-SI","potentialAction":[{"@type":"ReadAction","target":["https:\/\/www.lca-sued.at\/sl\/storitve\/"]}]},{"@type":"BreadcrumbList","@id":"https:\/\/www.lca-sued.at\/sl\/storitve\/#breadcrumb","itemListElement":[{"@type":"ListItem","position":1,"name":"Startseite","item":"https:\/\/www.lca-sued.at\/sl\/"},{"@type":"ListItem","position":2,"name":"Stortive"}]},{"@type":"WebSite","@id":"https:\/\/www.lca-sued.at\/#website","url":"https:\/\/www.lca-sued.at\/","name":"LCA SUED","description":"LCA SUED","publisher":{"@id":"https:\/\/www.lca-sued.at\/#organization"},"potentialAction":[{"@type":"SearchAction","target":{"@type":"EntryPoint","urlTemplate":"https:\/\/www.lca-sued.at\/?s={search_term_string}"},"query-input":{"@type":"PropertyValueSpecification","valueRequired":true,"valueName":"search_term_string"}}],"inLanguage":"sl-SI"},{"@type":"Organization","@id":"https:\/\/www.lca-sued.at\/#organization","name":"LCA SUED","url":"https:\/\/www.lca-sued.at\/","logo":{"@type":"ImageObject","inLanguage":"sl-SI","@id":"https:\/\/www.lca-sued.at\/#\/schema\/logo\/image\/","url":"https:\/\/www.lca-sued.at\/wp-content\/uploads\/2017\/08\/lca_logo.png","contentUrl":"https:\/\/www.lca-sued.at\/wp-content\/uploads\/2017\/08\/lca_logo.png","width":167,"height":108,"caption":"LCA SUED"},"image":{"@id":"https:\/\/www.lca-sued.at\/#\/schema\/logo\/image\/"},"sameAs":["https:\/\/www.linkedin.com\/company\/lca-south\/"]}]}},"_links":{"self":[{"href":"https:\/\/www.lca-sued.at\/sl\/wp-json\/wp\/v2\/pages\/4916","targetHints":{"allow":["GET"]}}],"collection":[{"href":"https:\/\/www.lca-sued.at\/sl\/wp-json\/wp\/v2\/pages"}],"about":[{"href":"https:\/\/www.lca-sued.at\/sl\/wp-json\/wp\/v2\/types\/page"}],"author":[{"embeddable":true,"href":"https:\/\/www.lca-sued.at\/sl\/wp-json\/wp\/v2\/users\/1"}],"replies":[{"embeddable":true,"href":"https:\/\/www.lca-sued.at\/sl\/wp-json\/wp\/v2\/comments?post=4916"}],"version-history":[{"count":8,"href":"https:\/\/www.lca-sued.at\/sl\/wp-json\/wp\/v2\/pages\/4916\/revisions"}],"predecessor-version":[{"id":6060,"href":"https:\/\/www.lca-sued.at\/sl\/wp-json\/wp\/v2\/pages\/4916\/revisions\/6060"}],"wp:attachment":[{"href":"https:\/\/www.lca-sued.at\/sl\/wp-json\/wp\/v2\/media?parent=4916"}],"curies":[{"name":"wp","href":"https:\/\/api.w.org\/{rel}","templated":true}]}}