{"id":4888,"date":"2023-05-04T13:56:39","date_gmt":"2023-05-04T11:56:39","guid":{"rendered":"https:\/\/www.lca-sued.at\/?page_id=4888"},"modified":"2023-05-19T11:32:26","modified_gmt":"2023-05-19T09:32:26","slug":"zakaj-fuernitz","status":"publish","type":"page","link":"https:\/\/www.lca-sued.at\/sl\/lokacija\/zakaj-fuernitz\/","title":{"rendered":"Zakaj F\u00fcrnitz"},"content":{"rendered":"<div class=\"wpb-content-wrapper\"><p>[vc_row css=&#8221;.vc_custom_1676378447858{padding-top: 30px !important;padding-bottom: 30px !important;background-image: url(https:\/\/www.lca-sued.at\/wp-content\/uploads\/2017\/08\/bg_logo.jpg?id=57) !important;background-position: center !important;background-repeat: no-repeat !important;background-size: cover !important;}&#8221; el_class=&#8221;padding_80px&#8221;][vc_column][vc_column_text]<\/p>\n<h2 style=\"text-align: center;\">Zakaj F\u00fcrnitz<\/h2>\n<p>[\/vc_column_text][vc_row_inner gap=&#8221;35&#8243; css=&#8221;.vc_custom_1676378439175{padding-top: 10px !important;padding-right: 10px !important;padding-bottom: 10px !important;padding-left: 10px !important;}&#8221;][vc_column_inner width=&#8221;1\/2&#8243;][vc_column_text]U\u010dinkovita logistika je veliko ve\u010d kot le dostava pravih izdelkov na pravi \u010das na pravo mesto. Logistika je panoga, v kateri se vse vrti okoli gibanja, hitrosti in optimizacije. Z optimiziranimi tokovi blaga in individualnimi transportnimi koncepti se Logisti\u010dni center Avstrija JZ spopada z nara\u0161\u010dajo\u010dimi zahtevami na\u0161ega \u010dasa po hitrosti, prilagodljivosti, varnosti, kakovosti in trajnosti, \u0161e posebej pa z zanesljivostjo.<\/p>\n<p>Osrednja lokacija v Evropi, zgodovinska mostna funkcija vzhodne in jugovzhodne Evrope ter sodobna infrastruktura Avstrijo in zvezno de\u017eelo Koro\u0161ko uvr\u0161\u010dajo med pomembne logisti\u010dne lokacije. Pomembnost Avstrije kot logisti\u010dne lokacije presega nacionalne meje. Tudi \u0161tevilna mednarodna podjetja so \u017ee prepoznala potencial in izbrala Avstrijo in Koro\u0161ko kot distribucijsko sredi\u0161\u010de ali lokacijo podjetja. Odli\u010dna geografska lega omogo\u010da Koro\u0161ki, da deluje kot vozli\u0161\u010de med vzhodom in zahodom ter med severom in jugom v mednarodnem blagovnem prometu.<\/p>\n<p>Pravilna lokacija je klju\u010dna za uspeh podjetja. Kot regionalna agencija za lokacije edinega logisti\u010dnega centra z mednarodno usmeritvijo v Koro\u0161ki, LCA-S\u00fcd, in kompeten\u010dna agencija za logisti\u010dno de\u017eelo Koro\u0161ko je Logisti\u010dni center Avstrija JZ GmbH (LCAS) prvi stik za doma\u010da in tuja podjetja, ki ovrednotijo naselitev v F\u00fcrnitzu ali na Koro\u0161kem &#8211; v zadnjem primeru na podro\u010dju logistike in mobilnosti.[\/vc_column_text][\/vc_column_inner][vc_column_inner width=&#8221;1\/2&#8243;][vc_column_text]Podjetja, start-upi, razvijalci nepremi\u010dnin in finan\u010dni vlagatelji bodo v celotnem postopku naseljevanja ali \u0161iritve celovito in strokovno podprti v smislu agencije za enotno to\u010dko in brezpla\u010dno spremljani od ideje projekta do uspe\u0161ne naselitve obrata. \u017delimo, da bi bilo podjetjem vstop tukaj \u010dim la\u017eji.<\/p>\n<p>Prav tako bomo \u0161e naprej skrbeli za \u017ee naseljena podjetja in poskrbeli, da se bodo ta podjetja \u0161e bolj vklju\u010dila v lokacijo in izvajala projekte \u0161iritve in sodelovanja.<\/p>\n<p>Logisti\u010dni center se nahaja v neposredni bli\u017eini Beljaka in je na kri\u017ei\u0161\u010du Baltsko-jadranskega koridorja in Alp-zahodnobalkanskega koridorja, sredi\u0161\u010dnega koridorja za promet.[\/vc_column_text][\/vc_column_inner][\/vc_row_inner][\/vc_column][\/vc_row][vc_row][vc_column][vc_empty_space][vc_video link=&#8221;https:\/\/vimeo.com\/817221540&#8243;][vc_empty_space][\/vc_column][\/vc_row][vc_row el_class=&#8221;padding_80px&#8221;][vc_column][vc_column_text]<\/p>\n<h2><strong>Prednosti na enem mestu<\/strong><\/h2>\n<p>[\/vc_column_text][\/vc_column][\/vc_row][vc_row css=&#8221;.vc_custom_1668410497873{padding-top: 30px !important;padding-bottom: 30px !important;}&#8221; el_class=&#8221;padding_80px&#8221;][vc_column width=&#8221;1\/2&#8243;][vc_column_text]<\/p>\n<h3>LOGISTI\u010cNO SREDI\u0160\u010cE KORO\u0160KA<\/h3>\n<ul>\n<li>politi\u010dna in socialna stabilnost z nizko stopnjo kriminalitete<\/li>\n<li>prijazni podjetni\u0161ki pogoji<\/li>\n<li>zagotovljena oskrba z energijo in konkuren\u010dne cene industrijskega elektri\u010dnega toka<\/li>\n<li>popolnoma opremljene industrijske in obrtni\u0161ke povr\u0161ine na najbolj\u0161i lokaciji in po privla\u010dnih cenah<\/li>\n<li>(visoko)kvalificirani zaposleni, praksa usmerjeno izobra\u017eevanje<\/li>\n<li>internacionalna \u0161ola<\/li>\n<li>odli\u010dna jezikovna sposobnost (med drugim angle\u0161\u010dina, italijan\u0161\u010dina, sloven\u0161\u010dina)<\/li>\n<li>vi\u0161ja delovna produktivnost in motivacija ob zmernih stro\u0161kih delovne sile<\/li>\n<li>prilagodljivi modeli delovnega prava in nizka stopnja stavk<\/li>\n<\/ul>\n<p>[\/vc_column_text][\/vc_column][vc_column width=&#8221;1\/2&#8243;][vc_column_text]<\/p>\n<h3>LOGISTI\u010cNO SREDI\u0160\u010cE F\u00dcRNITZ<\/h3>\n<ul>\n<li>logisti\u010dno in gospodarsko vozli\u0161\u010de v alpsko-jadranskem prostoru<\/li>\n<li>evropski \u017eelezni\u0161ki carinski koridor med pristani\u0161\u010dem Trst in logisti\u010dnim sredi\u0161\u010dem LCA-Ju\u017ena F\u00fcritz<\/li>\n<li>internacionalna dostopnost preko letali\u0161\u010d in pristani\u0161\u010d v bli\u017enji okolici:\n<ul>\n<li>letali\u0161\u010de Celovec, 45 km<\/li>\n<li>letali\u0161\u010de Gradec, 120 km<\/li>\n<li>letali\u0161\u010de Ljubljana (Slovenija), 80 km<\/li>\n<li>avtocestno kri\u017ei\u0161\u010de Beljak (Italija, Slovenija, Nem\u010dija, Dunaj), 0,5 km<\/li>\n<\/ul>\n<\/li>\n<li>optimalna povezava z jadranskimi pristani\u0161\u010di Trst, Benetke, Ravenna, Koper in Reka (najkraj\u0161a razdalja med zahodno Evropo in Azijo)<\/li>\n<li>na sti\u010di\u0161\u010du alpsko-zahodnobalkanskega koridorja, baltsko-jadranske osi in ju\u017enonem\u0161kega gospodarskega obmo\u010dja<\/li>\n<li>optimalna povezava tudi s proizvodnimi regijami vzhodne Evrope<\/li>\n<li>intermodalni terminal infrastrukture \u00d6BB<\/li>\n<li>veliko \u017eelezni\u0161ko postajali\u0161\u010de infrastrukture \u00d6BB<\/li>\n<\/ul>\n<p>[\/vc_column_text][\/vc_column][\/vc_row][vc_row css=&#8221;.vc_custom_1503235645438{padding-right: 80px !important;padding-left: 80px !important;}&#8221;][vc_column][vc_separator color=&#8221;custom&#8221; accent_color=&#8221;#009adf&#8221;][\/vc_column][\/vc_row][vc_row el_class=&#8221;padding_80px&#8221;][vc_column][vc_column_text]Zainteresirani? Veselimo se va\u0161ega kontakta in vam bomo z veseljem pomagali pri va\u0161em projektu: <a href=\"mailto:office@lca-sued.at\">office@lca-sued.at<\/a>[\/vc_column_text][vc_single_image image=&#8221;4191&#8243; img_size=&#8221;large&#8221; alignment=&#8221;center&#8221; style=&#8221;vc_box_rounded&#8221;][vc_column_text]Foto: \u00d6BB|Hofmann[\/vc_column_text][\/vc_column][\/vc_row]<\/p>\n<\/div>","protected":false},"excerpt":{"rendered":"<p>[vc_row css=&#8221;.vc_custom_1676378447858{padding-top: 30px !important;padding-bottom: 30px !important;background-image: url(https:\/\/www.lca-sued.at\/wp-content\/uploads\/2017\/08\/bg_logo.jpg?id=57) !important;background-position: center !important;background-repeat: no-repeat !important;background-size: cover !important;}&#8221; el_class=&#8221;padding_80px&#8221;][vc_column][vc_column_text] Zakaj F\u00fcrnitz [\/vc_column_text][vc_row_inner gap=&#8221;35&#8243; css=&#8221;.vc_custom_1676378439175{padding-top: [&hellip;]<\/p>\n","protected":false},"author":1,"featured_media":0,"parent":2191,"menu_order":0,"comment_status":"closed","ping_status":"closed","template":"","meta":{"_acf_changed":false,"footnotes":""},"class_list":["post-4888","page","type-page","status-publish","hentry"],"acf":[],"yoast_head":"<!-- This site is optimized with the Yoast SEO plugin v27.0 - https:\/\/yoast.com\/product\/yoast-seo-wordpress\/ -->\n<title>Zakaj F\u00fcrnitz - LCA SUED<\/title>\n<meta name=\"robots\" content=\"index, follow, max-snippet:-1, max-image-preview:large, max-video-preview:-1\" \/>\n<link rel=\"canonical\" href=\"https:\/\/www.lca-sued.at\/sl\/lokacija\/zakaj-fuernitz\/\" \/>\n<meta property=\"og:locale\" content=\"sl_SI\" \/>\n<meta property=\"og:type\" content=\"article\" \/>\n<meta property=\"og:title\" content=\"Zakaj F\u00fcrnitz - LCA SUED\" \/>\n<meta property=\"og:description\" content=\"[vc_row css=&#8221;.vc_custom_1676378447858{padding-top: 30px !important;padding-bottom: 30px !important;background-image: url(https:\/\/www.lca-sued.at\/wp-content\/uploads\/2017\/08\/bg_logo.jpg?id=57) !important;background-position: center !important;background-repeat: no-repeat !important;background-size: cover !important;}&#8221; el_class=&#8221;padding_80px&#8221;][vc_column][vc_column_text] Zakaj F\u00fcrnitz [\/vc_column_text][vc_row_inner gap=&#8221;35&#8243; css=&#8221;.vc_custom_1676378439175{padding-top: [&hellip;]\" \/>\n<meta property=\"og:url\" content=\"https:\/\/www.lca-sued.at\/sl\/lokacija\/zakaj-fuernitz\/\" \/>\n<meta property=\"og:site_name\" content=\"LCA SUED\" \/>\n<meta property=\"article:modified_time\" content=\"2023-05-19T09:32:26+00:00\" \/>\n<meta property=\"og:image\" content=\"https:\/\/www.lca-sued.at\/wp-content\/uploads\/2022\/02\/lca-slider-2022.jpg\" \/>\n\t<meta property=\"og:image:width\" content=\"1024\" \/>\n\t<meta property=\"og:image:height\" content=\"486\" \/>\n\t<meta property=\"og:image:type\" content=\"image\/jpeg\" \/>\n<meta name=\"twitter:card\" content=\"summary_large_image\" \/>\n<meta name=\"twitter:label1\" content=\"Est. reading time\" \/>\n\t<meta name=\"twitter:data1\" content=\"3 minute\" \/>\n<script type=\"application\/ld+json\" class=\"yoast-schema-graph\">{\"@context\":\"https:\/\/schema.org\",\"@graph\":[{\"@type\":\"WebPage\",\"@id\":\"https:\/\/www.lca-sued.at\/sl\/lokacija\/zakaj-fuernitz\/\",\"url\":\"https:\/\/www.lca-sued.at\/sl\/lokacija\/zakaj-fuernitz\/\",\"name\":\"Zakaj F\u00fcrnitz - LCA SUED\",\"isPartOf\":{\"@id\":\"https:\/\/www.lca-sued.at\/#website\"},\"datePublished\":\"2023-05-04T11:56:39+00:00\",\"dateModified\":\"2023-05-19T09:32:26+00:00\",\"breadcrumb\":{\"@id\":\"https:\/\/www.lca-sued.at\/sl\/lokacija\/zakaj-fuernitz\/#breadcrumb\"},\"inLanguage\":\"sl-SI\",\"potentialAction\":[{\"@type\":\"ReadAction\",\"target\":[\"https:\/\/www.lca-sued.at\/sl\/lokacija\/zakaj-fuernitz\/\"]}]},{\"@type\":\"BreadcrumbList\",\"@id\":\"https:\/\/www.lca-sued.at\/sl\/lokacija\/zakaj-fuernitz\/#breadcrumb\",\"itemListElement\":[{\"@type\":\"ListItem\",\"position\":1,\"name\":\"Startseite\",\"item\":\"https:\/\/www.lca-sued.at\/sl\/\"},{\"@type\":\"ListItem\",\"position\":2,\"name\":\"Lokacija\",\"item\":\"https:\/\/www.lca-sued.at\/sl\/lokacija\/\"},{\"@type\":\"ListItem\",\"position\":3,\"name\":\"Zakaj F\u00fcrnitz\"}]},{\"@type\":\"WebSite\",\"@id\":\"https:\/\/www.lca-sued.at\/#website\",\"url\":\"https:\/\/www.lca-sued.at\/\",\"name\":\"LCA SUED\",\"description\":\"LCA SUED\",\"publisher\":{\"@id\":\"https:\/\/www.lca-sued.at\/#organization\"},\"potentialAction\":[{\"@type\":\"SearchAction\",\"target\":{\"@type\":\"EntryPoint\",\"urlTemplate\":\"https:\/\/www.lca-sued.at\/?s={search_term_string}\"},\"query-input\":{\"@type\":\"PropertyValueSpecification\",\"valueRequired\":true,\"valueName\":\"search_term_string\"}}],\"inLanguage\":\"sl-SI\"},{\"@type\":\"Organization\",\"@id\":\"https:\/\/www.lca-sued.at\/#organization\",\"name\":\"LCA SUED\",\"url\":\"https:\/\/www.lca-sued.at\/\",\"logo\":{\"@type\":\"ImageObject\",\"inLanguage\":\"sl-SI\",\"@id\":\"https:\/\/www.lca-sued.at\/#\/schema\/logo\/image\/\",\"url\":\"https:\/\/www.lca-sued.at\/wp-content\/uploads\/2017\/08\/lca_logo.png\",\"contentUrl\":\"https:\/\/www.lca-sued.at\/wp-content\/uploads\/2017\/08\/lca_logo.png\",\"width\":167,\"height\":108,\"caption\":\"LCA SUED\"},\"image\":{\"@id\":\"https:\/\/www.lca-sued.at\/#\/schema\/logo\/image\/\"},\"sameAs\":[\"https:\/\/www.linkedin.com\/company\/lca-south\/\"]}]}<\/script>\n<!-- \/ Yoast SEO plugin. -->","yoast_head_json":{"title":"Zakaj F\u00fcrnitz - LCA SUED","robots":{"index":"index","follow":"follow","max-snippet":"max-snippet:-1","max-image-preview":"max-image-preview:large","max-video-preview":"max-video-preview:-1"},"canonical":"https:\/\/www.lca-sued.at\/sl\/lokacija\/zakaj-fuernitz\/","og_locale":"sl_SI","og_type":"article","og_title":"Zakaj F\u00fcrnitz - LCA SUED","og_description":"[vc_row css=&#8221;.vc_custom_1676378447858{padding-top: 30px !important;padding-bottom: 30px !important;background-image: url(https:\/\/www.lca-sued.at\/wp-content\/uploads\/2017\/08\/bg_logo.jpg?id=57) !important;background-position: center !important;background-repeat: no-repeat !important;background-size: cover !important;}&#8221; el_class=&#8221;padding_80px&#8221;][vc_column][vc_column_text] Zakaj F\u00fcrnitz [\/vc_column_text][vc_row_inner gap=&#8221;35&#8243; css=&#8221;.vc_custom_1676378439175{padding-top: [&hellip;]","og_url":"https:\/\/www.lca-sued.at\/sl\/lokacija\/zakaj-fuernitz\/","og_site_name":"LCA SUED","article_modified_time":"2023-05-19T09:32:26+00:00","og_image":[{"width":1024,"height":486,"url":"https:\/\/www.lca-sued.at\/wp-content\/uploads\/2022\/02\/lca-slider-2022.jpg","type":"image\/jpeg"}],"twitter_card":"summary_large_image","twitter_misc":{"Est. reading time":"3 minute"},"schema":{"@context":"https:\/\/schema.org","@graph":[{"@type":"WebPage","@id":"https:\/\/www.lca-sued.at\/sl\/lokacija\/zakaj-fuernitz\/","url":"https:\/\/www.lca-sued.at\/sl\/lokacija\/zakaj-fuernitz\/","name":"Zakaj F\u00fcrnitz - LCA SUED","isPartOf":{"@id":"https:\/\/www.lca-sued.at\/#website"},"datePublished":"2023-05-04T11:56:39+00:00","dateModified":"2023-05-19T09:32:26+00:00","breadcrumb":{"@id":"https:\/\/www.lca-sued.at\/sl\/lokacija\/zakaj-fuernitz\/#breadcrumb"},"inLanguage":"sl-SI","potentialAction":[{"@type":"ReadAction","target":["https:\/\/www.lca-sued.at\/sl\/lokacija\/zakaj-fuernitz\/"]}]},{"@type":"BreadcrumbList","@id":"https:\/\/www.lca-sued.at\/sl\/lokacija\/zakaj-fuernitz\/#breadcrumb","itemListElement":[{"@type":"ListItem","position":1,"name":"Startseite","item":"https:\/\/www.lca-sued.at\/sl\/"},{"@type":"ListItem","position":2,"name":"Lokacija","item":"https:\/\/www.lca-sued.at\/sl\/lokacija\/"},{"@type":"ListItem","position":3,"name":"Zakaj F\u00fcrnitz"}]},{"@type":"WebSite","@id":"https:\/\/www.lca-sued.at\/#website","url":"https:\/\/www.lca-sued.at\/","name":"LCA SUED","description":"LCA SUED","publisher":{"@id":"https:\/\/www.lca-sued.at\/#organization"},"potentialAction":[{"@type":"SearchAction","target":{"@type":"EntryPoint","urlTemplate":"https:\/\/www.lca-sued.at\/?s={search_term_string}"},"query-input":{"@type":"PropertyValueSpecification","valueRequired":true,"valueName":"search_term_string"}}],"inLanguage":"sl-SI"},{"@type":"Organization","@id":"https:\/\/www.lca-sued.at\/#organization","name":"LCA SUED","url":"https:\/\/www.lca-sued.at\/","logo":{"@type":"ImageObject","inLanguage":"sl-SI","@id":"https:\/\/www.lca-sued.at\/#\/schema\/logo\/image\/","url":"https:\/\/www.lca-sued.at\/wp-content\/uploads\/2017\/08\/lca_logo.png","contentUrl":"https:\/\/www.lca-sued.at\/wp-content\/uploads\/2017\/08\/lca_logo.png","width":167,"height":108,"caption":"LCA SUED"},"image":{"@id":"https:\/\/www.lca-sued.at\/#\/schema\/logo\/image\/"},"sameAs":["https:\/\/www.linkedin.com\/company\/lca-south\/"]}]}},"_links":{"self":[{"href":"https:\/\/www.lca-sued.at\/sl\/wp-json\/wp\/v2\/pages\/4888","targetHints":{"allow":["GET"]}}],"collection":[{"href":"https:\/\/www.lca-sued.at\/sl\/wp-json\/wp\/v2\/pages"}],"about":[{"href":"https:\/\/www.lca-sued.at\/sl\/wp-json\/wp\/v2\/types\/page"}],"author":[{"embeddable":true,"href":"https:\/\/www.lca-sued.at\/sl\/wp-json\/wp\/v2\/users\/1"}],"replies":[{"embeddable":true,"href":"https:\/\/www.lca-sued.at\/sl\/wp-json\/wp\/v2\/comments?post=4888"}],"version-history":[{"count":5,"href":"https:\/\/www.lca-sued.at\/sl\/wp-json\/wp\/v2\/pages\/4888\/revisions"}],"predecessor-version":[{"id":5043,"href":"https:\/\/www.lca-sued.at\/sl\/wp-json\/wp\/v2\/pages\/4888\/revisions\/5043"}],"up":[{"embeddable":true,"href":"https:\/\/www.lca-sued.at\/sl\/wp-json\/wp\/v2\/pages\/2191"}],"wp:attachment":[{"href":"https:\/\/www.lca-sued.at\/sl\/wp-json\/wp\/v2\/media?parent=4888"}],"curies":[{"name":"wp","href":"https:\/\/api.w.org\/{rel}","templated":true}]}}