{"id":2225,"date":"2019-09-23T12:20:28","date_gmt":"2019-09-23T10:20:28","guid":{"rendered":"https:\/\/www.lca-sued.at\/?page_id=2225"},"modified":"2023-05-09T11:19:52","modified_gmt":"2023-05-09T09:19:52","slug":"startseite","status":"publish","type":"page","link":"https:\/\/www.lca-sued.at\/sl\/","title":{"rendered":"Domov"},"content":{"rendered":"<div class=\"wpb-content-wrapper\"><p>[vc_row][vc_column][vc_column_text]<div id=\"metaslider-id-2170\" style=\"width: 100%; margin: 0 auto;\" class=\"ml-slider-3-105-0 metaslider metaslider-flex metaslider-2170 ml-slider has-dots-nav ms-theme-default\" role=\"region\" aria-label=\"Slowenisch\" data-height=\"570\" data-width=\"1200\">\n    <div id=\"metaslider_container_2170\">\n        <div id=\"metaslider_2170\">\n            <ul class='slides'>\n                <li style=\"display: block; width: 100%;\" class=\"slide-2171 ms-image \" aria-roledescription=\"slide\" data-date=\"2019-09-23 09:47:59\" data-filename=\"lca-slider-2022-1023x486.jpg\" data-slide-type=\"image\"><img loading=\"lazy\" decoding=\"async\" src=\"https:\/\/www.lca-sued.at\/wp-content\/uploads\/2022\/02\/lca-slider-2022-1023x486.jpg\" height=\"570\" width=\"1200\" alt=\"\" class=\"slider-2170 slide-2171 msDefaultImage\" \/><div class=\"caption-wrap\"><div class=\"caption\"><h1>DOBRODO\u0160LI<\/h1>\n<h1>V LCA-S\u00fcd<\/h1>\n<h2>VA\u0160E IDEALNO LOGISTI\u010cNO HUB<br \/>NA JUGU AVSTRIJE.<\/h2>\n<h3>U\u010dinkovito. Posamezno. Usmerjeni v prihodnost.<\/h3>\n<\/div><\/div><\/li>\n            <\/ul>\n        <\/div>\n        \n    <\/div>\n<\/div>[\/vc_column_text][\/vc_column][\/vc_row][vc_row el_class=&#8221;boxes&#8221; css=&#8221;.vc_custom_1503232026003{margin-top: 40px !important;margin-bottom: 50px !important;}&#8221;][vc_column width=&#8221;1\/3&#8243;][vc_single_image image=&#8221;49&#8243; img_size=&#8221;full&#8221; alignment=&#8221;center&#8221; css=&#8221;.vc_custom_1503211394477{margin-bottom: 30px !important;}&#8221;][vc_column_text]<\/p>\n<h2 style=\"text-align: center;\">U\u010cINKOVITA<br \/>\nLOGISTIKA<\/h2>\n<p style=\"text-align: center;\">S strate\u0161kimi, lokacijsko specifi\u010dnimi prednostmi,<br \/>\ninteligentnim povezovanjem in<br \/>\nstoritvami po meri<br \/>\nzagotavlja podjetje Logistik Center Austria S\u00fcd<br \/>\nre\u0161itve za u\u010dinkovito logistiko.<\/p>\n<p>[\/vc_column_text][\/vc_column][vc_column width=&#8221;1\/3&#8243;][vc_single_image image=&#8221;49&#8243; img_size=&#8221;full&#8221; alignment=&#8221;center&#8221; css=&#8221;.vc_custom_1503211394477{margin-bottom: 30px !important;}&#8221;][vc_column_text]<\/p>\n<h2 style=\"text-align: center;\">KONCEPTI INTERMODALNEGA<br \/>\nPREVOZA<\/h2>\n<p style=\"text-align: center;\">LCA S\u00fcd je sodobno,<br \/>\nmednarodno logisti\u010dno podjetje,<br \/>\nki ponuja hitre povezave v cestnem in<br \/>\n\u017eelezni\u0161kem prometu.<br \/>\nZagotavljanje z logistiko povezanih storitev in<br \/>\noptimalni pogoji za \u00bbsuho pristani\u0161\u010de\u00ab<br \/>\nv zaledju pristani\u0161\u010d zgornjega<br \/>\nJadrana so na\u0161a klju\u010dna<br \/>\nprednost.<\/p>\n<p>[\/vc_column_text][\/vc_column][vc_column width=&#8221;1\/3&#8243;][vc_single_image image=&#8221;49&#8243; img_size=&#8221;full&#8221; alignment=&#8221;center&#8221; css=&#8221;.vc_custom_1503211394477{margin-bottom: 30px !important;}&#8221;][vc_column_text]<\/p>\n<h2 style=\"text-align: center;\">STRATE\u0160KE<br \/>\nLOKACIJSKE PREDNOSTI<\/h2>\n<p style=\"text-align: center;\">Odli\u010dna lokacija prina\u0161a<br \/>\nodlo\u010dilne konkuren\u010dne prednosti.<br \/>\nPodjetje LCA S\u00fcd je sredi<br \/>\ntromeje med Avstrijo, Italijo in<br \/>\nSlovenijo, neposredno ob sti\u010di\u0161\u010du<br \/>\nosi Tauern in baltsko-<br \/>\njadranske osi.<\/p>\n<p>[\/vc_column_text][\/vc_column][\/vc_row][vc_row el_class=&#8221;backgroundbox white padding_80px&#8221; css=&#8221;.vc_custom_1505978966930{padding-top: 30px !important;padding-bottom: 30px !important;background-image: url(https:\/\/www.lca-sued.at\/wp-content\/uploads\/2017\/08\/unser_service.jpg?id=54) !important;background-position: center !important;background-repeat: no-repeat !important;background-size: cover !important;}&#8221;][vc_column width=&#8221;1\/2&#8243;][vc_column_text]<\/p>\n<h2>NA\u0160E STORITVE.<\/h2>\n<h3>Hitro. Individualno. Usmerjeno v prihodnost.<\/h3>\n<p>Na tromeji med Avstrijo, Italijo in Slovenijo, v neposredni bli\u017eini Beljaka (Villach) ter drugih sti\u010di\u0161\u010d baltsko-jadranske osi in osi Tauern, je podjetje Logistik Center Austria S\u00fcd vzpostavilo sodobno mednarodno vozli\u0161\u010de, ki povezuje cesto in \u017eeleznico po najhitrej\u0161i poti. Na povr\u0161ini 160 ha Logistik Center Austria S\u00fcd ponuja ponudnikom logisti\u010dnih storitev in z logistiko povezanih storitev prvovrstne obratovalne povr\u0161ine in nepremi\u010dnine z vso potrebno komunalno infrastrukturo. \u017de 36 podjetij in ponudnikov storitev lokacijo uporablja kot svoj logisti\u010dni center v regiji Alpe-Jadran.<\/p>\n<p><a class=\"boxlink\" href=\"https:\/\/www.lca-sued.at\/sl\/storitve\/\">VE\u010c INFORMACIJ<\/a>[\/vc_column_text][\/vc_column][vc_column width=&#8221;1\/2&#8243;][vc_single_image image=&#8221;97&#8243; img_size=&#8221;full&#8221; alignment=&#8221;center&#8221;][\/vc_column][\/vc_row][vc_row el_class=&#8221;backgroundbox blue padding_80px&#8221; css=&#8221;.vc_custom_1505978976347{padding-top: 100px !important;padding-bottom: 130px !important;background-image: url(https:\/\/www.lca-sued.at\/wp-content\/uploads\/2017\/08\/unser_standort.jpg?id=55) !important;}&#8221;][vc_column width=&#8221;1\/2&#8243;][vc_column_text]<\/p>\n<h2>NA\u0160A LOKACIJA.<\/h2>\n<h3>Zanesljiva. Prilagodljiva. Trajnostna.<\/h3>\n<p>Neposredna bli\u017eina avtocestnega kri\u017ei\u0161\u010da Beljak zagotavlja hitro dostopnost sosednjih dr\u017eav Avstrije, zlasti ju\u017enonem\u0161kega gospodarskega prostora, Bavarske in drugih pomembnih proizvodnih regij, kot so Poljska, \u010ce\u0161ka, Slova\u0161ka in sosednje vzhodnoevropske dr\u017eave. Bli\u017eina letali\u0161\u010d Celovec, Gradec in Ljubljana (Slovenija) omogo\u010da izbiro dodatnih prevoznih poti.<\/p>\n<p><a class=\"boxlink\" href=\"https:\/\/www.lca-sued.at\/sl\/lokacija\/\">VE\u010c INFORMACIJ<\/a>[\/vc_column_text][\/vc_column][vc_column width=&#8221;1\/2&#8243;][\/vc_column][\/vc_row][vc_row css=&#8221;.vc_custom_1503212124288{background-image: url(https:\/\/www.lca-sued.at\/wp-content\/uploads\/2017\/08\/bg_logo.jpg?id=57) !important;background-position: 0 0 !important;background-repeat: repeat !important;}&#8221;][vc_column][vc_column_text]<\/p>\n<p>&nbsp;<\/p>\n<p>[\/vc_column_text][\/vc_column][\/vc_row]<\/p>\n<\/div>","protected":false},"excerpt":{"rendered":"<p>[vc_row][vc_column][vc_column_text][\/vc_column_text][\/vc_column][\/vc_row][vc_row el_class=&#8221;boxes&#8221; css=&#8221;.vc_custom_1503232026003{margin-top: 40px !important;margin-bottom: 50px !important;}&#8221;][vc_column width=&#8221;1\/3&#8243;][vc_single_image image=&#8221;49&#8243; img_size=&#8221;full&#8221; alignment=&#8221;center&#8221; css=&#8221;.vc_custom_1503211394477{margin-bottom: 30px !important;}&#8221;][vc_column_text] U\u010cINKOVITA LOGISTIKA S strate\u0161kimi, lokacijsko specifi\u010dnimi [&hellip;]<\/p>\n","protected":false},"author":1,"featured_media":0,"parent":0,"menu_order":0,"comment_status":"closed","ping_status":"closed","template":"","meta":{"_acf_changed":false,"footnotes":""},"class_list":["post-2225","page","type-page","status-publish","hentry"],"acf":[],"yoast_head":"<!-- This site is optimized with the Yoast SEO plugin v27.0 - https:\/\/yoast.com\/product\/yoast-seo-wordpress\/ -->\n<title>Domov - LCA SUED<\/title>\n<meta name=\"robots\" content=\"index, follow, max-snippet:-1, max-image-preview:large, max-video-preview:-1\" \/>\n<link rel=\"canonical\" href=\"https:\/\/www.lca-sued.at\/sl\/\" \/>\n<meta property=\"og:locale\" content=\"sl_SI\" \/>\n<meta property=\"og:type\" content=\"article\" \/>\n<meta property=\"og:title\" content=\"Domov - LCA SUED\" \/>\n<meta property=\"og:description\" content=\"[vc_row][vc_column][vc_column_text][\/vc_column_text][\/vc_column][\/vc_row][vc_row el_class=&#8221;boxes&#8221; css=&#8221;.vc_custom_1503232026003{margin-top: 40px !important;margin-bottom: 50px !important;}&#8221;][vc_column width=&#8221;1\/3&#8243;][vc_single_image image=&#8221;49&#8243; img_size=&#8221;full&#8221; alignment=&#8221;center&#8221; css=&#8221;.vc_custom_1503211394477{margin-bottom: 30px !important;}&#8221;][vc_column_text] U\u010cINKOVITA LOGISTIKA S strate\u0161kimi, lokacijsko specifi\u010dnimi [&hellip;]\" \/>\n<meta property=\"og:url\" content=\"https:\/\/www.lca-sued.at\/sl\/\" \/>\n<meta property=\"og:site_name\" content=\"LCA SUED\" \/>\n<meta property=\"article:modified_time\" content=\"2023-05-09T09:19:52+00:00\" \/>\n<meta property=\"og:image\" content=\"https:\/\/www.lca-sued.at\/wp-content\/uploads\/2022\/02\/lca-slider-2022.jpg\" \/>\n\t<meta property=\"og:image:width\" content=\"1024\" \/>\n\t<meta property=\"og:image:height\" content=\"486\" \/>\n\t<meta property=\"og:image:type\" content=\"image\/jpeg\" \/>\n<meta name=\"twitter:card\" content=\"summary_large_image\" \/>\n<meta name=\"twitter:label1\" content=\"Est. reading time\" \/>\n\t<meta name=\"twitter:data1\" content=\"2 minuti\" \/>\n<script type=\"application\/ld+json\" class=\"yoast-schema-graph\">{\"@context\":\"https:\/\/schema.org\",\"@graph\":[{\"@type\":\"WebPage\",\"@id\":\"https:\/\/www.lca-sued.at\/sl\/\",\"url\":\"https:\/\/www.lca-sued.at\/sl\/\",\"name\":\"Domov - LCA SUED\",\"isPartOf\":{\"@id\":\"https:\/\/www.lca-sued.at\/#website\"},\"datePublished\":\"2019-09-23T10:20:28+00:00\",\"dateModified\":\"2023-05-09T09:19:52+00:00\",\"breadcrumb\":{\"@id\":\"https:\/\/www.lca-sued.at\/sl\/#breadcrumb\"},\"inLanguage\":\"sl-SI\",\"potentialAction\":[{\"@type\":\"ReadAction\",\"target\":[\"https:\/\/www.lca-sued.at\/sl\/\"]}]},{\"@type\":\"BreadcrumbList\",\"@id\":\"https:\/\/www.lca-sued.at\/sl\/#breadcrumb\",\"itemListElement\":[{\"@type\":\"ListItem\",\"position\":1,\"name\":\"Startseite\",\"item\":\"https:\/\/www.lca-sued.at\/sl\/\"},{\"@type\":\"ListItem\",\"position\":2,\"name\":\"Domov\"}]},{\"@type\":\"WebSite\",\"@id\":\"https:\/\/www.lca-sued.at\/#website\",\"url\":\"https:\/\/www.lca-sued.at\/\",\"name\":\"LCA SUED\",\"description\":\"LCA SUED\",\"publisher\":{\"@id\":\"https:\/\/www.lca-sued.at\/#organization\"},\"potentialAction\":[{\"@type\":\"SearchAction\",\"target\":{\"@type\":\"EntryPoint\",\"urlTemplate\":\"https:\/\/www.lca-sued.at\/?s={search_term_string}\"},\"query-input\":{\"@type\":\"PropertyValueSpecification\",\"valueRequired\":true,\"valueName\":\"search_term_string\"}}],\"inLanguage\":\"sl-SI\"},{\"@type\":\"Organization\",\"@id\":\"https:\/\/www.lca-sued.at\/#organization\",\"name\":\"LCA SUED\",\"url\":\"https:\/\/www.lca-sued.at\/\",\"logo\":{\"@type\":\"ImageObject\",\"inLanguage\":\"sl-SI\",\"@id\":\"https:\/\/www.lca-sued.at\/#\/schema\/logo\/image\/\",\"url\":\"https:\/\/www.lca-sued.at\/wp-content\/uploads\/2017\/08\/lca_logo.png\",\"contentUrl\":\"https:\/\/www.lca-sued.at\/wp-content\/uploads\/2017\/08\/lca_logo.png\",\"width\":167,\"height\":108,\"caption\":\"LCA SUED\"},\"image\":{\"@id\":\"https:\/\/www.lca-sued.at\/#\/schema\/logo\/image\/\"},\"sameAs\":[\"https:\/\/www.linkedin.com\/company\/lca-south\/\"]}]}<\/script>\n<!-- \/ Yoast SEO plugin. -->","yoast_head_json":{"title":"Domov - LCA SUED","robots":{"index":"index","follow":"follow","max-snippet":"max-snippet:-1","max-image-preview":"max-image-preview:large","max-video-preview":"max-video-preview:-1"},"canonical":"https:\/\/www.lca-sued.at\/sl\/","og_locale":"sl_SI","og_type":"article","og_title":"Domov - LCA SUED","og_description":"[vc_row][vc_column][vc_column_text][\/vc_column_text][\/vc_column][\/vc_row][vc_row el_class=&#8221;boxes&#8221; css=&#8221;.vc_custom_1503232026003{margin-top: 40px !important;margin-bottom: 50px !important;}&#8221;][vc_column width=&#8221;1\/3&#8243;][vc_single_image image=&#8221;49&#8243; img_size=&#8221;full&#8221; alignment=&#8221;center&#8221; css=&#8221;.vc_custom_1503211394477{margin-bottom: 30px !important;}&#8221;][vc_column_text] U\u010cINKOVITA LOGISTIKA S strate\u0161kimi, lokacijsko specifi\u010dnimi [&hellip;]","og_url":"https:\/\/www.lca-sued.at\/sl\/","og_site_name":"LCA SUED","article_modified_time":"2023-05-09T09:19:52+00:00","og_image":[{"width":1024,"height":486,"url":"https:\/\/www.lca-sued.at\/wp-content\/uploads\/2022\/02\/lca-slider-2022.jpg","type":"image\/jpeg"}],"twitter_card":"summary_large_image","twitter_misc":{"Est. reading time":"2 minuti"},"schema":{"@context":"https:\/\/schema.org","@graph":[{"@type":"WebPage","@id":"https:\/\/www.lca-sued.at\/sl\/","url":"https:\/\/www.lca-sued.at\/sl\/","name":"Domov - LCA SUED","isPartOf":{"@id":"https:\/\/www.lca-sued.at\/#website"},"datePublished":"2019-09-23T10:20:28+00:00","dateModified":"2023-05-09T09:19:52+00:00","breadcrumb":{"@id":"https:\/\/www.lca-sued.at\/sl\/#breadcrumb"},"inLanguage":"sl-SI","potentialAction":[{"@type":"ReadAction","target":["https:\/\/www.lca-sued.at\/sl\/"]}]},{"@type":"BreadcrumbList","@id":"https:\/\/www.lca-sued.at\/sl\/#breadcrumb","itemListElement":[{"@type":"ListItem","position":1,"name":"Startseite","item":"https:\/\/www.lca-sued.at\/sl\/"},{"@type":"ListItem","position":2,"name":"Domov"}]},{"@type":"WebSite","@id":"https:\/\/www.lca-sued.at\/#website","url":"https:\/\/www.lca-sued.at\/","name":"LCA SUED","description":"LCA SUED","publisher":{"@id":"https:\/\/www.lca-sued.at\/#organization"},"potentialAction":[{"@type":"SearchAction","target":{"@type":"EntryPoint","urlTemplate":"https:\/\/www.lca-sued.at\/?s={search_term_string}"},"query-input":{"@type":"PropertyValueSpecification","valueRequired":true,"valueName":"search_term_string"}}],"inLanguage":"sl-SI"},{"@type":"Organization","@id":"https:\/\/www.lca-sued.at\/#organization","name":"LCA SUED","url":"https:\/\/www.lca-sued.at\/","logo":{"@type":"ImageObject","inLanguage":"sl-SI","@id":"https:\/\/www.lca-sued.at\/#\/schema\/logo\/image\/","url":"https:\/\/www.lca-sued.at\/wp-content\/uploads\/2017\/08\/lca_logo.png","contentUrl":"https:\/\/www.lca-sued.at\/wp-content\/uploads\/2017\/08\/lca_logo.png","width":167,"height":108,"caption":"LCA SUED"},"image":{"@id":"https:\/\/www.lca-sued.at\/#\/schema\/logo\/image\/"},"sameAs":["https:\/\/www.linkedin.com\/company\/lca-south\/"]}]}},"_links":{"self":[{"href":"https:\/\/www.lca-sued.at\/sl\/wp-json\/wp\/v2\/pages\/2225","targetHints":{"allow":["GET"]}}],"collection":[{"href":"https:\/\/www.lca-sued.at\/sl\/wp-json\/wp\/v2\/pages"}],"about":[{"href":"https:\/\/www.lca-sued.at\/sl\/wp-json\/wp\/v2\/types\/page"}],"author":[{"embeddable":true,"href":"https:\/\/www.lca-sued.at\/sl\/wp-json\/wp\/v2\/users\/1"}],"replies":[{"embeddable":true,"href":"https:\/\/www.lca-sued.at\/sl\/wp-json\/wp\/v2\/comments?post=2225"}],"version-history":[{"count":9,"href":"https:\/\/www.lca-sued.at\/sl\/wp-json\/wp\/v2\/pages\/2225\/revisions"}],"predecessor-version":[{"id":5025,"href":"https:\/\/www.lca-sued.at\/sl\/wp-json\/wp\/v2\/pages\/2225\/revisions\/5025"}],"wp:attachment":[{"href":"https:\/\/www.lca-sued.at\/sl\/wp-json\/wp\/v2\/media?parent=2225"}],"curies":[{"name":"wp","href":"https:\/\/api.w.org\/{rel}","templated":true}]}}