{"id":2219,"date":"2019-09-23T12:12:39","date_gmt":"2019-09-23T10:12:39","guid":{"rendered":"https:\/\/www.lca-sued.at\/?page_id=2219"},"modified":"2022-03-18T10:41:46","modified_gmt":"2022-03-18T09:41:46","slug":"zaposlitev","status":"publish","type":"page","link":"https:\/\/www.lca-sued.at\/sl\/zaposlitev\/","title":{"rendered":"Jobs"},"content":{"rendered":"<div class=\"wpb-content-wrapper\"><p>[vc_row css=&#8221;.vc_custom_1552896824768{padding-top: 30px !important;padding-bottom: 30px !important;background-image: url(https:\/\/www.lca-sued.at\/wp-content\/uploads\/2017\/08\/STANDORTBETREIBERGESELLSCHAFT.jpg?id=61) !important;background-position: center !important;background-repeat: no-repeat !important;background-size: cover !important;}&#8221; el_class=&#8221;backgroundbox white padding_80px&#8221;][vc_column width=&#8221;1\/2&#8243;][vc_column_text]<\/p>\n<h2>DOBRODO\u0160LI V LOGISTI\u010cNEM KARIERNEM CENTRU KORO\u0160KA!<\/h2>\n<p>&nbsp;<\/p>\n<h2>USPE\u0160NA PODJETJA POTREBUJEJO NAJBOLJ\u0160E SODELAVCE. SVETLI UMI I\u0160\u010cEJO INOVATIVNE, V NABAV SRETNE DELODAJCE.\u00a0 ZDRU\u017dUJEMO VAS.<\/h2>\n<p>[\/vc_column_text][vc_column_text]<\/p>\n<h3>LOGISTIKA IN E-MOBILNOST JE VODILNO GOSPODARSKO PODRO\u010cJE \u2013 IN TAKO BO TUDI OSTALO. DIGITALIZACIJA ZAGOTAVLJA NADALJNJI RAZVOJ.<\/h3>\n<p>&nbsp;<\/p>\n<p>[\/vc_column_text][\/vc_column][vc_column width=&#8221;1\/2&#8243; css=&#8221;.vc_custom_1557417628905{padding: 10px !important;background-color: #24195d !important;}&#8221;][vc_column_text css=&#8221;.vc_custom_1646740582162{margin-top: 0px !important;margin-right: 0px !important;margin-bottom: 0px !important;margin-left: 0px !important;padding-top: 0px !important;padding-right: 0px !important;padding-bottom: 0px !important;padding-left: 0px !important;}&#8221;]\u017divimo v \u010dasu, ko se preva\u017ea vse ve\u010d blaga, predvsem zaradi prehoda s stacionarne k e-trgovini.<br \/>\n\u017divimo v regiji, ki zaradi svoje osrednje lokacije vedno bolj postaja sredi\u0161\u010de mednarodnega gospodarstva.<br \/>\nKot sodelavec v logisti\u010dnem podjetju imate najbolj\u0161e mo\u017enosti za za\u010detek prave kariere. Na razli\u010dnih podro\u010djih. Najbolje je, da preverite na\u0161a prosta delovna mesta. Na\u0161a podjetja se veselijo va\u0161e pro\u0161nje.<\/p>\n<p>Ali trenutno ponujate zaposlitev in pripravni\u0161tvo, bi radi objavili svoja prosta delovna mesta in jih omogo\u010dili \u0161ir\u0161i javnosti? Nato po\u0161ljite e-po\u0161to z aktualnimi oglasi za zaposlitev na <a href=\"mailto:office@lca-sued.at\">office@lca-sued.at<\/a><\/p>\n<p>Z veseljem vam bomo pomagali pri iskanju ustreznih strokovnjakov v Avstriji in tujini.<\/p>\n<p>Kmalu vam bomo ponudili prilo\u017enost, da tukaj hitro in enostavno objavite svoj oglas za delo.[\/vc_column_text][\/vc_column][\/vc_row]<\/p>\n<\/div>","protected":false},"excerpt":{"rendered":"<p>[vc_row css=&#8221;.vc_custom_1552896824768{padding-top: 30px !important;padding-bottom: 30px !important;background-image: url(https:\/\/www.lca-sued.at\/wp-content\/uploads\/2017\/08\/STANDORTBETREIBERGESELLSCHAFT.jpg?id=61) !important;background-position: center !important;background-repeat: no-repeat !important;background-size: cover !important;}&#8221; el_class=&#8221;backgroundbox white padding_80px&#8221;][vc_column width=&#8221;1\/2&#8243;][vc_column_text] DOBRODO\u0160LI V [&hellip;]<\/p>\n","protected":false},"author":1,"featured_media":0,"parent":0,"menu_order":0,"comment_status":"closed","ping_status":"closed","template":"template-job.php","meta":{"_acf_changed":false,"footnotes":""},"class_list":["post-2219","page","type-page","status-publish","hentry"],"acf":[],"yoast_head":"<!-- This site is optimized with the Yoast SEO plugin v27.0 - https:\/\/yoast.com\/product\/yoast-seo-wordpress\/ -->\n<title>Jobs - LCA SUED<\/title>\n<meta name=\"robots\" content=\"index, follow, max-snippet:-1, max-image-preview:large, max-video-preview:-1\" \/>\n<link rel=\"canonical\" href=\"https:\/\/www.lca-sued.at\/sl\/zaposlitev\/\" \/>\n<meta property=\"og:locale\" content=\"sl_SI\" \/>\n<meta property=\"og:type\" content=\"article\" \/>\n<meta property=\"og:title\" content=\"Jobs - LCA SUED\" \/>\n<meta property=\"og:description\" content=\"[vc_row css=&#8221;.vc_custom_1552896824768{padding-top: 30px !important;padding-bottom: 30px !important;background-image: url(https:\/\/www.lca-sued.at\/wp-content\/uploads\/2017\/08\/STANDORTBETREIBERGESELLSCHAFT.jpg?id=61) !important;background-position: center !important;background-repeat: no-repeat !important;background-size: cover !important;}&#8221; el_class=&#8221;backgroundbox white padding_80px&#8221;][vc_column width=&#8221;1\/2&#8243;][vc_column_text] DOBRODO\u0160LI V [&hellip;]\" \/>\n<meta property=\"og:url\" content=\"https:\/\/www.lca-sued.at\/sl\/zaposlitev\/\" \/>\n<meta property=\"og:site_name\" content=\"LCA SUED\" \/>\n<meta property=\"article:modified_time\" content=\"2022-03-18T09:41:46+00:00\" \/>\n<meta property=\"og:image\" content=\"https:\/\/www.lca-sued.at\/wp-content\/uploads\/2022\/02\/lca-slider-2022.jpg\" \/>\n\t<meta property=\"og:image:width\" content=\"1024\" \/>\n\t<meta property=\"og:image:height\" content=\"486\" \/>\n\t<meta property=\"og:image:type\" content=\"image\/jpeg\" \/>\n<meta name=\"twitter:card\" content=\"summary_large_image\" \/>\n<meta name=\"twitter:label1\" content=\"Est. reading time\" \/>\n\t<meta name=\"twitter:data1\" content=\"2 minuti\" \/>\n<script type=\"application\/ld+json\" class=\"yoast-schema-graph\">{\"@context\":\"https:\/\/schema.org\",\"@graph\":[{\"@type\":\"WebPage\",\"@id\":\"https:\/\/www.lca-sued.at\/sl\/zaposlitev\/\",\"url\":\"https:\/\/www.lca-sued.at\/sl\/zaposlitev\/\",\"name\":\"Jobs - LCA SUED\",\"isPartOf\":{\"@id\":\"https:\/\/www.lca-sued.at\/#website\"},\"datePublished\":\"2019-09-23T10:12:39+00:00\",\"dateModified\":\"2022-03-18T09:41:46+00:00\",\"breadcrumb\":{\"@id\":\"https:\/\/www.lca-sued.at\/sl\/zaposlitev\/#breadcrumb\"},\"inLanguage\":\"sl-SI\",\"potentialAction\":[{\"@type\":\"ReadAction\",\"target\":[\"https:\/\/www.lca-sued.at\/sl\/zaposlitev\/\"]}]},{\"@type\":\"BreadcrumbList\",\"@id\":\"https:\/\/www.lca-sued.at\/sl\/zaposlitev\/#breadcrumb\",\"itemListElement\":[{\"@type\":\"ListItem\",\"position\":1,\"name\":\"Startseite\",\"item\":\"https:\/\/www.lca-sued.at\/sl\/\"},{\"@type\":\"ListItem\",\"position\":2,\"name\":\"Jobs\"}]},{\"@type\":\"WebSite\",\"@id\":\"https:\/\/www.lca-sued.at\/#website\",\"url\":\"https:\/\/www.lca-sued.at\/\",\"name\":\"LCA SUED\",\"description\":\"LCA SUED\",\"publisher\":{\"@id\":\"https:\/\/www.lca-sued.at\/#organization\"},\"potentialAction\":[{\"@type\":\"SearchAction\",\"target\":{\"@type\":\"EntryPoint\",\"urlTemplate\":\"https:\/\/www.lca-sued.at\/?s={search_term_string}\"},\"query-input\":{\"@type\":\"PropertyValueSpecification\",\"valueRequired\":true,\"valueName\":\"search_term_string\"}}],\"inLanguage\":\"sl-SI\"},{\"@type\":\"Organization\",\"@id\":\"https:\/\/www.lca-sued.at\/#organization\",\"name\":\"LCA SUED\",\"url\":\"https:\/\/www.lca-sued.at\/\",\"logo\":{\"@type\":\"ImageObject\",\"inLanguage\":\"sl-SI\",\"@id\":\"https:\/\/www.lca-sued.at\/#\/schema\/logo\/image\/\",\"url\":\"https:\/\/www.lca-sued.at\/wp-content\/uploads\/2017\/08\/lca_logo.png\",\"contentUrl\":\"https:\/\/www.lca-sued.at\/wp-content\/uploads\/2017\/08\/lca_logo.png\",\"width\":167,\"height\":108,\"caption\":\"LCA SUED\"},\"image\":{\"@id\":\"https:\/\/www.lca-sued.at\/#\/schema\/logo\/image\/\"},\"sameAs\":[\"https:\/\/www.linkedin.com\/company\/lca-south\/\"]}]}<\/script>\n<!-- \/ Yoast SEO plugin. -->","yoast_head_json":{"title":"Jobs - LCA SUED","robots":{"index":"index","follow":"follow","max-snippet":"max-snippet:-1","max-image-preview":"max-image-preview:large","max-video-preview":"max-video-preview:-1"},"canonical":"https:\/\/www.lca-sued.at\/sl\/zaposlitev\/","og_locale":"sl_SI","og_type":"article","og_title":"Jobs - LCA SUED","og_description":"[vc_row css=&#8221;.vc_custom_1552896824768{padding-top: 30px !important;padding-bottom: 30px !important;background-image: url(https:\/\/www.lca-sued.at\/wp-content\/uploads\/2017\/08\/STANDORTBETREIBERGESELLSCHAFT.jpg?id=61) !important;background-position: center !important;background-repeat: no-repeat !important;background-size: cover !important;}&#8221; el_class=&#8221;backgroundbox white padding_80px&#8221;][vc_column width=&#8221;1\/2&#8243;][vc_column_text] DOBRODO\u0160LI V [&hellip;]","og_url":"https:\/\/www.lca-sued.at\/sl\/zaposlitev\/","og_site_name":"LCA SUED","article_modified_time":"2022-03-18T09:41:46+00:00","og_image":[{"width":1024,"height":486,"url":"https:\/\/www.lca-sued.at\/wp-content\/uploads\/2022\/02\/lca-slider-2022.jpg","type":"image\/jpeg"}],"twitter_card":"summary_large_image","twitter_misc":{"Est. reading time":"2 minuti"},"schema":{"@context":"https:\/\/schema.org","@graph":[{"@type":"WebPage","@id":"https:\/\/www.lca-sued.at\/sl\/zaposlitev\/","url":"https:\/\/www.lca-sued.at\/sl\/zaposlitev\/","name":"Jobs - LCA SUED","isPartOf":{"@id":"https:\/\/www.lca-sued.at\/#website"},"datePublished":"2019-09-23T10:12:39+00:00","dateModified":"2022-03-18T09:41:46+00:00","breadcrumb":{"@id":"https:\/\/www.lca-sued.at\/sl\/zaposlitev\/#breadcrumb"},"inLanguage":"sl-SI","potentialAction":[{"@type":"ReadAction","target":["https:\/\/www.lca-sued.at\/sl\/zaposlitev\/"]}]},{"@type":"BreadcrumbList","@id":"https:\/\/www.lca-sued.at\/sl\/zaposlitev\/#breadcrumb","itemListElement":[{"@type":"ListItem","position":1,"name":"Startseite","item":"https:\/\/www.lca-sued.at\/sl\/"},{"@type":"ListItem","position":2,"name":"Jobs"}]},{"@type":"WebSite","@id":"https:\/\/www.lca-sued.at\/#website","url":"https:\/\/www.lca-sued.at\/","name":"LCA SUED","description":"LCA SUED","publisher":{"@id":"https:\/\/www.lca-sued.at\/#organization"},"potentialAction":[{"@type":"SearchAction","target":{"@type":"EntryPoint","urlTemplate":"https:\/\/www.lca-sued.at\/?s={search_term_string}"},"query-input":{"@type":"PropertyValueSpecification","valueRequired":true,"valueName":"search_term_string"}}],"inLanguage":"sl-SI"},{"@type":"Organization","@id":"https:\/\/www.lca-sued.at\/#organization","name":"LCA SUED","url":"https:\/\/www.lca-sued.at\/","logo":{"@type":"ImageObject","inLanguage":"sl-SI","@id":"https:\/\/www.lca-sued.at\/#\/schema\/logo\/image\/","url":"https:\/\/www.lca-sued.at\/wp-content\/uploads\/2017\/08\/lca_logo.png","contentUrl":"https:\/\/www.lca-sued.at\/wp-content\/uploads\/2017\/08\/lca_logo.png","width":167,"height":108,"caption":"LCA SUED"},"image":{"@id":"https:\/\/www.lca-sued.at\/#\/schema\/logo\/image\/"},"sameAs":["https:\/\/www.linkedin.com\/company\/lca-south\/"]}]}},"_links":{"self":[{"href":"https:\/\/www.lca-sued.at\/sl\/wp-json\/wp\/v2\/pages\/2219","targetHints":{"allow":["GET"]}}],"collection":[{"href":"https:\/\/www.lca-sued.at\/sl\/wp-json\/wp\/v2\/pages"}],"about":[{"href":"https:\/\/www.lca-sued.at\/sl\/wp-json\/wp\/v2\/types\/page"}],"author":[{"embeddable":true,"href":"https:\/\/www.lca-sued.at\/sl\/wp-json\/wp\/v2\/users\/1"}],"replies":[{"embeddable":true,"href":"https:\/\/www.lca-sued.at\/sl\/wp-json\/wp\/v2\/comments?post=2219"}],"version-history":[{"count":8,"href":"https:\/\/www.lca-sued.at\/sl\/wp-json\/wp\/v2\/pages\/2219\/revisions"}],"predecessor-version":[{"id":3319,"href":"https:\/\/www.lca-sued.at\/sl\/wp-json\/wp\/v2\/pages\/2219\/revisions\/3319"}],"wp:attachment":[{"href":"https:\/\/www.lca-sued.at\/sl\/wp-json\/wp\/v2\/media?parent=2219"}],"curies":[{"name":"wp","href":"https:\/\/api.w.org\/{rel}","templated":true}]}}