{"id":2176,"date":"2017-08-19T19:24:19","date_gmt":"2017-08-19T17:24:19","guid":{"rendered":"https:\/\/www.lca-sued.at\/?page_id=2176"},"modified":"2023-07-04T12:30:57","modified_gmt":"2023-07-04T10:30:57","slug":"zelezniska-infrastruktura","status":"publish","type":"page","link":"https:\/\/www.lca-sued.at\/sl\/zelezniska-infrastruktura\/","title":{"rendered":"\u017delezni\u0161ka infrastruktura"},"content":{"rendered":"<div class=\"wpb-content-wrapper\"><p>[vc_row css=&#8221;.vc_custom_1677230530609{padding-top: 30px !important;padding-bottom: 30px !important;background-image: url(https:\/\/www.lca-sued.at\/wp-content\/uploads\/2022\/11\/bg-warum-fuernitz.jpg?id=4044) !important;background-position: center !important;background-repeat: no-repeat !important;background-size: cover !important;}&#8221; el_class=&#8221;backgroundbox white padding_80px&#8221;][vc_column width=&#8221;1\/2&#8243;][vc_column_text]<\/p>\n<h2>CENTER ZA KOMPETENCE V LOGISTIKI IN MOBILNOSTI V KORO\u0160KI &#8211; \u017dIVO SODELOVANJE.<\/h2>\n<p>&nbsp;<\/p>\n<p>Center za logistiko Ju\u017ena Avstrija, logisti\u010dni center na jugu Avstrije, zdru\u017euje logisti\u010dne storitve s terminalskimi storitvami in intermodalnimi transportnimi koncepti.<\/p>\n<p>Ponujajo se razli\u010dne storitve in svetovalne storitve v zvezi s Koro\u0161kim logisti\u010dnim sredi\u0161\u010dem na splo\u0161no in logisti\u010dnim sredi\u0161\u010dem F\u00fcrnitz | Villach na konkretnem obmo\u010dju. Poleg drugega najve\u010djega prekladalnega terminala v Avstriji se na lokaciji nahaja tudi terminal Combi Cargo Terminal Villach S\u00fcd, ki ga upravlja infrastruktura \u00d6BB.<\/p>\n<p>Poleg tega se lokacijska agencija nadalje razvija v center za kompetence za logistiko in mobilnost v Koro\u0161ki in si je zastavila nalogo, da logisti\u010dno sredi\u0161\u010de Koro\u0161ke vidno in mo\u010dno okrepi v vseh svojih vidikih in s svojimi dele\u017eniki. To vklju\u010duje predvsem tr\u017eenje \u017eeleznice kot zelene alternative cestnemu tovornemu prometu in nadaljnji razvoj lokacije v zaledno pristani\u0161\u010de in suhi pomol za severnojadranske pristani\u0161\u010da Trst in Koper.[\/vc_column_text][\/vc_column][vc_column width=&#8221;1\/2&#8243;][\/vc_column][\/vc_row][vc_row disable_element=&#8221;yes&#8221; css=&#8221;.vc_custom_1669724640830{padding-top: 30px !important;padding-bottom: 30px !important;}&#8221; el_class=&#8221;padding_80px&#8221;][vc_column width=&#8221;1\/2&#8243;][vc_column_text]<\/p>\n<h2>INTERNATIONALES INVESTORENSERVICE<br \/>\nALS ONE-STOP-SHOP.<\/h2>\n<p>Die LCA Logistik Center S\u00fcd GmbH (LCAS) unterst\u00fctzt Ansiedlungen von neuen, international agierenden, logistikaffinen Betrieben und begleitet diese strategisch &#8211; professionell und kostenfrei.<br \/>\nEin umfassendes und ma\u00dfgeschneidertes Spektrum an Serviceleistungen ist ein wichtiger Teil des Leistungskataloges der Standortagentur. Dazu geh\u00f6ren unterst\u00fctzende und beratende Dienstleistungen wie:<\/p>\n<ul>\n<li><strong>Umfangreiche Informationen zum Standort Logistik Center Austria S\u00fcd<\/strong><\/li>\n<li><strong>Hilfestellung bei der Suche nach geeigneten B\u00fcros, Produktions- und Lagerfl\u00e4chen sowie Gewerbegrundst\u00fccken<\/strong><\/li>\n<li><strong>Beratung und Kontaktherstellung zu Rechts- und Steuerexperten und Banken<\/strong><\/li>\n<li><strong>Information und Koordination von Finanzierung und F\u00f6rderungen<\/strong><\/li>\n<li><strong>Unterst\u00fctzung bei Beh\u00f6rdenwegen und Genehmigungsverfahren<\/strong><\/li>\n<li><strong>Koordination der Personalsuche<\/strong><\/li>\n<li><strong>Unterst\u00fctzung bei der Suche nach Kooperationspartnern, Lieferanten<\/strong><\/li>\n<li><strong>u.v.m<\/strong><\/li>\n<\/ul>\n<p>Und dies alles in mehreren Fremdsprachen.<\/p>\n<p>Interessiert? Wir freuen uns auf Ihre Kontaktaufnahme und die Begleitung bei Ihrer Projektumsetzung:\u00a0 <a href=\"mailto:office@lca-sued.at\">office@lca-sued.at<\/a>[\/vc_column_text][\/vc_column][vc_column width=&#8221;1\/2&#8243;][vc_single_image image=&#8221;65&#8243; img_size=&#8221;full&#8221; alignment=&#8221;center&#8221;][\/vc_column][\/vc_row][vc_row css=&#8221;.vc_custom_1503235645438{padding-right: 80px !important;padding-left: 80px !important;}&#8221;][vc_column][vc_separator color=&#8221;custom&#8221; accent_color=&#8221;#009adf&#8221;][vc_column_text css=&#8221;.vc_custom_1683202908699{margin-top: 50px !important;}&#8221;]<\/p>\n<h2>AVSTRIJSKE ZVEZNE \u017dELEZNICE (\u00d6BB) \u2013 TERMINALSKE STORITVE<\/h2>\n<p>[\/vc_column_text][\/vc_column][\/vc_row][vc_row full_width=&#8221;stretch_row&#8221; content_placement=&#8221;top&#8221; css=&#8221;.vc_custom_1503294414472{background-color: #eef7fc !important;}&#8221;][vc_column][vc_column_text]<\/p>\n<div class=\"wpb_text_column wpb_content_element \">\n<div class=\"wpb_wrapper\">\n<p>\u00d6BB upravlja na kraju samem z obse\u017enim ran\u017eirnim dvori\u0161\u010dem in pretovarjalno postajo s povezanim logisti\u010dnim centrom kot osnovo za vagonski in kombinirani tovorni promet. Poleg tega se v obrtni coni F\u00fcrnitz nahajajo logisti\u010dni center<\/p>\n<h2>OBSEG STORITEV:<\/h2>\n<\/div>\n<\/div>\n<p>[\/vc_column_text][vc_row_inner][vc_column_inner width=&#8221;1\/2&#8243;][vc_column_text]<\/p>\n<ul>\n<li>Carina, hlajenje\/ogrevanje, popravilo zabojnikov<\/li>\n<li>Skladi\u0161\u010de praznih zabojnikov, \u010di\u0161\u010denje zabojnikov, agencija, prijava\/odjava<\/li>\n<li>Pretovorni tir tudi v konvencionalnem prometu<\/li>\n<li>Mo\u017enosti parkiranja tovornih vagonov, po potrebi tudi za vle\u010dna vozila<\/li>\n<li>Storitve, bencinske postaje in popravila v bli\u017eini &gt; \u017eelezni\u0161ka postaja Villach Westbf<\/li>\n<li>Storitve na zadnjem kilometru (Lastmile), vklju\u010dno z ran\u017eiranjem in tehni\u010dno vozovno slu\u017eb<\/li>\n<\/ul>\n<p>[\/vc_column_text][\/vc_column_inner][vc_column_inner width=&#8221;1\/2&#8243;][vc_column_text]<\/p>\n<ul>\n<li>Industrijska tehtnica SOLAS<\/li>\n<li>Za\u010dasno skladi\u0161\u010denje RID-blaga v zabojnikih (do 21 dni po dogovoru s poobla\u0161\u010dencem za nevarno blago)<\/li>\n<li>Skladi\u0161\u010denje, polnjenje in pretovarjanje, vklju\u010dno z zavarovanjem tovora<\/li>\n<li>Nalaganje tovornjakov in priklopnikov, ki jih z dvigalom ni mogo\u010de nalo\u017eiti<\/li>\n<li>itd.<\/li>\n<\/ul>\n<p>[\/vc_column_text][\/vc_column_inner][\/vc_row_inner][vc_row_inner css=&#8221;.vc_custom_1503483548012{margin-top: 60px !important;}&#8221;][vc_column_inner width=&#8221;1\/3&#8243;][vc_single_image image=&#8221;209&#8243; img_size=&#8221;full&#8221;][vc_column_text]<strong>Prilagojeni transportni koncepti,<\/strong><br \/>\nOdli\u010dna kombinacija cest in \u017eeleznic ter inteligentna povezava med pristani\u0161\u010di zgornjega Jadrana in suhim pristani\u0161\u010dem LCA S\u00fcd zagotavljata celovito paleto storitev.[\/vc_column_text][\/vc_column_inner][vc_column_inner width=&#8221;1\/3&#8243;][vc_single_image image=&#8221;208&#8243; img_size=&#8221;full&#8221;][vc_column_text]<\/p>\n<div class=\"wpb_text_column wpb_content_element \">\n<div class=\"wpb_wrapper\">\n<p><strong>Tehni\u010dni podatki<\/strong><\/p>\n<ul>\n<li>do 40 t WAB, zabojnik SAL\/32<\/li>\n<li>2 polna vili\u010darja do 45 t WAB\/SAL in zabojniki<\/li>\n<li>nakladalni tir ROLA 600 m<\/li>\n<\/ul>\n<\/div>\n<\/div>\n<p>[\/vc_column_text][\/vc_column_inner][vc_column_inner width=&#8221;1\/3&#8243;][vc_single_image image=&#8221;207&#8243; img_size=&#8221;full&#8221;][vc_column_text]<strong>Skupna povr\u0161ina<\/strong><br \/>\nPovr\u0161ina terminala obsega skupno pribli\u017eno 70.000 m\u00b2[\/vc_column_text][\/vc_column_inner][\/vc_row_inner][\/vc_column][\/vc_row][vc_row][vc_column][vc_empty_space height=&#8221;35px&#8221;][vc_column_text][\/vc_column_text][vc_empty_space height=&#8221;35px&#8221;][vc_single_image image=&#8221;5257&#8243; img_size=&#8221;large&#8221; alignment=&#8221;center&#8221; onclick=&#8221;custom_link&#8221; img_link_target=&#8221;_blank&#8221; link=&#8221;https:\/\/www.lca-sued.at\/wp-content\/uploads\/2023\/06\/LCA-Karte-6.pdf&#8221;][vc_empty_space height=&#8221;35px&#8221;][\/vc_column][\/vc_row][vc_row][vc_column][vc_single_image image=&#8221;4191&#8243; img_size=&#8221;1200&#215;800&#8243; alignment=&#8221;center&#8221; el_class=&#8221;\u00a9\u00d6BB\/H\u00e4mmerle&#8221;][vc_column_text]<strong>\u00a9 \u00d6BB\/Hofmann<\/strong>[\/vc_column_text][\/vc_column][\/vc_row][vc_row][vc_column][vc_column_text]<\/p>\n<p>[\/vc_column_text][\/vc_column][\/vc_row]<\/p>\n<\/div>","protected":false},"excerpt":{"rendered":"<p>[vc_row css=&#8221;.vc_custom_1677230530609{padding-top: 30px !important;padding-bottom: 30px !important;background-image: url(https:\/\/www.lca-sued.at\/wp-content\/uploads\/2022\/11\/bg-warum-fuernitz.jpg?id=4044) !important;background-position: center !important;background-repeat: no-repeat !important;background-size: cover !important;}&#8221; el_class=&#8221;backgroundbox white padding_80px&#8221;][vc_column width=&#8221;1\/2&#8243;][vc_column_text] CENTER ZA [&hellip;]<\/p>\n","protected":false},"author":1,"featured_media":0,"parent":0,"menu_order":0,"comment_status":"closed","ping_status":"closed","template":"","meta":{"_acf_changed":false,"footnotes":""},"class_list":["post-2176","page","type-page","status-publish","hentry"],"acf":[],"yoast_head":"<!-- This site is optimized with the Yoast SEO plugin v27.0 - https:\/\/yoast.com\/product\/yoast-seo-wordpress\/ -->\n<title>\u017delezni\u0161ka infrastruktura - LCA SUED<\/title>\n<meta name=\"robots\" content=\"index, follow, max-snippet:-1, max-image-preview:large, max-video-preview:-1\" \/>\n<link rel=\"canonical\" href=\"https:\/\/www.lca-sued.at\/sl\/zelezniska-infrastruktura\/\" \/>\n<meta property=\"og:locale\" content=\"sl_SI\" \/>\n<meta property=\"og:type\" content=\"article\" \/>\n<meta property=\"og:title\" content=\"\u017delezni\u0161ka infrastruktura - LCA SUED\" \/>\n<meta property=\"og:description\" content=\"[vc_row css=&#8221;.vc_custom_1677230530609{padding-top: 30px !important;padding-bottom: 30px !important;background-image: url(https:\/\/www.lca-sued.at\/wp-content\/uploads\/2022\/11\/bg-warum-fuernitz.jpg?id=4044) !important;background-position: center !important;background-repeat: no-repeat !important;background-size: cover !important;}&#8221; el_class=&#8221;backgroundbox white padding_80px&#8221;][vc_column width=&#8221;1\/2&#8243;][vc_column_text] CENTER ZA [&hellip;]\" \/>\n<meta property=\"og:url\" content=\"https:\/\/www.lca-sued.at\/sl\/zelezniska-infrastruktura\/\" \/>\n<meta property=\"og:site_name\" content=\"LCA SUED\" \/>\n<meta property=\"article:modified_time\" content=\"2023-07-04T10:30:57+00:00\" \/>\n<meta property=\"og:image\" content=\"https:\/\/www.lca-sued.at\/wp-content\/uploads\/2022\/02\/lca-slider-2022.jpg\" \/>\n\t<meta property=\"og:image:width\" content=\"1024\" \/>\n\t<meta property=\"og:image:height\" content=\"486\" \/>\n\t<meta property=\"og:image:type\" content=\"image\/jpeg\" \/>\n<meta name=\"twitter:card\" content=\"summary_large_image\" \/>\n<meta name=\"twitter:label1\" content=\"Est. reading time\" \/>\n\t<meta name=\"twitter:data1\" content=\"3 minute\" \/>\n<script type=\"application\/ld+json\" class=\"yoast-schema-graph\">{\"@context\":\"https:\/\/schema.org\",\"@graph\":[{\"@type\":\"WebPage\",\"@id\":\"https:\/\/www.lca-sued.at\/sl\/zelezniska-infrastruktura\/\",\"url\":\"https:\/\/www.lca-sued.at\/sl\/zelezniska-infrastruktura\/\",\"name\":\"\u017delezni\u0161ka infrastruktura - LCA SUED\",\"isPartOf\":{\"@id\":\"https:\/\/www.lca-sued.at\/#website\"},\"datePublished\":\"2017-08-19T17:24:19+00:00\",\"dateModified\":\"2023-07-04T10:30:57+00:00\",\"breadcrumb\":{\"@id\":\"https:\/\/www.lca-sued.at\/sl\/zelezniska-infrastruktura\/#breadcrumb\"},\"inLanguage\":\"sl-SI\",\"potentialAction\":[{\"@type\":\"ReadAction\",\"target\":[\"https:\/\/www.lca-sued.at\/sl\/zelezniska-infrastruktura\/\"]}]},{\"@type\":\"BreadcrumbList\",\"@id\":\"https:\/\/www.lca-sued.at\/sl\/zelezniska-infrastruktura\/#breadcrumb\",\"itemListElement\":[{\"@type\":\"ListItem\",\"position\":1,\"name\":\"Startseite\",\"item\":\"https:\/\/www.lca-sued.at\/sl\/\"},{\"@type\":\"ListItem\",\"position\":2,\"name\":\"\u017delezni\u0161ka infrastruktura\"}]},{\"@type\":\"WebSite\",\"@id\":\"https:\/\/www.lca-sued.at\/#website\",\"url\":\"https:\/\/www.lca-sued.at\/\",\"name\":\"LCA SUED\",\"description\":\"LCA SUED\",\"publisher\":{\"@id\":\"https:\/\/www.lca-sued.at\/#organization\"},\"potentialAction\":[{\"@type\":\"SearchAction\",\"target\":{\"@type\":\"EntryPoint\",\"urlTemplate\":\"https:\/\/www.lca-sued.at\/?s={search_term_string}\"},\"query-input\":{\"@type\":\"PropertyValueSpecification\",\"valueRequired\":true,\"valueName\":\"search_term_string\"}}],\"inLanguage\":\"sl-SI\"},{\"@type\":\"Organization\",\"@id\":\"https:\/\/www.lca-sued.at\/#organization\",\"name\":\"LCA SUED\",\"url\":\"https:\/\/www.lca-sued.at\/\",\"logo\":{\"@type\":\"ImageObject\",\"inLanguage\":\"sl-SI\",\"@id\":\"https:\/\/www.lca-sued.at\/#\/schema\/logo\/image\/\",\"url\":\"https:\/\/www.lca-sued.at\/wp-content\/uploads\/2017\/08\/lca_logo.png\",\"contentUrl\":\"https:\/\/www.lca-sued.at\/wp-content\/uploads\/2017\/08\/lca_logo.png\",\"width\":167,\"height\":108,\"caption\":\"LCA SUED\"},\"image\":{\"@id\":\"https:\/\/www.lca-sued.at\/#\/schema\/logo\/image\/\"},\"sameAs\":[\"https:\/\/www.linkedin.com\/company\/lca-south\/\"]}]}<\/script>\n<!-- \/ Yoast SEO plugin. -->","yoast_head_json":{"title":"\u017delezni\u0161ka infrastruktura - LCA SUED","robots":{"index":"index","follow":"follow","max-snippet":"max-snippet:-1","max-image-preview":"max-image-preview:large","max-video-preview":"max-video-preview:-1"},"canonical":"https:\/\/www.lca-sued.at\/sl\/zelezniska-infrastruktura\/","og_locale":"sl_SI","og_type":"article","og_title":"\u017delezni\u0161ka infrastruktura - LCA SUED","og_description":"[vc_row css=&#8221;.vc_custom_1677230530609{padding-top: 30px !important;padding-bottom: 30px !important;background-image: url(https:\/\/www.lca-sued.at\/wp-content\/uploads\/2022\/11\/bg-warum-fuernitz.jpg?id=4044) !important;background-position: center !important;background-repeat: no-repeat !important;background-size: cover !important;}&#8221; el_class=&#8221;backgroundbox white padding_80px&#8221;][vc_column width=&#8221;1\/2&#8243;][vc_column_text] CENTER ZA [&hellip;]","og_url":"https:\/\/www.lca-sued.at\/sl\/zelezniska-infrastruktura\/","og_site_name":"LCA SUED","article_modified_time":"2023-07-04T10:30:57+00:00","og_image":[{"width":1024,"height":486,"url":"https:\/\/www.lca-sued.at\/wp-content\/uploads\/2022\/02\/lca-slider-2022.jpg","type":"image\/jpeg"}],"twitter_card":"summary_large_image","twitter_misc":{"Est. reading time":"3 minute"},"schema":{"@context":"https:\/\/schema.org","@graph":[{"@type":"WebPage","@id":"https:\/\/www.lca-sued.at\/sl\/zelezniska-infrastruktura\/","url":"https:\/\/www.lca-sued.at\/sl\/zelezniska-infrastruktura\/","name":"\u017delezni\u0161ka infrastruktura - LCA SUED","isPartOf":{"@id":"https:\/\/www.lca-sued.at\/#website"},"datePublished":"2017-08-19T17:24:19+00:00","dateModified":"2023-07-04T10:30:57+00:00","breadcrumb":{"@id":"https:\/\/www.lca-sued.at\/sl\/zelezniska-infrastruktura\/#breadcrumb"},"inLanguage":"sl-SI","potentialAction":[{"@type":"ReadAction","target":["https:\/\/www.lca-sued.at\/sl\/zelezniska-infrastruktura\/"]}]},{"@type":"BreadcrumbList","@id":"https:\/\/www.lca-sued.at\/sl\/zelezniska-infrastruktura\/#breadcrumb","itemListElement":[{"@type":"ListItem","position":1,"name":"Startseite","item":"https:\/\/www.lca-sued.at\/sl\/"},{"@type":"ListItem","position":2,"name":"\u017delezni\u0161ka infrastruktura"}]},{"@type":"WebSite","@id":"https:\/\/www.lca-sued.at\/#website","url":"https:\/\/www.lca-sued.at\/","name":"LCA SUED","description":"LCA SUED","publisher":{"@id":"https:\/\/www.lca-sued.at\/#organization"},"potentialAction":[{"@type":"SearchAction","target":{"@type":"EntryPoint","urlTemplate":"https:\/\/www.lca-sued.at\/?s={search_term_string}"},"query-input":{"@type":"PropertyValueSpecification","valueRequired":true,"valueName":"search_term_string"}}],"inLanguage":"sl-SI"},{"@type":"Organization","@id":"https:\/\/www.lca-sued.at\/#organization","name":"LCA SUED","url":"https:\/\/www.lca-sued.at\/","logo":{"@type":"ImageObject","inLanguage":"sl-SI","@id":"https:\/\/www.lca-sued.at\/#\/schema\/logo\/image\/","url":"https:\/\/www.lca-sued.at\/wp-content\/uploads\/2017\/08\/lca_logo.png","contentUrl":"https:\/\/www.lca-sued.at\/wp-content\/uploads\/2017\/08\/lca_logo.png","width":167,"height":108,"caption":"LCA SUED"},"image":{"@id":"https:\/\/www.lca-sued.at\/#\/schema\/logo\/image\/"},"sameAs":["https:\/\/www.linkedin.com\/company\/lca-south\/"]}]}},"_links":{"self":[{"href":"https:\/\/www.lca-sued.at\/sl\/wp-json\/wp\/v2\/pages\/2176","targetHints":{"allow":["GET"]}}],"collection":[{"href":"https:\/\/www.lca-sued.at\/sl\/wp-json\/wp\/v2\/pages"}],"about":[{"href":"https:\/\/www.lca-sued.at\/sl\/wp-json\/wp\/v2\/types\/page"}],"author":[{"embeddable":true,"href":"https:\/\/www.lca-sued.at\/sl\/wp-json\/wp\/v2\/users\/1"}],"replies":[{"embeddable":true,"href":"https:\/\/www.lca-sued.at\/sl\/wp-json\/wp\/v2\/comments?post=2176"}],"version-history":[{"count":16,"href":"https:\/\/www.lca-sued.at\/sl\/wp-json\/wp\/v2\/pages\/2176\/revisions"}],"predecessor-version":[{"id":5265,"href":"https:\/\/www.lca-sued.at\/sl\/wp-json\/wp\/v2\/pages\/2176\/revisions\/5265"}],"wp:attachment":[{"href":"https:\/\/www.lca-sued.at\/sl\/wp-json\/wp\/v2\/media?parent=2176"}],"curies":[{"name":"wp","href":"https:\/\/api.w.org\/{rel}","templated":true}]}}