{"id":2146,"date":"2017-08-19T19:24:12","date_gmt":"2017-08-19T17:24:12","guid":{"rendered":"https:\/\/www.lca-sued.at\/?page_id=2146"},"modified":"2023-05-04T13:09:33","modified_gmt":"2023-05-04T11:09:33","slug":"ueber-uns","status":"publish","type":"page","link":"https:\/\/www.lca-sued.at\/sl\/ueber-uns\/","title":{"rendered":"O NAS"},"content":{"rendered":"<div class=\"wpb-content-wrapper\"><p>[vc_row css=&#8221;.vc_custom_1552896824768{padding-top: 30px !important;padding-bottom: 30px !important;background-image: url(https:\/\/www.lca-sued.at\/wp-content\/uploads\/2017\/08\/STANDORTBETREIBERGESELLSCHAFT.jpg?id=61) !important;background-position: center !important;background-repeat: no-repeat !important;background-size: cover !important;}&#8221; el_class=&#8221;backgroundbox white padding_80px&#8221;][vc_column width=&#8221;1\/2&#8243;][vc_column_text]<\/p>\n<h2><strong>LOKACIJSKA AGENCIJA. AGENCIJA ZA KOMPETENTNOST. VSE NA ENEM MESTU.<\/strong><\/h2>\n<p><strong>LCA Logistik Center Austria S\u00fcd \u2013 kraj\u0161e LCAS<\/strong><\/p>\n<p>\u017delite ustanoviti podjetje na podro\u010dju logistike in mobilnosti? Raz\u0161iriti svoje podjetje v Koro\u0161ki regiji? Svoj tovor preva\u017eati na bolj okolju prijazen na\u010din in ovrednotiti uporabo trajnostne \u017eeleznice? I\u0161\u010dete mednarodne visoko usposobljene strokovnjake za va\u0161e logisti\u010dno podjetje? Ali pa se morda \u017eelite pridru\u017eiti koro\u0161ki logisti\u010dni skupnosti? Potem ste pri nas na pravem naslovu. Poskrbimo, da se va\u0161 logisti\u010dni projekt v Koro\u0161ki regiji uspe\u0161no za\u010dne.<\/p>\n<p>LCA Logistik Center Austria S\u00fcd GmbH je bila ustanovljena leta 2017 z namenom razvoja lokacije F\u00fcrnitz v vodilni logisti\u010dni center v alpsko-jadranski regiji.<\/p>\n<p>Danes LCAS ne pomeni samo ciljno usmerjenega spodbujanja in razvoja lokacije F\u00fcrnitz, ampak celotne logisti\u010dne lokacije Koro\u0161ke, pa tudi sodelovanje naseljenih podjetij in drugih zainteresiranih akterjev s podro\u010dja logistike in mobilnosti. LCAS prevzema kot lokacijska znamka osrednjo vlogo kot nevtralna koordinacijska, informacijska in komunikacijska platforma za logisti\u010dno lokacijo Koro\u0161ke.<\/p>\n<p>LCAS je v 100-odstotni lasti javnega sektorja.<\/p>\n<p>Vizija LCA Logistik Center Austria S\u00fcd GmbH je razviti lokacijo F\u00fcrnitz v najmodernej\u0161i in najbolj zeleni logisti\u010dni kometen\u010dni center znanja v alpsko-jadranski regiji in mednarodno pove\u010dati vidnost logisti\u010dne lokacije Koro\u0161ke.<\/p>\n<p>Obse\u017eno logisti\u010dno strokovno znanje se neprestano \u0161iri z raziskavami in razvojem v sodelovanju z in\u0161tituti, visoko\u0161olskimi ustanovami in univerzami. V ospredju so energetska u\u010dinkovitost, trajnostna industrijska politika, inteligentno povezovanje in inovativne tehnologije.[\/vc_column_text][\/vc_column][vc_column width=&#8221;1\/2&#8243;][vc_single_image image=&#8221;107&#8243; img_size=&#8221;full&#8221; alignment=&#8221;center&#8221;][\/vc_column][\/vc_row][vc_row css=&#8221;.vc_custom_1645621115213{padding-top: 30px !important;padding-bottom: 30px !important;}&#8221; el_class=&#8221;padding_80px&#8221;][vc_column][vc_row_inner css=&#8221;.vc_custom_1645620762218{padding-top: 30px !important;}&#8221;][vc_column_inner][vc_column_text]<\/p>\n<h2><strong>AGENCIJA.<br \/>\n<\/strong><strong>NJENA MISIJA. NJENE NALOGE.<\/strong><\/h2>\n<p>[\/vc_column_text][vc_column_text]LCA Logistik Center Austria S\u00fcd GmbH, agencija za lokacije in dru\u017eba K-BV K\u00e4rntner Beteiligungsverwaltung in \u00d6BB Infrastruktur AG, zdru\u017eujejo strate\u0161ke lokacijske prednosti z obse\u017enim strokovnim znanjem, preglednostjo in storitvami. LCAS se razume kot mo\u010dan partner logisti\u010dne industrije, ki z optimalnimi lokacijskimi pogoji, inteligentno povezavo in prilagojenimi re\u0161itvami zagotavlja najbolj\u0161e pogoje za u\u010dinkovite, viru prijazne verige transporta.<\/p>\n<p><strong>Lokacijske storitve za zainteresirane, priseljence in obstoje\u010da podjetja<\/strong><\/p>\n<ul>\n<li>Obse\u017ene informacije o logisti\u010dni lokaciji Koro\u0161ke in o logisti\u010dnem centru Logistik Center Austria S\u00fcd (LCA-S\u00fcd)<\/li>\n<li>Pomo\u010d pri iskanju primernih pisarn, proizvodnih in skladi\u0161\u010dnih povr\u0161in ter industrijskih zemlji\u0161\u010d<\/li>\n<li>Stik z TSA Terminal Service Austria (Terminal Villach S\u00fcd)<\/li>\n<li>Svetovalne storitve in stik z dav\u010dnimi in pravnimi strokovnjaki ter bankami<\/li>\n<li>Informacije in koordinacija financiranja in spodbud<\/li>\n<li>Podpora pri postopkih z organi in pri postopkih za pridobivanje dovoljenj<\/li>\n<li>Koordinacija iskanja osebja<\/li>\n<li>Podpora pri iskanju partnerjev za sodelovanje, dobaviteljev<\/li>\n<li>Ponudba usposabljanj, prilagojenih logisti\u010dnemu podro\u010dju<\/li>\n<\/ul>\n<p><a href=\"https:\/\/www.lca-sued.at\/sl\/storitve\/\">Izvedite ve\u010d<\/a>[\/vc_column_text][vc_column_text]<strong>Lokacijski razvoj in mednarodno tr\u017eenje Logistik Center Austria S\u00fcd<\/strong><\/p>\n<ul>\n<li>Razvoj in \u0161iritev lokacije<\/li>\n<li>Nadaljnji razvoj blagovne znamke lokacije<\/li>\n<li>Spletna prisotnost, PR, sejmi|kongresi, predstavitve in vodeni ogledi<\/li>\n<\/ul>\n<p>[\/vc_column_text][vc_column_text]<strong>Sodelovanja in projekti na podro\u010dju logistike<\/strong><\/p>\n<ul>\n<li>Razvoj notranjih in zunanjih sporazumov o sodelovanju za zagotavljanje prednosti stro\u0161kov in storitev<\/li>\n<li>Nacionalni in mednarodni projekti za spodbujanje trajnostne logistike na Koro\u0161kem.<\/li>\n<\/ul>\n<p><a href=\"https:\/\/www.lca-sued.at\/sl\/projekti\/\">Izvedite ve\u010d<\/a><\/p>\n<p>[\/vc_column_text][\/vc_column_inner][\/vc_row_inner][\/vc_column][\/vc_row]<\/p>\n<\/div>","protected":false},"excerpt":{"rendered":"<p>[vc_row css=&#8221;.vc_custom_1552896824768{padding-top: 30px !important;padding-bottom: 30px !important;background-image: url(https:\/\/www.lca-sued.at\/wp-content\/uploads\/2017\/08\/STANDORTBETREIBERGESELLSCHAFT.jpg?id=61) !important;background-position: center !important;background-repeat: no-repeat !important;background-size: cover !important;}&#8221; el_class=&#8221;backgroundbox white padding_80px&#8221;][vc_column width=&#8221;1\/2&#8243;][vc_column_text] LOKACIJSKA AGENCIJA. [&hellip;]<\/p>\n","protected":false},"author":1,"featured_media":0,"parent":0,"menu_order":0,"comment_status":"closed","ping_status":"closed","template":"","meta":{"_acf_changed":false,"footnotes":""},"class_list":["post-2146","page","type-page","status-publish","hentry"],"acf":[],"yoast_head":"<!-- This site is optimized with the Yoast SEO plugin v27.0 - https:\/\/yoast.com\/product\/yoast-seo-wordpress\/ -->\n<title>O NAS - LCA SUED<\/title>\n<meta name=\"robots\" content=\"index, follow, max-snippet:-1, max-image-preview:large, max-video-preview:-1\" \/>\n<link rel=\"canonical\" href=\"https:\/\/www.lca-sued.at\/sl\/ueber-uns\/\" \/>\n<meta property=\"og:locale\" content=\"sl_SI\" \/>\n<meta property=\"og:type\" content=\"article\" \/>\n<meta property=\"og:title\" content=\"O NAS - LCA SUED\" \/>\n<meta property=\"og:description\" content=\"[vc_row css=&#8221;.vc_custom_1552896824768{padding-top: 30px !important;padding-bottom: 30px !important;background-image: url(https:\/\/www.lca-sued.at\/wp-content\/uploads\/2017\/08\/STANDORTBETREIBERGESELLSCHAFT.jpg?id=61) !important;background-position: center !important;background-repeat: no-repeat !important;background-size: cover !important;}&#8221; el_class=&#8221;backgroundbox white padding_80px&#8221;][vc_column width=&#8221;1\/2&#8243;][vc_column_text] LOKACIJSKA AGENCIJA. [&hellip;]\" \/>\n<meta property=\"og:url\" content=\"https:\/\/www.lca-sued.at\/sl\/ueber-uns\/\" \/>\n<meta property=\"og:site_name\" content=\"LCA SUED\" \/>\n<meta property=\"article:modified_time\" content=\"2023-05-04T11:09:33+00:00\" \/>\n<meta property=\"og:image\" content=\"https:\/\/www.lca-sued.at\/wp-content\/uploads\/2022\/02\/lca-slider-2022.jpg\" \/>\n\t<meta property=\"og:image:width\" content=\"1024\" \/>\n\t<meta property=\"og:image:height\" content=\"486\" \/>\n\t<meta property=\"og:image:type\" content=\"image\/jpeg\" \/>\n<meta name=\"twitter:card\" content=\"summary_large_image\" \/>\n<meta name=\"twitter:label1\" content=\"Est. reading time\" \/>\n\t<meta name=\"twitter:data1\" content=\"3 minute\" \/>\n<script type=\"application\/ld+json\" class=\"yoast-schema-graph\">{\"@context\":\"https:\/\/schema.org\",\"@graph\":[{\"@type\":\"WebPage\",\"@id\":\"https:\/\/www.lca-sued.at\/sl\/ueber-uns\/\",\"url\":\"https:\/\/www.lca-sued.at\/sl\/ueber-uns\/\",\"name\":\"O NAS - LCA SUED\",\"isPartOf\":{\"@id\":\"https:\/\/www.lca-sued.at\/#website\"},\"datePublished\":\"2017-08-19T17:24:12+00:00\",\"dateModified\":\"2023-05-04T11:09:33+00:00\",\"breadcrumb\":{\"@id\":\"https:\/\/www.lca-sued.at\/sl\/ueber-uns\/#breadcrumb\"},\"inLanguage\":\"sl-SI\",\"potentialAction\":[{\"@type\":\"ReadAction\",\"target\":[\"https:\/\/www.lca-sued.at\/sl\/ueber-uns\/\"]}]},{\"@type\":\"BreadcrumbList\",\"@id\":\"https:\/\/www.lca-sued.at\/sl\/ueber-uns\/#breadcrumb\",\"itemListElement\":[{\"@type\":\"ListItem\",\"position\":1,\"name\":\"Startseite\",\"item\":\"https:\/\/www.lca-sued.at\/sl\/\"},{\"@type\":\"ListItem\",\"position\":2,\"name\":\"O NAS\"}]},{\"@type\":\"WebSite\",\"@id\":\"https:\/\/www.lca-sued.at\/#website\",\"url\":\"https:\/\/www.lca-sued.at\/\",\"name\":\"LCA SUED\",\"description\":\"LCA SUED\",\"publisher\":{\"@id\":\"https:\/\/www.lca-sued.at\/#organization\"},\"potentialAction\":[{\"@type\":\"SearchAction\",\"target\":{\"@type\":\"EntryPoint\",\"urlTemplate\":\"https:\/\/www.lca-sued.at\/?s={search_term_string}\"},\"query-input\":{\"@type\":\"PropertyValueSpecification\",\"valueRequired\":true,\"valueName\":\"search_term_string\"}}],\"inLanguage\":\"sl-SI\"},{\"@type\":\"Organization\",\"@id\":\"https:\/\/www.lca-sued.at\/#organization\",\"name\":\"LCA SUED\",\"url\":\"https:\/\/www.lca-sued.at\/\",\"logo\":{\"@type\":\"ImageObject\",\"inLanguage\":\"sl-SI\",\"@id\":\"https:\/\/www.lca-sued.at\/#\/schema\/logo\/image\/\",\"url\":\"https:\/\/www.lca-sued.at\/wp-content\/uploads\/2017\/08\/lca_logo.png\",\"contentUrl\":\"https:\/\/www.lca-sued.at\/wp-content\/uploads\/2017\/08\/lca_logo.png\",\"width\":167,\"height\":108,\"caption\":\"LCA SUED\"},\"image\":{\"@id\":\"https:\/\/www.lca-sued.at\/#\/schema\/logo\/image\/\"},\"sameAs\":[\"https:\/\/www.linkedin.com\/company\/lca-south\/\"]}]}<\/script>\n<!-- \/ Yoast SEO plugin. -->","yoast_head_json":{"title":"O NAS - LCA SUED","robots":{"index":"index","follow":"follow","max-snippet":"max-snippet:-1","max-image-preview":"max-image-preview:large","max-video-preview":"max-video-preview:-1"},"canonical":"https:\/\/www.lca-sued.at\/sl\/ueber-uns\/","og_locale":"sl_SI","og_type":"article","og_title":"O NAS - LCA SUED","og_description":"[vc_row css=&#8221;.vc_custom_1552896824768{padding-top: 30px !important;padding-bottom: 30px !important;background-image: url(https:\/\/www.lca-sued.at\/wp-content\/uploads\/2017\/08\/STANDORTBETREIBERGESELLSCHAFT.jpg?id=61) !important;background-position: center !important;background-repeat: no-repeat !important;background-size: cover !important;}&#8221; el_class=&#8221;backgroundbox white padding_80px&#8221;][vc_column width=&#8221;1\/2&#8243;][vc_column_text] LOKACIJSKA AGENCIJA. [&hellip;]","og_url":"https:\/\/www.lca-sued.at\/sl\/ueber-uns\/","og_site_name":"LCA SUED","article_modified_time":"2023-05-04T11:09:33+00:00","og_image":[{"width":1024,"height":486,"url":"https:\/\/www.lca-sued.at\/wp-content\/uploads\/2022\/02\/lca-slider-2022.jpg","type":"image\/jpeg"}],"twitter_card":"summary_large_image","twitter_misc":{"Est. reading time":"3 minute"},"schema":{"@context":"https:\/\/schema.org","@graph":[{"@type":"WebPage","@id":"https:\/\/www.lca-sued.at\/sl\/ueber-uns\/","url":"https:\/\/www.lca-sued.at\/sl\/ueber-uns\/","name":"O NAS - LCA SUED","isPartOf":{"@id":"https:\/\/www.lca-sued.at\/#website"},"datePublished":"2017-08-19T17:24:12+00:00","dateModified":"2023-05-04T11:09:33+00:00","breadcrumb":{"@id":"https:\/\/www.lca-sued.at\/sl\/ueber-uns\/#breadcrumb"},"inLanguage":"sl-SI","potentialAction":[{"@type":"ReadAction","target":["https:\/\/www.lca-sued.at\/sl\/ueber-uns\/"]}]},{"@type":"BreadcrumbList","@id":"https:\/\/www.lca-sued.at\/sl\/ueber-uns\/#breadcrumb","itemListElement":[{"@type":"ListItem","position":1,"name":"Startseite","item":"https:\/\/www.lca-sued.at\/sl\/"},{"@type":"ListItem","position":2,"name":"O NAS"}]},{"@type":"WebSite","@id":"https:\/\/www.lca-sued.at\/#website","url":"https:\/\/www.lca-sued.at\/","name":"LCA SUED","description":"LCA SUED","publisher":{"@id":"https:\/\/www.lca-sued.at\/#organization"},"potentialAction":[{"@type":"SearchAction","target":{"@type":"EntryPoint","urlTemplate":"https:\/\/www.lca-sued.at\/?s={search_term_string}"},"query-input":{"@type":"PropertyValueSpecification","valueRequired":true,"valueName":"search_term_string"}}],"inLanguage":"sl-SI"},{"@type":"Organization","@id":"https:\/\/www.lca-sued.at\/#organization","name":"LCA SUED","url":"https:\/\/www.lca-sued.at\/","logo":{"@type":"ImageObject","inLanguage":"sl-SI","@id":"https:\/\/www.lca-sued.at\/#\/schema\/logo\/image\/","url":"https:\/\/www.lca-sued.at\/wp-content\/uploads\/2017\/08\/lca_logo.png","contentUrl":"https:\/\/www.lca-sued.at\/wp-content\/uploads\/2017\/08\/lca_logo.png","width":167,"height":108,"caption":"LCA SUED"},"image":{"@id":"https:\/\/www.lca-sued.at\/#\/schema\/logo\/image\/"},"sameAs":["https:\/\/www.linkedin.com\/company\/lca-south\/"]}]}},"_links":{"self":[{"href":"https:\/\/www.lca-sued.at\/sl\/wp-json\/wp\/v2\/pages\/2146","targetHints":{"allow":["GET"]}}],"collection":[{"href":"https:\/\/www.lca-sued.at\/sl\/wp-json\/wp\/v2\/pages"}],"about":[{"href":"https:\/\/www.lca-sued.at\/sl\/wp-json\/wp\/v2\/types\/page"}],"author":[{"embeddable":true,"href":"https:\/\/www.lca-sued.at\/sl\/wp-json\/wp\/v2\/users\/1"}],"replies":[{"embeddable":true,"href":"https:\/\/www.lca-sued.at\/sl\/wp-json\/wp\/v2\/comments?post=2146"}],"version-history":[{"count":12,"href":"https:\/\/www.lca-sued.at\/sl\/wp-json\/wp\/v2\/pages\/2146\/revisions"}],"predecessor-version":[{"id":4860,"href":"https:\/\/www.lca-sued.at\/sl\/wp-json\/wp\/v2\/pages\/2146\/revisions\/4860"}],"wp:attachment":[{"href":"https:\/\/www.lca-sued.at\/sl\/wp-json\/wp\/v2\/media?parent=2146"}],"curies":[{"name":"wp","href":"https:\/\/api.w.org\/{rel}","templated":true}]}}