{"id":933,"date":"2017-08-19T19:24:28","date_gmt":"2017-08-19T17:24:28","guid":{"rendered":"https:\/\/www.lca-sued.at\/posizione\/"},"modified":"2024-01-24T19:23:44","modified_gmt":"2024-01-24T18:23:44","slug":"posizione","status":"publish","type":"page","link":"https:\/\/www.lca-sued.at\/it\/posizione\/","title":{"rendered":"Posizione"},"content":{"rendered":"<div class=\"wpb-content-wrapper\"><p>[vc_row css=&#8221;.vc_custom_1505909125063{padding-top: 30px !important;padding-bottom: 30px !important;background-image: url(https:\/\/www.lca-sued.at\/wp-content\/uploads\/2017\/08\/Standort.jpg?id=69) !important;background-position: center !important;background-repeat: no-repeat !important;background-size: cover !important;}&#8221; el_class=&#8221;padding_80px&#8221;][vc_column][vc_column_text]<\/p>\n<h2>DAL CUORE DELL&#8217;EUROPA AL MONDO INTERO.<\/h2>\n<h3>Il vostro hub logistico ideale nel sud dell&#8217;Austria.<\/h3>\n<p>[\/vc_column_text][vc_row_inner][vc_column_inner width=&#8221;1\/2&#8243;][vc_column_text]Il hub logistico Logistik Center Austria S\u00fcd (chiamato anche LCA-S\u00fcd) si trova nel Dreil\u00e4ndereck \u2013 nella zona della triplice frontiera fra Austria, Italia e Slovenia \u2013 ed \u00e8 situato nelle immediate vicinanze di Villach, la seconda regione economica della Carinzia per dimensione, nonch\u00e9 direttamente lungo l\u2019autostrada A2. Il sito si estende su un\u2019area totale di oltre 160 ettari ed \u00e8 suddiviso in due grandi zone. Circa 40 ettari fanno parte della <strong>Zona Nord<\/strong> e ca. altri 120 ettari della <strong>Zona Sud<\/strong>.<\/p>\n<p>LCA S\u00fcd si trova direttamente nel punto di intersezione di due grandi assi di transito: quello del Western-Alpine Balkan e quello Baltico-Adriatico. La \u00d6BB (le Ferrovie Federali Austriache) vi gestisce il secondo pi\u00f9 grande scalo ferroviario di smistamento dell&#8217;Austria che funge da crocevia per il traffico nazionale ed internazionale di merci e che nei giorni feriali offre, fra l\u2019altro, un collegamento con alcuni selezionati porti dell\u2019Adriatico. Oltre a questo centrale scalo di smistamento \u00d6BB gestisce anche una stazione di trasbordo con annesso il suo Cargo Combi Terminal come base per il traffico a carichi completi ed il traffico combinato (trasbordo di container, casse mobili e semirimorchi).[\/vc_column_text][\/vc_column_inner][vc_column_inner width=&#8221;1\/2&#8243;][vc_column_text]LCA S\u00fcd offre sia alle piccole e medie imprese che alle grandi aziende aree industriali di prim\u2019ordine e completamente infrastrutturate e si rivolge prevalentemente ad imprese operanti nel settore della logistica o dei servizi destinati alla logistica e ad imprese produttive. La sua posizione nelle immediate vicinanze dell\u2019autostrada A2 consente di raggiungere velocemente le altre regioni austriache confinanti nonch\u00e9 gli aeroporti di Klagenfurt, Graz e Lubiana (Slovenia). Numerose imprese e fornitori di servizi con oltre 1300 dipendenti stanno gi\u00e0 utilizzando questo sito come proprio centro logistico nell\u2019area dell\u2019Alpe Adria.[\/vc_column_text][\/vc_column_inner][\/vc_row_inner][vc_single_image image=&#8221;55&#8243; img_size=&#8221;full&#8221; css=&#8221;.vc_custom_1669724365849{border: 5px solid #ffffff !important;}&#8221;][vc_empty_space][vc_column_text]Le aree disponibili presso LCA-S\u00fcd sono evidenziate in marrone:[\/vc_column_text][vc_single_image image=&#8221;3726&#8243; img_size=&#8221;full&#8221; alignment=&#8221;center&#8221; css=&#8221;.vc_custom_1669724471779{border: 5px solid #ffffff !important;}&#8221;][\/vc_column][\/vc_row][vc_row disable_element=&#8221;yes&#8221;][vc_column width=&#8221;1\/2&#8243;][vc_column_text]<\/p>\n<h4>\u203a Baltisch-Adriatische-Achse<\/h4>\n<p>Die wichtige Hauptverkehrsachse verl\u00e4uft im Endausbau mit der Koralmbahn (2026) und dem Semmeringbasistunnel (2027) von der Ostsee zur Adria.<\/p>\n<p><strong>Danzig &gt; Warschau &gt; Wien &gt; Villach &gt; Triest &gt; Venedig &gt; Bologna<\/strong>[\/vc_column_text][vc_column_text]<\/p>\n<h4>&gt; Western-Balkan Korridor<\/h4>\n<p>Die Hauptachse des Alpentransits verl\u00e4uft \u00fcber:<\/p>\n<p><strong>M\u00fcnchen &gt; Salzburg &gt; Villach &gt; Ljubljana &gt; Zagreb &gt; Belgrad &gt; Sofia &gt; Istanbul<\/strong>[\/vc_column_text][\/vc_column][vc_column width=&#8221;1\/2&#8243;][vc_single_image image=&#8221;329&#8243; img_size=&#8221;full&#8221; alignment=&#8221;center&#8221; onclick=&#8221;custom_link&#8221; link=&#8221;https:\/\/www.lca-sued.at\/wp-content\/uploads\/2017\/08\/unser_standort.jpg&#8221; el_class=&#8221;prettyphoto&#8221;][\/vc_column][\/vc_row][vc_row][vc_column][vc_empty_space][\/vc_column][\/vc_row][vc_row disable_element=&#8221;yes&#8221; css=&#8221;.vc_custom_1669724504087{background-image: url(https:\/\/www.lca-sued.at\/wp-content\/uploads\/2017\/08\/PLAN\u00dcBERSICHT.jpg?id=73) !important;background-position: center !important;background-repeat: no-repeat !important;background-size: cover !important;}&#8221;][vc_column][vc_single_image image=&#8221;38&#8243; img_size=&#8221;full&#8221; alignment=&#8221;center&#8221;][vc_column_text]<\/p>\n<p style=\"text-align: center;\">PLAN\u00dcBERSICHT<\/p>\n<p style=\"text-align: center;\">Gesamtfl\u00e4che ca. 160 Hektar.<\/p>\n<p>[\/vc_column_text][\/vc_column][\/vc_row][vc_row disable_element=&#8221;yes&#8221; css=&#8221;.vc_custom_1669724542822{padding-top: 30px !important;padding-bottom: 30px !important;}&#8221; el_class=&#8221;padding_80px&#8221;][vc_column width=&#8221;1\/2&#8243;][vc_column_text]<\/p>\n<h2>UNSERE STANDORTVORTEILE<\/h2>\n<ul>\n<li>Autobahnkreuz Villach (Italien, Slowenien, Deutschland, Wien), 0,5 km<\/li>\n<li>optimale Anbindung zu den NAPA-H\u00e4fen Triest, Venedig, Ravenna, Koper und Rijeka (k\u00fcrzeste Distanz zwischen Westeuropa und Asien)<\/li>\n<li>direkt am Schnittpunkt des Western-Balkan Korridors und der Baltisch-Adriatischen-Achse<\/li>\n<li>optimale Voraussetzung f\u00fcr die Funktion als Trockenhafen<\/li>\n<li>Intermodal-Terminal der \u00d6BB<\/li>\n<li>Gro\u00dfverschiebebahnhof<\/li>\n<li>optimale Voraussetzung als G\u00fcterverkehrszentrum (GVZ)<\/li>\n<li>optimale Verbindung in den s\u00fcddeutschen Wirtschaftsraum und den Fertigungsregionen S\u00fcd- und S\u00fcdost-Europas<\/li>\n<li>Flughafen Klagenfurt, 45 km<\/li>\n<li>Flughafen Graz, 120 km<\/li>\n<li>Flughafen Laibach\/Slowenien, 80 km<\/li>\n<\/ul>\n<p>[\/vc_column_text][\/vc_column][vc_column width=&#8221;1\/2&#8243;][vc_single_image image=&#8221;325&#8243; img_size=&#8221;full&#8221; alignment=&#8221;center&#8221; el_class=&#8221;prettyphoto&#8221;][\/vc_column][\/vc_row][vc_row disable_element=&#8221;yes&#8221; css=&#8221;.vc_custom_1669724551039{padding-top: 50px !important;padding-right: 50px !important;padding-bottom: 50px !important;padding-left: 50px !important;background-image: url(https:\/\/www.lca-sued.at\/wp-content\/uploads\/2017\/08\/Unternehmen.jpg?id=76) !important;background-position: center !important;background-repeat: no-repeat !important;background-size: cover !important;}&#8221; el_class=&#8221;backgroundbox white&#8221;][vc_column width=&#8221;1\/2&#8243;][vc_column_text]<\/p>\n<h2>OPTIMALE<br \/>\nGRUNDST\u00dcCKSINFRASTRUKTUR<\/h2>\n<p>Auf einem Areal von 160 ha bieten wir Unternehmen aus den Bereichen Produktion, Logistik bzw. logistiknahen Dienstleistern voll erschlossene, erstklassige Betriebsfl\u00e4chen. Die Grundst\u00fccke sind schwerverkehrstauglich und verf\u00fcgen \u00fcber Kanalanschl\u00fcsse, Wasserversorgung, Strom, Erdgas, Fernw\u00e4rme sowie \u00fcber Telefon- und Breitband-Datenleitung. Dar\u00fcber hinaus unterst\u00fctzen wir ebenso bei der Suche nach verf\u00fcgbaren Bestandsfl\u00e4chen (B\u00fcros, Hallen).[\/vc_column_text][\/vc_column][vc_column width=&#8221;1\/2&#8243;][vc_single_image image=&#8221;134&#8243; img_size=&#8221;full&#8221; alignment=&#8221;center&#8221; css=&#8221;.vc_custom_1505129306150{padding-top: 40px !important;}&#8221;][\/vc_column][\/vc_row][vc_row][vc_column][vc_video link=&#8221;https:\/\/vimeo.com\/817221540\/6d1462967d&#8221;][\/vc_column][\/vc_row]<\/p>\n<\/div>","protected":false},"excerpt":{"rendered":"<p>[vc_row css=&#8221;.vc_custom_1505909125063{padding-top: 30px !important;padding-bottom: 30px !important;background-image: url(https:\/\/www.lca-sued.at\/wp-content\/uploads\/2017\/08\/Standort.jpg?id=69) !important;background-position: center !important;background-repeat: no-repeat !important;background-size: cover !important;}&#8221; el_class=&#8221;padding_80px&#8221;][vc_column][vc_column_text] DAL CUORE DELL&#8217;EUROPA AL MONDO [&hellip;]<\/p>\n","protected":false},"author":1,"featured_media":0,"parent":0,"menu_order":0,"comment_status":"closed","ping_status":"closed","template":"","meta":{"_acf_changed":false,"footnotes":""},"class_list":["post-933","page","type-page","status-publish","hentry"],"acf":[],"yoast_head":"<!-- This site is optimized with the Yoast SEO plugin v27.0 - https:\/\/yoast.com\/product\/yoast-seo-wordpress\/ -->\n<title>Posizione - LCA SUED<\/title>\n<meta name=\"robots\" content=\"index, follow, max-snippet:-1, max-image-preview:large, max-video-preview:-1\" \/>\n<link rel=\"canonical\" href=\"https:\/\/www.lca-sued.at\/it\/posizione\/\" \/>\n<meta property=\"og:locale\" content=\"it_IT\" \/>\n<meta property=\"og:type\" content=\"article\" \/>\n<meta property=\"og:title\" content=\"Posizione - LCA SUED\" \/>\n<meta property=\"og:description\" content=\"[vc_row css=&#8221;.vc_custom_1505909125063{padding-top: 30px !important;padding-bottom: 30px !important;background-image: url(https:\/\/www.lca-sued.at\/wp-content\/uploads\/2017\/08\/Standort.jpg?id=69) !important;background-position: center !important;background-repeat: no-repeat !important;background-size: cover !important;}&#8221; el_class=&#8221;padding_80px&#8221;][vc_column][vc_column_text] DAL CUORE DELL&#8217;EUROPA AL MONDO [&hellip;]\" \/>\n<meta property=\"og:url\" content=\"https:\/\/www.lca-sued.at\/it\/posizione\/\" \/>\n<meta property=\"og:site_name\" content=\"LCA SUED\" \/>\n<meta property=\"article:modified_time\" content=\"2024-01-24T18:23:44+00:00\" \/>\n<meta property=\"og:image\" content=\"https:\/\/www.lca-sued.at\/wp-content\/uploads\/2022\/02\/lca-slider-2022.jpg\" \/>\n\t<meta property=\"og:image:width\" content=\"1024\" \/>\n\t<meta property=\"og:image:height\" content=\"486\" \/>\n\t<meta property=\"og:image:type\" content=\"image\/jpeg\" \/>\n<meta name=\"twitter:card\" content=\"summary_large_image\" \/>\n<meta name=\"twitter:label1\" content=\"Tempo di lettura stimato\" \/>\n\t<meta name=\"twitter:data1\" content=\"4 minuti\" \/>\n<script type=\"application\/ld+json\" class=\"yoast-schema-graph\">{\"@context\":\"https:\/\/schema.org\",\"@graph\":[{\"@type\":\"WebPage\",\"@id\":\"https:\/\/www.lca-sued.at\/it\/posizione\/\",\"url\":\"https:\/\/www.lca-sued.at\/it\/posizione\/\",\"name\":\"Posizione - LCA SUED\",\"isPartOf\":{\"@id\":\"https:\/\/www.lca-sued.at\/#website\"},\"datePublished\":\"2017-08-19T17:24:28+00:00\",\"dateModified\":\"2024-01-24T18:23:44+00:00\",\"breadcrumb\":{\"@id\":\"https:\/\/www.lca-sued.at\/it\/posizione\/#breadcrumb\"},\"inLanguage\":\"it-IT\",\"potentialAction\":[{\"@type\":\"ReadAction\",\"target\":[\"https:\/\/www.lca-sued.at\/it\/posizione\/\"]}]},{\"@type\":\"BreadcrumbList\",\"@id\":\"https:\/\/www.lca-sued.at\/it\/posizione\/#breadcrumb\",\"itemListElement\":[{\"@type\":\"ListItem\",\"position\":1,\"name\":\"Startseite\",\"item\":\"https:\/\/www.lca-sued.at\/it\/\"},{\"@type\":\"ListItem\",\"position\":2,\"name\":\"Posizione\"}]},{\"@type\":\"WebSite\",\"@id\":\"https:\/\/www.lca-sued.at\/#website\",\"url\":\"https:\/\/www.lca-sued.at\/\",\"name\":\"LCA SUED\",\"description\":\"LCA SUED\",\"publisher\":{\"@id\":\"https:\/\/www.lca-sued.at\/#organization\"},\"potentialAction\":[{\"@type\":\"SearchAction\",\"target\":{\"@type\":\"EntryPoint\",\"urlTemplate\":\"https:\/\/www.lca-sued.at\/?s={search_term_string}\"},\"query-input\":{\"@type\":\"PropertyValueSpecification\",\"valueRequired\":true,\"valueName\":\"search_term_string\"}}],\"inLanguage\":\"it-IT\"},{\"@type\":\"Organization\",\"@id\":\"https:\/\/www.lca-sued.at\/#organization\",\"name\":\"LCA SUED\",\"url\":\"https:\/\/www.lca-sued.at\/\",\"logo\":{\"@type\":\"ImageObject\",\"inLanguage\":\"it-IT\",\"@id\":\"https:\/\/www.lca-sued.at\/#\/schema\/logo\/image\/\",\"url\":\"https:\/\/www.lca-sued.at\/wp-content\/uploads\/2017\/08\/lca_logo.png\",\"contentUrl\":\"https:\/\/www.lca-sued.at\/wp-content\/uploads\/2017\/08\/lca_logo.png\",\"width\":167,\"height\":108,\"caption\":\"LCA SUED\"},\"image\":{\"@id\":\"https:\/\/www.lca-sued.at\/#\/schema\/logo\/image\/\"},\"sameAs\":[\"https:\/\/www.linkedin.com\/company\/lca-south\/\"]}]}<\/script>\n<!-- \/ Yoast SEO plugin. -->","yoast_head_json":{"title":"Posizione - LCA SUED","robots":{"index":"index","follow":"follow","max-snippet":"max-snippet:-1","max-image-preview":"max-image-preview:large","max-video-preview":"max-video-preview:-1"},"canonical":"https:\/\/www.lca-sued.at\/it\/posizione\/","og_locale":"it_IT","og_type":"article","og_title":"Posizione - LCA SUED","og_description":"[vc_row css=&#8221;.vc_custom_1505909125063{padding-top: 30px !important;padding-bottom: 30px !important;background-image: url(https:\/\/www.lca-sued.at\/wp-content\/uploads\/2017\/08\/Standort.jpg?id=69) !important;background-position: center !important;background-repeat: no-repeat !important;background-size: cover !important;}&#8221; el_class=&#8221;padding_80px&#8221;][vc_column][vc_column_text] DAL CUORE DELL&#8217;EUROPA AL MONDO [&hellip;]","og_url":"https:\/\/www.lca-sued.at\/it\/posizione\/","og_site_name":"LCA SUED","article_modified_time":"2024-01-24T18:23:44+00:00","og_image":[{"width":1024,"height":486,"url":"https:\/\/www.lca-sued.at\/wp-content\/uploads\/2022\/02\/lca-slider-2022.jpg","type":"image\/jpeg"}],"twitter_card":"summary_large_image","twitter_misc":{"Tempo di lettura stimato":"4 minuti"},"schema":{"@context":"https:\/\/schema.org","@graph":[{"@type":"WebPage","@id":"https:\/\/www.lca-sued.at\/it\/posizione\/","url":"https:\/\/www.lca-sued.at\/it\/posizione\/","name":"Posizione - LCA SUED","isPartOf":{"@id":"https:\/\/www.lca-sued.at\/#website"},"datePublished":"2017-08-19T17:24:28+00:00","dateModified":"2024-01-24T18:23:44+00:00","breadcrumb":{"@id":"https:\/\/www.lca-sued.at\/it\/posizione\/#breadcrumb"},"inLanguage":"it-IT","potentialAction":[{"@type":"ReadAction","target":["https:\/\/www.lca-sued.at\/it\/posizione\/"]}]},{"@type":"BreadcrumbList","@id":"https:\/\/www.lca-sued.at\/it\/posizione\/#breadcrumb","itemListElement":[{"@type":"ListItem","position":1,"name":"Startseite","item":"https:\/\/www.lca-sued.at\/it\/"},{"@type":"ListItem","position":2,"name":"Posizione"}]},{"@type":"WebSite","@id":"https:\/\/www.lca-sued.at\/#website","url":"https:\/\/www.lca-sued.at\/","name":"LCA SUED","description":"LCA SUED","publisher":{"@id":"https:\/\/www.lca-sued.at\/#organization"},"potentialAction":[{"@type":"SearchAction","target":{"@type":"EntryPoint","urlTemplate":"https:\/\/www.lca-sued.at\/?s={search_term_string}"},"query-input":{"@type":"PropertyValueSpecification","valueRequired":true,"valueName":"search_term_string"}}],"inLanguage":"it-IT"},{"@type":"Organization","@id":"https:\/\/www.lca-sued.at\/#organization","name":"LCA SUED","url":"https:\/\/www.lca-sued.at\/","logo":{"@type":"ImageObject","inLanguage":"it-IT","@id":"https:\/\/www.lca-sued.at\/#\/schema\/logo\/image\/","url":"https:\/\/www.lca-sued.at\/wp-content\/uploads\/2017\/08\/lca_logo.png","contentUrl":"https:\/\/www.lca-sued.at\/wp-content\/uploads\/2017\/08\/lca_logo.png","width":167,"height":108,"caption":"LCA SUED"},"image":{"@id":"https:\/\/www.lca-sued.at\/#\/schema\/logo\/image\/"},"sameAs":["https:\/\/www.linkedin.com\/company\/lca-south\/"]}]}},"_links":{"self":[{"href":"https:\/\/www.lca-sued.at\/it\/wp-json\/wp\/v2\/pages\/933","targetHints":{"allow":["GET"]}}],"collection":[{"href":"https:\/\/www.lca-sued.at\/it\/wp-json\/wp\/v2\/pages"}],"about":[{"href":"https:\/\/www.lca-sued.at\/it\/wp-json\/wp\/v2\/types\/page"}],"author":[{"embeddable":true,"href":"https:\/\/www.lca-sued.at\/it\/wp-json\/wp\/v2\/users\/1"}],"replies":[{"embeddable":true,"href":"https:\/\/www.lca-sued.at\/it\/wp-json\/wp\/v2\/comments?post=933"}],"version-history":[{"count":11,"href":"https:\/\/www.lca-sued.at\/it\/wp-json\/wp\/v2\/pages\/933\/revisions"}],"predecessor-version":[{"id":5977,"href":"https:\/\/www.lca-sued.at\/it\/wp-json\/wp\/v2\/pages\/933\/revisions\/5977"}],"wp:attachment":[{"href":"https:\/\/www.lca-sued.at\/it\/wp-json\/wp\/v2\/media?parent=933"}],"curies":[{"name":"wp","href":"https:\/\/api.w.org\/{rel}","templated":true}]}}