{"id":913,"date":"2017-08-19T19:24:12","date_gmt":"2017-08-19T17:24:12","guid":{"rendered":"https:\/\/www.lca-sued.at\/chi-siamo\/"},"modified":"2023-05-04T13:05:48","modified_gmt":"2023-05-04T11:05:48","slug":"ueber-uns","status":"publish","type":"page","link":"https:\/\/www.lca-sued.at\/it\/ueber-uns\/","title":{"rendered":"Chi siamo"},"content":{"rendered":"<div class=\"wpb-content-wrapper\"><p>[vc_row css=&#8221;.vc_custom_1552896824768{padding-top: 30px !important;padding-bottom: 30px !important;background-image: url(https:\/\/www.lca-sued.at\/wp-content\/uploads\/2017\/08\/STANDORTBETREIBERGESELLSCHAFT.jpg?id=61) !important;background-position: center !important;background-repeat: no-repeat !important;background-size: cover !important;}&#8221; el_class=&#8221;backgroundbox white padding_80px&#8221;][vc_column width=&#8221;1\/2&#8243;][vc_column_text]<\/p>\n<h2>AGENZIA DI SVILUPPO. AGENZIA DI COMPETENZA. TUTTO DA UNA FONTE SOLA.<\/h2>\n<p><strong>LCA Logistik Center Austria S\u00fcd \u2013 LCAS in breve<\/strong><\/p>\n<p>Vorresti fondare un&#8217;azienda nel campo del trasporto, della logistica o della mobilit\u00e0? Espandere la tua azienda in Carinzia? Rendere il trasporto merci pi\u00f9 ecologico e valutare l&#8217;uso della ferrovia sostenibile? Cerchi specialisti internazionali altamente qualificati per la tua azienda di logistica? O forse vorresti semplicemente entrare a far parte della comunit\u00e0 logistica della Carinzia? Allora sei nel posto giusto. Ci assicuriamo che il tuo progetto logistico in Carinzia inizi con successo.<\/p>\n<p>L&#8217;agenzia di sviluppo LCA Logistik Center Austria S\u00fcd GmbH \u00e8 stata fondata nel 2017 con l&#8217;obiettivo di trasformare la sede di F\u00fcrnitz in un hub logistico leader nella regione Alpe-Adria.<\/p>\n<p>Oggi LCAS non rappresenta solo la promozione e lo sviluppo mirati della sede di F\u00fcrnitz, ma dell&#8217;intera sede logistica della Carinzia, nonch\u00e9 della collaborazione delle aziende con sede in loco e di altre parti interessate del settore della logistica e della mobilit\u00e0. In qualit\u00e0 di marchio di localizzazione, LCAS assume anche il ruolo centrale di piattaforma di coordinamento, informazione e comunicazione neutrale per la sede logistica della Carinzia.<\/p>\n<p>LCAS \u00e8 al 100% di propriet\u00e0 della mano pubblica.<\/p>\n<p>La visione di LCA Logistik Center Austria S\u00fcd GmbH \u00e8 quella di trasformare la sede di F\u00fcrnitz nel centro di competenza logistica pi\u00f9 moderno e pi\u00f9 verde della regione Alpe-Adria e di dare alla Carinzia una maggiore visibilit\u00e0 internazionale come sede logistica.<\/p>\n<p>Il vasto know-how logistico viene continuamente ampliato attraverso la continua ricerca e sviluppo in collaborazione con istituzioni, istituti tecnici e universit\u00e0. L&#8217;attenzione si concentra su efficienza energetica, politica industriale sostenibile, networking intelligente e tecnologie innovative.[\/vc_column_text][\/vc_column][vc_column width=&#8221;1\/2&#8243;][vc_single_image image=&#8221;107&#8243; img_size=&#8221;full&#8221; alignment=&#8221;center&#8221;][\/vc_column][\/vc_row][vc_row css=&#8221;.vc_custom_1645621115213{padding-top: 30px !important;padding-bottom: 30px !important;}&#8221; el_class=&#8221;padding_80px&#8221;][vc_column][vc_row_inner css=&#8221;.vc_custom_1645620762218{padding-top: 30px !important;}&#8221;][vc_column_inner][vc_column_text]<\/p>\n<h2>L&#8217;AGENZIA.<br \/>\nLA SUA MISSIONE. I SUOI COMPITI.<\/h2>\n<p>[\/vc_column_text][vc_column_text]LCA Logistik Center Austria S\u00fcd GmbH, agenzia di sviluppo e societ\u00e0 di K-BV K\u00e4rntner Beteiligungsverwaltung e \u00d6BB Infrastruktur AG, combina i vantaggi della posizione strategica con un know-how, una visione e un servizio completi. LCAS si considera un partner forte del settore della logistica, creando le migliori condizioni per catene di trasporto efficienti e a risparmio di risorse con condizioni ottimali del sito, networking intelligente e soluzioni su misura.<\/p>\n<p><strong>Servizi per interessati, investitori ed aziende esistenti<\/strong><\/p>\n<ul>\n<li>Informazioni dettagliate sulla sede logistica della Carinzia e sul hub logistico Logistik Center Austria S\u00fcd (LCA-S\u00fcd)<\/li>\n<li>Assistenza nella ricerca di uffici idonei, aree produttive e di stoccaggio nonch\u00e9 immobili commerciali<\/li>\n<li>Stabilire un contatto con TSA Terminal Service Austria (Terminal Villach S\u00fcd)<\/li>\n<li>Consulenza e contatti con esperti legali, fiscali e banche<\/li>\n<li>Informazione su e coordinamento di finanziamenti e contributi<\/li>\n<li>Supporto con canali ufficiali e procedure di autorizzazioni<\/li>\n<li>Coordinamento della ricerca del personale<\/li>\n<li>Supporto nella ricerca di partners di collaborazione, fornitori<\/li>\n<li>Offerta su misura di istruzione per l&#8217;area della logistica<\/li>\n<\/ul>\n<p><a href=\"https:\/\/www.lca-sued.at\/it\/servizi\/\">Leggere di pi\u00f9<\/a>[\/vc_column_text][vc_column_text]<strong>Sviluppo della location e marketing internazionale del Logistik Center Austria S\u00fcd<\/strong><\/p>\n<ul>\n<li>Sviluppo ed espansione del hub<\/li>\n<li>Ulteriore sviluppo del marchio di localizzazione<\/li>\n<li>Presenza online, PR, fiere|convegni, presentazioni e visite guidate<\/li>\n<\/ul>\n<p>[\/vc_column_text][vc_column_text]<strong>Cooperazione e progetti nel campo della logistica<\/strong><\/p>\n<ul>\n<li>Sviluppo di approcci di cooperazione interni ed esterni per garantire vantaggi in termini di costi e servizi<\/li>\n<li>Progetti nazionali e internazionali per promuovere la logistica sostenibile in Carinzia<\/li>\n<\/ul>\n<p><a href=\"https:\/\/www.lca-sued.at\/it\/progetti\">Leggere di pi\u00f9<\/a>[\/vc_column_text][\/vc_column_inner][\/vc_row_inner][\/vc_column][\/vc_row]<\/p>\n<\/div>","protected":false},"excerpt":{"rendered":"<p>[vc_row css=&#8221;.vc_custom_1552896824768{padding-top: 30px !important;padding-bottom: 30px !important;background-image: url(https:\/\/www.lca-sued.at\/wp-content\/uploads\/2017\/08\/STANDORTBETREIBERGESELLSCHAFT.jpg?id=61) !important;background-position: center !important;background-repeat: no-repeat !important;background-size: cover !important;}&#8221; el_class=&#8221;backgroundbox white padding_80px&#8221;][vc_column width=&#8221;1\/2&#8243;][vc_column_text] AGENZIA DI [&hellip;]<\/p>\n","protected":false},"author":1,"featured_media":0,"parent":0,"menu_order":0,"comment_status":"closed","ping_status":"closed","template":"","meta":{"_acf_changed":false,"footnotes":""},"class_list":["post-913","page","type-page","status-publish","hentry"],"acf":[],"yoast_head":"<!-- This site is optimized with the Yoast SEO plugin v27.0 - https:\/\/yoast.com\/product\/yoast-seo-wordpress\/ -->\n<title>Chi siamo - LCA SUED<\/title>\n<meta name=\"robots\" content=\"index, follow, max-snippet:-1, max-image-preview:large, max-video-preview:-1\" \/>\n<link rel=\"canonical\" href=\"https:\/\/www.lca-sued.at\/it\/ueber-uns\/\" \/>\n<meta property=\"og:locale\" content=\"it_IT\" \/>\n<meta property=\"og:type\" content=\"article\" \/>\n<meta property=\"og:title\" content=\"Chi siamo - LCA SUED\" \/>\n<meta property=\"og:description\" content=\"[vc_row css=&#8221;.vc_custom_1552896824768{padding-top: 30px !important;padding-bottom: 30px !important;background-image: url(https:\/\/www.lca-sued.at\/wp-content\/uploads\/2017\/08\/STANDORTBETREIBERGESELLSCHAFT.jpg?id=61) !important;background-position: center !important;background-repeat: no-repeat !important;background-size: cover !important;}&#8221; el_class=&#8221;backgroundbox white padding_80px&#8221;][vc_column width=&#8221;1\/2&#8243;][vc_column_text] AGENZIA DI [&hellip;]\" \/>\n<meta property=\"og:url\" content=\"https:\/\/www.lca-sued.at\/it\/ueber-uns\/\" \/>\n<meta property=\"og:site_name\" content=\"LCA SUED\" \/>\n<meta property=\"article:modified_time\" content=\"2023-05-04T11:05:48+00:00\" \/>\n<meta property=\"og:image\" content=\"https:\/\/www.lca-sued.at\/wp-content\/uploads\/2022\/02\/lca-slider-2022.jpg\" \/>\n\t<meta property=\"og:image:width\" content=\"1024\" \/>\n\t<meta property=\"og:image:height\" content=\"486\" \/>\n\t<meta property=\"og:image:type\" content=\"image\/jpeg\" \/>\n<meta name=\"twitter:card\" content=\"summary_large_image\" \/>\n<meta name=\"twitter:label1\" content=\"Tempo di lettura stimato\" \/>\n\t<meta name=\"twitter:data1\" content=\"4 minuti\" \/>\n<script type=\"application\/ld+json\" class=\"yoast-schema-graph\">{\"@context\":\"https:\/\/schema.org\",\"@graph\":[{\"@type\":\"WebPage\",\"@id\":\"https:\/\/www.lca-sued.at\/it\/ueber-uns\/\",\"url\":\"https:\/\/www.lca-sued.at\/it\/ueber-uns\/\",\"name\":\"Chi siamo - LCA SUED\",\"isPartOf\":{\"@id\":\"https:\/\/www.lca-sued.at\/#website\"},\"datePublished\":\"2017-08-19T17:24:12+00:00\",\"dateModified\":\"2023-05-04T11:05:48+00:00\",\"breadcrumb\":{\"@id\":\"https:\/\/www.lca-sued.at\/it\/ueber-uns\/#breadcrumb\"},\"inLanguage\":\"it-IT\",\"potentialAction\":[{\"@type\":\"ReadAction\",\"target\":[\"https:\/\/www.lca-sued.at\/it\/ueber-uns\/\"]}]},{\"@type\":\"BreadcrumbList\",\"@id\":\"https:\/\/www.lca-sued.at\/it\/ueber-uns\/#breadcrumb\",\"itemListElement\":[{\"@type\":\"ListItem\",\"position\":1,\"name\":\"Startseite\",\"item\":\"https:\/\/www.lca-sued.at\/it\/\"},{\"@type\":\"ListItem\",\"position\":2,\"name\":\"Chi siamo\"}]},{\"@type\":\"WebSite\",\"@id\":\"https:\/\/www.lca-sued.at\/#website\",\"url\":\"https:\/\/www.lca-sued.at\/\",\"name\":\"LCA SUED\",\"description\":\"LCA SUED\",\"publisher\":{\"@id\":\"https:\/\/www.lca-sued.at\/#organization\"},\"potentialAction\":[{\"@type\":\"SearchAction\",\"target\":{\"@type\":\"EntryPoint\",\"urlTemplate\":\"https:\/\/www.lca-sued.at\/?s={search_term_string}\"},\"query-input\":{\"@type\":\"PropertyValueSpecification\",\"valueRequired\":true,\"valueName\":\"search_term_string\"}}],\"inLanguage\":\"it-IT\"},{\"@type\":\"Organization\",\"@id\":\"https:\/\/www.lca-sued.at\/#organization\",\"name\":\"LCA SUED\",\"url\":\"https:\/\/www.lca-sued.at\/\",\"logo\":{\"@type\":\"ImageObject\",\"inLanguage\":\"it-IT\",\"@id\":\"https:\/\/www.lca-sued.at\/#\/schema\/logo\/image\/\",\"url\":\"https:\/\/www.lca-sued.at\/wp-content\/uploads\/2017\/08\/lca_logo.png\",\"contentUrl\":\"https:\/\/www.lca-sued.at\/wp-content\/uploads\/2017\/08\/lca_logo.png\",\"width\":167,\"height\":108,\"caption\":\"LCA SUED\"},\"image\":{\"@id\":\"https:\/\/www.lca-sued.at\/#\/schema\/logo\/image\/\"},\"sameAs\":[\"https:\/\/www.linkedin.com\/company\/lca-south\/\"]}]}<\/script>\n<!-- \/ Yoast SEO plugin. -->","yoast_head_json":{"title":"Chi siamo - LCA SUED","robots":{"index":"index","follow":"follow","max-snippet":"max-snippet:-1","max-image-preview":"max-image-preview:large","max-video-preview":"max-video-preview:-1"},"canonical":"https:\/\/www.lca-sued.at\/it\/ueber-uns\/","og_locale":"it_IT","og_type":"article","og_title":"Chi siamo - LCA SUED","og_description":"[vc_row css=&#8221;.vc_custom_1552896824768{padding-top: 30px !important;padding-bottom: 30px !important;background-image: url(https:\/\/www.lca-sued.at\/wp-content\/uploads\/2017\/08\/STANDORTBETREIBERGESELLSCHAFT.jpg?id=61) !important;background-position: center !important;background-repeat: no-repeat !important;background-size: cover !important;}&#8221; el_class=&#8221;backgroundbox white padding_80px&#8221;][vc_column width=&#8221;1\/2&#8243;][vc_column_text] AGENZIA DI [&hellip;]","og_url":"https:\/\/www.lca-sued.at\/it\/ueber-uns\/","og_site_name":"LCA SUED","article_modified_time":"2023-05-04T11:05:48+00:00","og_image":[{"width":1024,"height":486,"url":"https:\/\/www.lca-sued.at\/wp-content\/uploads\/2022\/02\/lca-slider-2022.jpg","type":"image\/jpeg"}],"twitter_card":"summary_large_image","twitter_misc":{"Tempo di lettura stimato":"4 minuti"},"schema":{"@context":"https:\/\/schema.org","@graph":[{"@type":"WebPage","@id":"https:\/\/www.lca-sued.at\/it\/ueber-uns\/","url":"https:\/\/www.lca-sued.at\/it\/ueber-uns\/","name":"Chi siamo - LCA SUED","isPartOf":{"@id":"https:\/\/www.lca-sued.at\/#website"},"datePublished":"2017-08-19T17:24:12+00:00","dateModified":"2023-05-04T11:05:48+00:00","breadcrumb":{"@id":"https:\/\/www.lca-sued.at\/it\/ueber-uns\/#breadcrumb"},"inLanguage":"it-IT","potentialAction":[{"@type":"ReadAction","target":["https:\/\/www.lca-sued.at\/it\/ueber-uns\/"]}]},{"@type":"BreadcrumbList","@id":"https:\/\/www.lca-sued.at\/it\/ueber-uns\/#breadcrumb","itemListElement":[{"@type":"ListItem","position":1,"name":"Startseite","item":"https:\/\/www.lca-sued.at\/it\/"},{"@type":"ListItem","position":2,"name":"Chi siamo"}]},{"@type":"WebSite","@id":"https:\/\/www.lca-sued.at\/#website","url":"https:\/\/www.lca-sued.at\/","name":"LCA SUED","description":"LCA SUED","publisher":{"@id":"https:\/\/www.lca-sued.at\/#organization"},"potentialAction":[{"@type":"SearchAction","target":{"@type":"EntryPoint","urlTemplate":"https:\/\/www.lca-sued.at\/?s={search_term_string}"},"query-input":{"@type":"PropertyValueSpecification","valueRequired":true,"valueName":"search_term_string"}}],"inLanguage":"it-IT"},{"@type":"Organization","@id":"https:\/\/www.lca-sued.at\/#organization","name":"LCA SUED","url":"https:\/\/www.lca-sued.at\/","logo":{"@type":"ImageObject","inLanguage":"it-IT","@id":"https:\/\/www.lca-sued.at\/#\/schema\/logo\/image\/","url":"https:\/\/www.lca-sued.at\/wp-content\/uploads\/2017\/08\/lca_logo.png","contentUrl":"https:\/\/www.lca-sued.at\/wp-content\/uploads\/2017\/08\/lca_logo.png","width":167,"height":108,"caption":"LCA SUED"},"image":{"@id":"https:\/\/www.lca-sued.at\/#\/schema\/logo\/image\/"},"sameAs":["https:\/\/www.linkedin.com\/company\/lca-south\/"]}]}},"_links":{"self":[{"href":"https:\/\/www.lca-sued.at\/it\/wp-json\/wp\/v2\/pages\/913","targetHints":{"allow":["GET"]}}],"collection":[{"href":"https:\/\/www.lca-sued.at\/it\/wp-json\/wp\/v2\/pages"}],"about":[{"href":"https:\/\/www.lca-sued.at\/it\/wp-json\/wp\/v2\/types\/page"}],"author":[{"embeddable":true,"href":"https:\/\/www.lca-sued.at\/it\/wp-json\/wp\/v2\/users\/1"}],"replies":[{"embeddable":true,"href":"https:\/\/www.lca-sued.at\/it\/wp-json\/wp\/v2\/comments?post=913"}],"version-history":[{"count":15,"href":"https:\/\/www.lca-sued.at\/it\/wp-json\/wp\/v2\/pages\/913\/revisions"}],"predecessor-version":[{"id":4858,"href":"https:\/\/www.lca-sued.at\/it\/wp-json\/wp\/v2\/pages\/913\/revisions\/4858"}],"wp:attachment":[{"href":"https:\/\/www.lca-sued.at\/it\/wp-json\/wp\/v2\/media?parent=913"}],"curies":[{"name":"wp","href":"https:\/\/api.w.org\/{rel}","templated":true}]}}