{"id":895,"date":"2017-08-19T19:24:19","date_gmt":"2017-08-19T17:24:19","guid":{"rendered":"https:\/\/www.lca-sued.at\/servizi\/"},"modified":"2023-07-04T12:29:23","modified_gmt":"2023-07-04T10:29:23","slug":"infrastruttura-ferroviaria","status":"publish","type":"page","link":"https:\/\/www.lca-sued.at\/it\/infrastruttura-ferroviaria\/","title":{"rendered":"Infrastruttura ferroviaria"},"content":{"rendered":"<div class=\"wpb-content-wrapper\"><p>[vc_row css=&#8221;.vc_custom_1677230530609{padding-top: 30px !important;padding-bottom: 30px !important;background-image: url(https:\/\/www.lca-sued.at\/wp-content\/uploads\/2022\/11\/bg-warum-fuernitz.jpg?id=4044) !important;background-position: center !important;background-repeat: no-repeat !important;background-size: cover !important;}&#8221; el_class=&#8221;backgroundbox white padding_80px&#8221;][vc_column width=&#8221;1\/2&#8243;][vc_column_text]<\/p>\n<h2>IL CENTRO DI COMPETENZA PER LA LOGISTICA E LA MOBILIT\u00c0 IN CARINZIA \u2013 UNA VIVACE COOPERAZIONE.<\/h2>\n<p>&nbsp;<\/p>\n<p>L&#8217;Hub Logistik Center Austria S\u00fcd, la location logistica nell&#8217;Austria meridionale, combina servizi legati alla logistica con servizi di terminal e concetti di trasporto intermodale.<\/p>\n<p>Viene offerta un&#8217;ampia gamma di supporto e servizi di consulenza per tutto ci\u00f2 che riguarda la sede logistica della Carinzia in generale e l&#8217;hub logistico F\u00fcrnitz|Villach in particolare. Oltre al secondo scalo di smistamento pi\u00f9 grande dell&#8217;Austria, la sede ospita anche il Combi Cargo Terminal Villach S\u00fcd gestito da \u00d6BB Infrastruktur.<\/p>\n<p>Inoltre, l&#8217;agenzia di localizzazione e di sviluppo del hub si sta trasformando in un centro di competenza per la logistica e la mobilit\u00e0 in Carinzia e si \u00e8 posta il compito di rendere pi\u00f9 visibile la location logistica della Carinzia e rafforzarla in tutte le sue sfaccettature e con i suoi stakeholder. Ci\u00f2 include soprattutto la commercializzazione della ferrovia come alternativa verde al trasporto merci su strada e l&#8217;ulteriore espansione della piattaforma logistica in un porto dell&#8217;entroterra e Dryport per i porti dell&#8217;Adriatico settentrionale di Trieste e Capodistria.[\/vc_column_text][\/vc_column][vc_column width=&#8221;1\/2&#8243;][\/vc_column][\/vc_row][vc_row disable_element=&#8221;yes&#8221; css=&#8221;.vc_custom_1669724640830{padding-top: 30px !important;padding-bottom: 30px !important;}&#8221; el_class=&#8221;padding_80px&#8221;][vc_column width=&#8221;1\/2&#8243;][vc_column_text]<\/p>\n<h2>INTERNATIONALES INVESTORENSERVICE<br \/>\nALS ONE-STOP-SHOP.<\/h2>\n<p>Die LCA Logistik Center S\u00fcd GmbH (LCAS) unterst\u00fctzt Ansiedlungen von neuen, international agierenden, logistikaffinen Betrieben und begleitet diese strategisch &#8211; professionell und kostenfrei.<br \/>\nEin umfassendes und ma\u00dfgeschneidertes Spektrum an Serviceleistungen ist ein wichtiger Teil des Leistungskataloges der Standortagentur. Dazu geh\u00f6ren unterst\u00fctzende und beratende Dienstleistungen wie:<\/p>\n<ul>\n<li><strong>Umfangreiche Informationen zum Standort Logistik Center Austria S\u00fcd<\/strong><\/li>\n<li><strong>Hilfestellung bei der Suche nach geeigneten B\u00fcros, Produktions- und Lagerfl\u00e4chen sowie Gewerbegrundst\u00fccken<\/strong><\/li>\n<li><strong>Beratung und Kontaktherstellung zu Rechts- und Steuerexperten und Banken<\/strong><\/li>\n<li><strong>Information und Koordination von Finanzierung und F\u00f6rderungen<\/strong><\/li>\n<li><strong>Unterst\u00fctzung bei Beh\u00f6rdenwegen und Genehmigungsverfahren<\/strong><\/li>\n<li><strong>Koordination der Personalsuche<\/strong><\/li>\n<li><strong>Unterst\u00fctzung bei der Suche nach Kooperationspartnern, Lieferanten<\/strong><\/li>\n<li><strong>u.v.m<\/strong><\/li>\n<\/ul>\n<p>Und dies alles in mehreren Fremdsprachen.<\/p>\n<p>Interessiert? Wir freuen uns auf Ihre Kontaktaufnahme und die Begleitung bei Ihrer Projektumsetzung:\u00a0 <a href=\"mailto:office@lca-sued.at\">office@lca-sued.at<\/a>[\/vc_column_text][\/vc_column][vc_column width=&#8221;1\/2&#8243;][vc_single_image image=&#8221;65&#8243; img_size=&#8221;full&#8221; alignment=&#8221;center&#8221;][\/vc_column][\/vc_row][vc_row css=&#8221;.vc_custom_1503235645438{padding-right: 80px !important;padding-left: 80px !important;}&#8221;][vc_column][vc_separator color=&#8221;custom&#8221; accent_color=&#8221;#009adf&#8221;][vc_column_text css=&#8221;.vc_custom_1683202473997{margin-top: 50px !important;}&#8221;]<\/p>\n<h2>SERVIZI DI TERMINAL \u00d6BB.<\/h2>\n<p>[\/vc_column_text][\/vc_column][\/vc_row][vc_row full_width=&#8221;stretch_row&#8221; content_placement=&#8221;top&#8221; css=&#8221;.vc_custom_1683620943506{background-color: #eef7fc !important;}&#8221;][vc_column][vc_column_text]<\/p>\n<div class=\"wpb_text_column wpb_content_element \">\n<div class=\"wpb_wrapper\">\n<p>All\u2019interno del sito la \u00d6BB (Ferrovie Federali Austriache) gestisce una grande scalo ferroviario di smistamento ed una stazione di trasbordo con annesso il suo centro logistico come base per il traffico a carichi completi ed il traffico combinato. Nell\u2019aria industriale di F\u00fcrnitz si trovano inoltre un centro logistico, la sede di un terminal della \u00d6BB.<\/p>\n<h2>LA GAMMA DI SERVIZI:<\/h2>\n<\/div>\n<\/div>\n<p>[\/vc_column_text][vc_row_inner equal_height=&#8221;yes&#8221; content_placement=&#8221;top&#8221;][vc_column_inner width=&#8221;1\/2&#8243;][vc_column_text]<\/p>\n<ul>\n<li>Dogana, servizio refrigerazione\/riscaldamento riparazione container<\/li>\n<li>Deposito container vuoti, pulizia container, agenzia, check in\/out<\/li>\n<li>Binari di trasbordo anche per il traffico convenzionale<\/li>\n<li>Possibilit\u00e0 di posteggio di vagoni merci e, a richiesta, di motrici e macchine da trazione<\/li>\n<li>Impianti di rifornimento, assistenza e riparazione nelle vicinanze &gt; Villach Westbf<\/li>\n<li>\u2022 Servizio di last mile logistico compreso di servizio di smistamento e meccanico (assistenza tecnica)<\/li>\n<\/ul>\n<p>[\/vc_column_text][\/vc_column_inner][vc_column_inner width=&#8221;1\/2&#8243;][vc_column_text]<\/p>\n<ul>\n<li>Pesatura a norma SOLAS<\/li>\n<li>Stoccaggio di breve periodo in container (fino a 21 giorni in accordo con i responsabili della sicurezza) di merci pericolose RID<\/li>\n<li>Stoccaggio, caricamento e trasbordo di merci compreso il fissaggio del carico<\/li>\n<li>Caricamento di autocarri e autotreni non sollevabili con gru<\/li>\n<li>etc.<\/li>\n<\/ul>\n<p>[\/vc_column_text][\/vc_column_inner][\/vc_row_inner][vc_row_inner css=&#8221;.vc_custom_1503483548012{margin-top: 60px !important;}&#8221;][vc_column_inner width=&#8221;1\/3&#8243;][vc_single_image image=&#8221;209&#8243; img_size=&#8221;full&#8221;][vc_column_text]<strong>Progetti di trasporto personalizzati<\/strong><br \/>\nIl collegamento perfetto fra strada e rotaia e la connessione intelligente fra i porti dell\u2019Adriatico settentrionale e l\u2019interporto LCA S\u00fcd permettono di fornire una gamma di servizi completa.[\/vc_column_text][\/vc_column_inner][vc_column_inner width=&#8221;1\/3&#8243;][vc_single_image image=&#8221;208&#8243; img_size=&#8221;full&#8221;][vc_column_text]<\/p>\n<div class=\"wpb_text_column wpb_content_element \">\n<div class=\"wpb_wrapper\">\n<p><strong>Dati tecnici<\/strong><\/p>\n<ul>\n<li>fino a 40 t di casse mobili, semirimorchi da 32 di container<\/li>\n<li>2 carrelli elevatori per container fino a 45 t di casse mobili\/semirimorchi e container<\/li>\n<li>Binario di carico per ROLA (autostrada viaggiante) da 600m<\/li>\n<\/ul>\n<\/div>\n<\/div>\n<p>[\/vc_column_text][\/vc_column_inner][vc_column_inner width=&#8221;1\/3&#8243;][vc_single_image image=&#8221;207&#8243; img_size=&#8221;full&#8221;][vc_column_text]<strong>Superficie complessiva<\/strong><br \/>\nIl terminal copre una superficie complessiva di ca. 70.ooo m\u00b2[\/vc_column_text][\/vc_column_inner][\/vc_row_inner][\/vc_column][\/vc_row][vc_row][vc_column][vc_empty_space height=&#8221;35px&#8221;][vc_column_text][\/vc_column_text][vc_empty_space height=&#8221;35px&#8221;][vc_single_image image=&#8221;5256&#8243; img_size=&#8221;1200&#215;800&#8243; alignment=&#8221;center&#8221; onclick=&#8221;custom_link&#8221; img_link_target=&#8221;_blank&#8221; link=&#8221;https:\/\/www.lca-sued.at\/wp-content\/uploads\/2023\/06\/LCA-Karte-6.pdf&#8221;][vc_empty_space height=&#8221;35px&#8221;][\/vc_column][\/vc_row][vc_row][vc_column][vc_single_image image=&#8221;4191&#8243; img_size=&#8221;1200&#215;800&#8243; alignment=&#8221;center&#8221; el_class=&#8221;\u00a9\u00d6BB\/H\u00e4mmerle&#8221;][vc_column_text]<strong>\u00a9 \u00d6BB\/Hofmann<\/strong>[\/vc_column_text][\/vc_column][\/vc_row][vc_row][vc_column][vc_column_text]<\/p>\n<p>[\/vc_column_text][\/vc_column][\/vc_row]<\/p>\n<\/div>","protected":false},"excerpt":{"rendered":"<p>[vc_row css=&#8221;.vc_custom_1677230530609{padding-top: 30px !important;padding-bottom: 30px !important;background-image: url(https:\/\/www.lca-sued.at\/wp-content\/uploads\/2022\/11\/bg-warum-fuernitz.jpg?id=4044) !important;background-position: center !important;background-repeat: no-repeat !important;background-size: cover !important;}&#8221; el_class=&#8221;backgroundbox white padding_80px&#8221;][vc_column width=&#8221;1\/2&#8243;][vc_column_text] IL CENTRO [&hellip;]<\/p>\n","protected":false},"author":1,"featured_media":0,"parent":0,"menu_order":0,"comment_status":"closed","ping_status":"closed","template":"","meta":{"_acf_changed":false,"footnotes":""},"class_list":["post-895","page","type-page","status-publish","hentry"],"acf":[],"yoast_head":"<!-- This site is optimized with the Yoast SEO plugin v27.0 - https:\/\/yoast.com\/product\/yoast-seo-wordpress\/ -->\n<title>Infrastruttura ferroviaria - LCA SUED<\/title>\n<meta name=\"robots\" content=\"index, follow, max-snippet:-1, max-image-preview:large, max-video-preview:-1\" \/>\n<link rel=\"canonical\" href=\"https:\/\/www.lca-sued.at\/it\/infrastruttura-ferroviaria\/\" \/>\n<meta property=\"og:locale\" content=\"it_IT\" \/>\n<meta property=\"og:type\" content=\"article\" \/>\n<meta property=\"og:title\" content=\"Infrastruttura ferroviaria - LCA SUED\" \/>\n<meta property=\"og:description\" content=\"[vc_row css=&#8221;.vc_custom_1677230530609{padding-top: 30px !important;padding-bottom: 30px !important;background-image: url(https:\/\/www.lca-sued.at\/wp-content\/uploads\/2022\/11\/bg-warum-fuernitz.jpg?id=4044) !important;background-position: center !important;background-repeat: no-repeat !important;background-size: cover !important;}&#8221; el_class=&#8221;backgroundbox white padding_80px&#8221;][vc_column width=&#8221;1\/2&#8243;][vc_column_text] IL CENTRO [&hellip;]\" \/>\n<meta property=\"og:url\" content=\"https:\/\/www.lca-sued.at\/it\/infrastruttura-ferroviaria\/\" \/>\n<meta property=\"og:site_name\" content=\"LCA SUED\" \/>\n<meta property=\"article:modified_time\" content=\"2023-07-04T10:29:23+00:00\" \/>\n<meta property=\"og:image\" content=\"https:\/\/www.lca-sued.at\/wp-content\/uploads\/2022\/02\/lca-slider-2022.jpg\" \/>\n\t<meta property=\"og:image:width\" content=\"1024\" \/>\n\t<meta property=\"og:image:height\" content=\"486\" \/>\n\t<meta property=\"og:image:type\" content=\"image\/jpeg\" \/>\n<meta name=\"twitter:card\" content=\"summary_large_image\" \/>\n<meta name=\"twitter:label1\" content=\"Tempo di lettura stimato\" \/>\n\t<meta name=\"twitter:data1\" content=\"4 minuti\" \/>\n<script type=\"application\/ld+json\" class=\"yoast-schema-graph\">{\"@context\":\"https:\/\/schema.org\",\"@graph\":[{\"@type\":\"WebPage\",\"@id\":\"https:\/\/www.lca-sued.at\/it\/infrastruttura-ferroviaria\/\",\"url\":\"https:\/\/www.lca-sued.at\/it\/infrastruttura-ferroviaria\/\",\"name\":\"Infrastruttura ferroviaria - LCA SUED\",\"isPartOf\":{\"@id\":\"https:\/\/www.lca-sued.at\/#website\"},\"datePublished\":\"2017-08-19T17:24:19+00:00\",\"dateModified\":\"2023-07-04T10:29:23+00:00\",\"breadcrumb\":{\"@id\":\"https:\/\/www.lca-sued.at\/it\/infrastruttura-ferroviaria\/#breadcrumb\"},\"inLanguage\":\"it-IT\",\"potentialAction\":[{\"@type\":\"ReadAction\",\"target\":[\"https:\/\/www.lca-sued.at\/it\/infrastruttura-ferroviaria\/\"]}]},{\"@type\":\"BreadcrumbList\",\"@id\":\"https:\/\/www.lca-sued.at\/it\/infrastruttura-ferroviaria\/#breadcrumb\",\"itemListElement\":[{\"@type\":\"ListItem\",\"position\":1,\"name\":\"Startseite\",\"item\":\"https:\/\/www.lca-sued.at\/it\/\"},{\"@type\":\"ListItem\",\"position\":2,\"name\":\"Infrastruttura ferroviaria\"}]},{\"@type\":\"WebSite\",\"@id\":\"https:\/\/www.lca-sued.at\/#website\",\"url\":\"https:\/\/www.lca-sued.at\/\",\"name\":\"LCA SUED\",\"description\":\"LCA SUED\",\"publisher\":{\"@id\":\"https:\/\/www.lca-sued.at\/#organization\"},\"potentialAction\":[{\"@type\":\"SearchAction\",\"target\":{\"@type\":\"EntryPoint\",\"urlTemplate\":\"https:\/\/www.lca-sued.at\/?s={search_term_string}\"},\"query-input\":{\"@type\":\"PropertyValueSpecification\",\"valueRequired\":true,\"valueName\":\"search_term_string\"}}],\"inLanguage\":\"it-IT\"},{\"@type\":\"Organization\",\"@id\":\"https:\/\/www.lca-sued.at\/#organization\",\"name\":\"LCA SUED\",\"url\":\"https:\/\/www.lca-sued.at\/\",\"logo\":{\"@type\":\"ImageObject\",\"inLanguage\":\"it-IT\",\"@id\":\"https:\/\/www.lca-sued.at\/#\/schema\/logo\/image\/\",\"url\":\"https:\/\/www.lca-sued.at\/wp-content\/uploads\/2017\/08\/lca_logo.png\",\"contentUrl\":\"https:\/\/www.lca-sued.at\/wp-content\/uploads\/2017\/08\/lca_logo.png\",\"width\":167,\"height\":108,\"caption\":\"LCA SUED\"},\"image\":{\"@id\":\"https:\/\/www.lca-sued.at\/#\/schema\/logo\/image\/\"},\"sameAs\":[\"https:\/\/www.linkedin.com\/company\/lca-south\/\"]}]}<\/script>\n<!-- \/ Yoast SEO plugin. -->","yoast_head_json":{"title":"Infrastruttura ferroviaria - LCA SUED","robots":{"index":"index","follow":"follow","max-snippet":"max-snippet:-1","max-image-preview":"max-image-preview:large","max-video-preview":"max-video-preview:-1"},"canonical":"https:\/\/www.lca-sued.at\/it\/infrastruttura-ferroviaria\/","og_locale":"it_IT","og_type":"article","og_title":"Infrastruttura ferroviaria - LCA SUED","og_description":"[vc_row css=&#8221;.vc_custom_1677230530609{padding-top: 30px !important;padding-bottom: 30px !important;background-image: url(https:\/\/www.lca-sued.at\/wp-content\/uploads\/2022\/11\/bg-warum-fuernitz.jpg?id=4044) !important;background-position: center !important;background-repeat: no-repeat !important;background-size: cover !important;}&#8221; el_class=&#8221;backgroundbox white padding_80px&#8221;][vc_column width=&#8221;1\/2&#8243;][vc_column_text] IL CENTRO [&hellip;]","og_url":"https:\/\/www.lca-sued.at\/it\/infrastruttura-ferroviaria\/","og_site_name":"LCA SUED","article_modified_time":"2023-07-04T10:29:23+00:00","og_image":[{"width":1024,"height":486,"url":"https:\/\/www.lca-sued.at\/wp-content\/uploads\/2022\/02\/lca-slider-2022.jpg","type":"image\/jpeg"}],"twitter_card":"summary_large_image","twitter_misc":{"Tempo di lettura stimato":"4 minuti"},"schema":{"@context":"https:\/\/schema.org","@graph":[{"@type":"WebPage","@id":"https:\/\/www.lca-sued.at\/it\/infrastruttura-ferroviaria\/","url":"https:\/\/www.lca-sued.at\/it\/infrastruttura-ferroviaria\/","name":"Infrastruttura ferroviaria - LCA SUED","isPartOf":{"@id":"https:\/\/www.lca-sued.at\/#website"},"datePublished":"2017-08-19T17:24:19+00:00","dateModified":"2023-07-04T10:29:23+00:00","breadcrumb":{"@id":"https:\/\/www.lca-sued.at\/it\/infrastruttura-ferroviaria\/#breadcrumb"},"inLanguage":"it-IT","potentialAction":[{"@type":"ReadAction","target":["https:\/\/www.lca-sued.at\/it\/infrastruttura-ferroviaria\/"]}]},{"@type":"BreadcrumbList","@id":"https:\/\/www.lca-sued.at\/it\/infrastruttura-ferroviaria\/#breadcrumb","itemListElement":[{"@type":"ListItem","position":1,"name":"Startseite","item":"https:\/\/www.lca-sued.at\/it\/"},{"@type":"ListItem","position":2,"name":"Infrastruttura ferroviaria"}]},{"@type":"WebSite","@id":"https:\/\/www.lca-sued.at\/#website","url":"https:\/\/www.lca-sued.at\/","name":"LCA SUED","description":"LCA SUED","publisher":{"@id":"https:\/\/www.lca-sued.at\/#organization"},"potentialAction":[{"@type":"SearchAction","target":{"@type":"EntryPoint","urlTemplate":"https:\/\/www.lca-sued.at\/?s={search_term_string}"},"query-input":{"@type":"PropertyValueSpecification","valueRequired":true,"valueName":"search_term_string"}}],"inLanguage":"it-IT"},{"@type":"Organization","@id":"https:\/\/www.lca-sued.at\/#organization","name":"LCA SUED","url":"https:\/\/www.lca-sued.at\/","logo":{"@type":"ImageObject","inLanguage":"it-IT","@id":"https:\/\/www.lca-sued.at\/#\/schema\/logo\/image\/","url":"https:\/\/www.lca-sued.at\/wp-content\/uploads\/2017\/08\/lca_logo.png","contentUrl":"https:\/\/www.lca-sued.at\/wp-content\/uploads\/2017\/08\/lca_logo.png","width":167,"height":108,"caption":"LCA SUED"},"image":{"@id":"https:\/\/www.lca-sued.at\/#\/schema\/logo\/image\/"},"sameAs":["https:\/\/www.linkedin.com\/company\/lca-south\/"]}]}},"_links":{"self":[{"href":"https:\/\/www.lca-sued.at\/it\/wp-json\/wp\/v2\/pages\/895","targetHints":{"allow":["GET"]}}],"collection":[{"href":"https:\/\/www.lca-sued.at\/it\/wp-json\/wp\/v2\/pages"}],"about":[{"href":"https:\/\/www.lca-sued.at\/it\/wp-json\/wp\/v2\/types\/page"}],"author":[{"embeddable":true,"href":"https:\/\/www.lca-sued.at\/it\/wp-json\/wp\/v2\/users\/1"}],"replies":[{"embeddable":true,"href":"https:\/\/www.lca-sued.at\/it\/wp-json\/wp\/v2\/comments?post=895"}],"version-history":[{"count":15,"href":"https:\/\/www.lca-sued.at\/it\/wp-json\/wp\/v2\/pages\/895\/revisions"}],"predecessor-version":[{"id":5264,"href":"https:\/\/www.lca-sued.at\/it\/wp-json\/wp\/v2\/pages\/895\/revisions\/5264"}],"wp:attachment":[{"href":"https:\/\/www.lca-sued.at\/it\/wp-json\/wp\/v2\/media?parent=895"}],"curies":[{"name":"wp","href":"https:\/\/api.w.org\/{rel}","templated":true}]}}