{"id":4881,"date":"2022-11-11T08:59:00","date_gmt":"2022-11-11T07:59:00","guid":{"rendered":"https:\/\/www.lca-sued.at\/location\/warum-fuernitz\/"},"modified":"2023-05-19T11:31:54","modified_gmt":"2023-05-19T09:31:54","slug":"why-fuernitz","status":"publish","type":"page","link":"https:\/\/www.lca-sued.at\/en\/location\/why-fuernitz\/","title":{"rendered":"Why Fuernitz"},"content":{"rendered":"<div class=\"wpb-content-wrapper\"><p>[vc_row css=&#8221;.vc_custom_1676378447858{padding-top: 30px !important;padding-bottom: 30px !important;background-image: url(https:\/\/www.lca-sued.at\/wp-content\/uploads\/2017\/08\/bg_logo.jpg?id=57) !important;background-position: center !important;background-repeat: no-repeat !important;background-size: cover !important;}&#8221; el_class=&#8221;padding_80px&#8221;][vc_column][vc_column_text]<\/p>\n<h2 style=\"text-align: center;\">Why Fuernitz<\/h2>\n<p>[\/vc_column_text][vc_row_inner gap=&#8221;35&#8243; css=&#8221;.vc_custom_1676378439175{padding-top: 10px !important;padding-right: 10px !important;padding-bottom: 10px !important;padding-left: 10px !important;}&#8221;][vc_column_inner width=&#8221;1\/2&#8243;][vc_column_text]Efficient logistics is much more than delivering the right goods to the right place at the right time. Logistics is an industry that is all about movement, speed and optimization. With optimized flows of goods and individual transport concepts, the hub Logistik Center Austria S\u00fcd meets the rapidly growing demands of our time for speed, flexibility, security, quality and sustainability, but above all reliability.<\/p>\n<p>The central location in Europe, the historically grown bridgehead function to Eastern and Southeastern Europe as well as the modern infrastructure make Austria and the federal state of Carinthia an important logistics location. The relevance of Austria as a logistics location goes far beyond national borders. Numerous international companies have long since recognized the potential and have chosen Austria and Carinthia as their distribution center and company location. The excellent geographic location allows Carinthia to act as a hub between East and West as well as between North and South in international goods traffic.[\/vc_column_text][\/vc_column_inner][vc_column_inner width=&#8221;1\/2&#8243;][vc_column_text]The right location determines the success of a company. As the regional location agency of the only logistics center with an international orientation in Carinthia, the hub LCA-S\u00fcd, and competence agency for the logistics region of Carinthia, LCA Logistik Center Austria S\u00fcd GmbH (LCAS) is the first point of contact for domestic and foreign companies looking to invest in F\u00fcrnitz or in Carinthia &#8211; in the latter case in the area of \u200b\u200blogistics and mobility.[\/vc_column_text][\/vc_column_inner][\/vc_row_inner][\/vc_column][\/vc_row][vc_row][vc_column][vc_empty_space][vc_video link=&#8221;https:\/\/vimeo.com\/817221540&#8243;][vc_empty_space][\/vc_column][\/vc_row][vc_row el_class=&#8221;padding_80px&#8221;][vc_column][vc_column_text]<\/p>\n<h2>ADVANTAGES AT A GLANCE<\/h2>\n<p>[\/vc_column_text][\/vc_column][\/vc_row][vc_row css=&#8221;.vc_custom_1668410497873{padding-top: 30px !important;padding-bottom: 30px !important;}&#8221; el_class=&#8221;padding_80px&#8221;][vc_column width=&#8221;1\/2&#8243;][vc_column_text]<\/p>\n<h3>THE LOGISTICS LOCATION OF CARINTHIA<\/h3>\n<ul>\n<li>Political and social stability with a low crime rate<\/li>\n<li>Business-friendly conditions<\/li>\n<li>Security of energy supply and competitive industrial electricity prices<\/li>\n<li>Fully developed industrial and commercial space in the best location and at attractive conditions<\/li>\n<li>(Highly) qualified employees, practice-oriented training<\/li>\n<li>International school<\/li>\n<li>Excellent language skills (e.g. English, Italian, Slovenian)<\/li>\n<li>High work productivity and work motivation with moderate wage cost levels<\/li>\n<li>Flexible labor law models and a low strike rate<\/li>\n<li>High standard of living<\/li>\n<\/ul>\n<p>[\/vc_column_text][\/vc_column][vc_column width=&#8221;1\/2&#8243;][vc_column_text]<\/p>\n<h3>THE LOGISTICS HUB F\u00dcRNITZ<\/h3>\n<ul>\n<li>Logistics and economic hub in the Alps-Adriatic region<\/li>\n<li>European rail customs corridor between the port of Trieste and the logistics hub LCA-S\u00fcd F\u00fcrnitz<\/li>\n<li>International accessibility through airports and ports in the vicinity:\n<ul>\n<li>Klagenfurt Airport, 45 km<\/li>\n<li>Graz Airport, 120 km<\/li>\n<li>Ljubljana Airport (Slovenia), 80 km<\/li>\n<li>Villach motorway junction (Italy, Slovenia, Germany, Vienna), 0.5 km<\/li>\n<\/ul>\n<\/li>\n<\/ul>\n<ul>\n<li style=\"list-style-type: none;\"><\/li>\n<li>Optimal connection to the Adriatic ports of Trieste, Venice, Ravenna, Koper and Rijeka (shortest distance between Western Europe and Asia)<\/li>\n<li>At the intersection of the Alpine-Western Balkan corridor, the Baltic-Adriatic axis and the southern German economic area<\/li>\n<li>Optimal connection to the manufacturing regions of Eastern Europe<\/li>\n<li>Intermodal container terminal of \u00d6BB Infrastruktur<\/li>\n<li>Large marshalling yard of \u00d6BB Infrastruktur<\/li>\n<\/ul>\n<p>[\/vc_column_text][\/vc_column][\/vc_row][vc_row css=&#8221;.vc_custom_1503235645438{padding-right: 80px !important;padding-left: 80px !important;}&#8221;][vc_column][vc_separator color=&#8221;custom&#8221; accent_color=&#8221;#009adf&#8221;][\/vc_column][\/vc_row][vc_row el_class=&#8221;padding_80px&#8221;][vc_column][vc_column_text]Interested? We look forward to hearing from you and supporting you in the implementation of your project: <a href=\"mailto:office@lca-sued.at\">office@lca-sued.at<\/a>[\/vc_column_text][vc_single_image image=&#8221;4191&#8243; img_size=&#8221;large&#8221; alignment=&#8221;center&#8221; style=&#8221;vc_box_rounded&#8221;][vc_column_text]Foto: \u00d6BB|Hofmann[\/vc_column_text][\/vc_column][\/vc_row]<\/p>\n<\/div>","protected":false},"excerpt":{"rendered":"<p>[vc_row css=&#8221;.vc_custom_1676378447858{padding-top: 30px !important;padding-bottom: 30px !important;background-image: url(https:\/\/www.lca-sued.at\/wp-content\/uploads\/2017\/08\/bg_logo.jpg?id=57) !important;background-position: center !important;background-repeat: no-repeat !important;background-size: cover !important;}&#8221; el_class=&#8221;padding_80px&#8221;][vc_column][vc_column_text] Why Fuernitz [\/vc_column_text][vc_row_inner gap=&#8221;35&#8243; css=&#8221;.vc_custom_1676378439175{padding-top: [&hellip;]<\/p>\n","protected":false},"author":1,"featured_media":0,"parent":455,"menu_order":0,"comment_status":"closed","ping_status":"closed","template":"","meta":{"_acf_changed":false,"footnotes":""},"class_list":["post-4881","page","type-page","status-publish","hentry"],"acf":[],"yoast_head":"<!-- This site is optimized with the Yoast SEO plugin v27.0 - https:\/\/yoast.com\/product\/yoast-seo-wordpress\/ -->\n<title>Why Fuernitz - LCA SUED<\/title>\n<meta name=\"robots\" content=\"index, follow, max-snippet:-1, max-image-preview:large, max-video-preview:-1\" \/>\n<link rel=\"canonical\" href=\"https:\/\/www.lca-sued.at\/en\/location\/why-fuernitz\/\" \/>\n<meta property=\"og:locale\" content=\"en_US\" \/>\n<meta property=\"og:type\" content=\"article\" \/>\n<meta property=\"og:title\" content=\"Why Fuernitz - LCA SUED\" \/>\n<meta property=\"og:description\" content=\"[vc_row css=&#8221;.vc_custom_1676378447858{padding-top: 30px !important;padding-bottom: 30px !important;background-image: url(https:\/\/www.lca-sued.at\/wp-content\/uploads\/2017\/08\/bg_logo.jpg?id=57) !important;background-position: center !important;background-repeat: no-repeat !important;background-size: cover !important;}&#8221; el_class=&#8221;padding_80px&#8221;][vc_column][vc_column_text] Why Fuernitz [\/vc_column_text][vc_row_inner gap=&#8221;35&#8243; css=&#8221;.vc_custom_1676378439175{padding-top: [&hellip;]\" \/>\n<meta property=\"og:url\" content=\"https:\/\/www.lca-sued.at\/en\/location\/why-fuernitz\/\" \/>\n<meta property=\"og:site_name\" content=\"LCA SUED\" \/>\n<meta property=\"article:modified_time\" content=\"2023-05-19T09:31:54+00:00\" \/>\n<meta property=\"og:image\" content=\"https:\/\/www.lca-sued.at\/wp-content\/uploads\/2022\/02\/lca-slider-2022.jpg\" \/>\n\t<meta property=\"og:image:width\" content=\"1024\" \/>\n\t<meta property=\"og:image:height\" content=\"486\" \/>\n\t<meta property=\"og:image:type\" content=\"image\/jpeg\" \/>\n<meta name=\"twitter:card\" content=\"summary_large_image\" \/>\n<meta name=\"twitter:label1\" content=\"Est. reading time\" \/>\n\t<meta name=\"twitter:data1\" content=\"3 minutes\" \/>\n<script type=\"application\/ld+json\" class=\"yoast-schema-graph\">{\"@context\":\"https:\/\/schema.org\",\"@graph\":[{\"@type\":\"WebPage\",\"@id\":\"https:\/\/www.lca-sued.at\/en\/location\/why-fuernitz\/\",\"url\":\"https:\/\/www.lca-sued.at\/en\/location\/why-fuernitz\/\",\"name\":\"Why Fuernitz - LCA SUED\",\"isPartOf\":{\"@id\":\"https:\/\/www.lca-sued.at\/#website\"},\"datePublished\":\"2022-11-11T07:59:00+00:00\",\"dateModified\":\"2023-05-19T09:31:54+00:00\",\"breadcrumb\":{\"@id\":\"https:\/\/www.lca-sued.at\/en\/location\/why-fuernitz\/#breadcrumb\"},\"inLanguage\":\"en-US\",\"potentialAction\":[{\"@type\":\"ReadAction\",\"target\":[\"https:\/\/www.lca-sued.at\/en\/location\/why-fuernitz\/\"]}]},{\"@type\":\"BreadcrumbList\",\"@id\":\"https:\/\/www.lca-sued.at\/en\/location\/why-fuernitz\/#breadcrumb\",\"itemListElement\":[{\"@type\":\"ListItem\",\"position\":1,\"name\":\"Startseite\",\"item\":\"https:\/\/www.lca-sued.at\/en\/\"},{\"@type\":\"ListItem\",\"position\":2,\"name\":\"Location\",\"item\":\"https:\/\/www.lca-sued.at\/en\/location\/\"},{\"@type\":\"ListItem\",\"position\":3,\"name\":\"Why Fuernitz\"}]},{\"@type\":\"WebSite\",\"@id\":\"https:\/\/www.lca-sued.at\/#website\",\"url\":\"https:\/\/www.lca-sued.at\/\",\"name\":\"LCA SUED\",\"description\":\"LCA SUED\",\"publisher\":{\"@id\":\"https:\/\/www.lca-sued.at\/#organization\"},\"potentialAction\":[{\"@type\":\"SearchAction\",\"target\":{\"@type\":\"EntryPoint\",\"urlTemplate\":\"https:\/\/www.lca-sued.at\/?s={search_term_string}\"},\"query-input\":{\"@type\":\"PropertyValueSpecification\",\"valueRequired\":true,\"valueName\":\"search_term_string\"}}],\"inLanguage\":\"en-US\"},{\"@type\":\"Organization\",\"@id\":\"https:\/\/www.lca-sued.at\/#organization\",\"name\":\"LCA SUED\",\"url\":\"https:\/\/www.lca-sued.at\/\",\"logo\":{\"@type\":\"ImageObject\",\"inLanguage\":\"en-US\",\"@id\":\"https:\/\/www.lca-sued.at\/#\/schema\/logo\/image\/\",\"url\":\"https:\/\/www.lca-sued.at\/wp-content\/uploads\/2017\/08\/lca_logo.png\",\"contentUrl\":\"https:\/\/www.lca-sued.at\/wp-content\/uploads\/2017\/08\/lca_logo.png\",\"width\":167,\"height\":108,\"caption\":\"LCA SUED\"},\"image\":{\"@id\":\"https:\/\/www.lca-sued.at\/#\/schema\/logo\/image\/\"},\"sameAs\":[\"https:\/\/www.linkedin.com\/company\/lca-south\/\"]}]}<\/script>\n<!-- \/ Yoast SEO plugin. -->","yoast_head_json":{"title":"Why Fuernitz - LCA SUED","robots":{"index":"index","follow":"follow","max-snippet":"max-snippet:-1","max-image-preview":"max-image-preview:large","max-video-preview":"max-video-preview:-1"},"canonical":"https:\/\/www.lca-sued.at\/en\/location\/why-fuernitz\/","og_locale":"en_US","og_type":"article","og_title":"Why Fuernitz - LCA SUED","og_description":"[vc_row css=&#8221;.vc_custom_1676378447858{padding-top: 30px !important;padding-bottom: 30px !important;background-image: url(https:\/\/www.lca-sued.at\/wp-content\/uploads\/2017\/08\/bg_logo.jpg?id=57) !important;background-position: center !important;background-repeat: no-repeat !important;background-size: cover !important;}&#8221; el_class=&#8221;padding_80px&#8221;][vc_column][vc_column_text] Why Fuernitz [\/vc_column_text][vc_row_inner gap=&#8221;35&#8243; css=&#8221;.vc_custom_1676378439175{padding-top: [&hellip;]","og_url":"https:\/\/www.lca-sued.at\/en\/location\/why-fuernitz\/","og_site_name":"LCA SUED","article_modified_time":"2023-05-19T09:31:54+00:00","og_image":[{"width":1024,"height":486,"url":"https:\/\/www.lca-sued.at\/wp-content\/uploads\/2022\/02\/lca-slider-2022.jpg","type":"image\/jpeg"}],"twitter_card":"summary_large_image","twitter_misc":{"Est. reading time":"3 minutes"},"schema":{"@context":"https:\/\/schema.org","@graph":[{"@type":"WebPage","@id":"https:\/\/www.lca-sued.at\/en\/location\/why-fuernitz\/","url":"https:\/\/www.lca-sued.at\/en\/location\/why-fuernitz\/","name":"Why Fuernitz - LCA SUED","isPartOf":{"@id":"https:\/\/www.lca-sued.at\/#website"},"datePublished":"2022-11-11T07:59:00+00:00","dateModified":"2023-05-19T09:31:54+00:00","breadcrumb":{"@id":"https:\/\/www.lca-sued.at\/en\/location\/why-fuernitz\/#breadcrumb"},"inLanguage":"en-US","potentialAction":[{"@type":"ReadAction","target":["https:\/\/www.lca-sued.at\/en\/location\/why-fuernitz\/"]}]},{"@type":"BreadcrumbList","@id":"https:\/\/www.lca-sued.at\/en\/location\/why-fuernitz\/#breadcrumb","itemListElement":[{"@type":"ListItem","position":1,"name":"Startseite","item":"https:\/\/www.lca-sued.at\/en\/"},{"@type":"ListItem","position":2,"name":"Location","item":"https:\/\/www.lca-sued.at\/en\/location\/"},{"@type":"ListItem","position":3,"name":"Why Fuernitz"}]},{"@type":"WebSite","@id":"https:\/\/www.lca-sued.at\/#website","url":"https:\/\/www.lca-sued.at\/","name":"LCA SUED","description":"LCA SUED","publisher":{"@id":"https:\/\/www.lca-sued.at\/#organization"},"potentialAction":[{"@type":"SearchAction","target":{"@type":"EntryPoint","urlTemplate":"https:\/\/www.lca-sued.at\/?s={search_term_string}"},"query-input":{"@type":"PropertyValueSpecification","valueRequired":true,"valueName":"search_term_string"}}],"inLanguage":"en-US"},{"@type":"Organization","@id":"https:\/\/www.lca-sued.at\/#organization","name":"LCA SUED","url":"https:\/\/www.lca-sued.at\/","logo":{"@type":"ImageObject","inLanguage":"en-US","@id":"https:\/\/www.lca-sued.at\/#\/schema\/logo\/image\/","url":"https:\/\/www.lca-sued.at\/wp-content\/uploads\/2017\/08\/lca_logo.png","contentUrl":"https:\/\/www.lca-sued.at\/wp-content\/uploads\/2017\/08\/lca_logo.png","width":167,"height":108,"caption":"LCA SUED"},"image":{"@id":"https:\/\/www.lca-sued.at\/#\/schema\/logo\/image\/"},"sameAs":["https:\/\/www.linkedin.com\/company\/lca-south\/"]}]}},"_links":{"self":[{"href":"https:\/\/www.lca-sued.at\/en\/wp-json\/wp\/v2\/pages\/4881","targetHints":{"allow":["GET"]}}],"collection":[{"href":"https:\/\/www.lca-sued.at\/en\/wp-json\/wp\/v2\/pages"}],"about":[{"href":"https:\/\/www.lca-sued.at\/en\/wp-json\/wp\/v2\/types\/page"}],"author":[{"embeddable":true,"href":"https:\/\/www.lca-sued.at\/en\/wp-json\/wp\/v2\/users\/1"}],"replies":[{"embeddable":true,"href":"https:\/\/www.lca-sued.at\/en\/wp-json\/wp\/v2\/comments?post=4881"}],"version-history":[{"count":6,"href":"https:\/\/www.lca-sued.at\/en\/wp-json\/wp\/v2\/pages\/4881\/revisions"}],"predecessor-version":[{"id":5041,"href":"https:\/\/www.lca-sued.at\/en\/wp-json\/wp\/v2\/pages\/4881\/revisions\/5041"}],"up":[{"embeddable":true,"href":"https:\/\/www.lca-sued.at\/en\/wp-json\/wp\/v2\/pages\/455"}],"wp:attachment":[{"href":"https:\/\/www.lca-sued.at\/en\/wp-json\/wp\/v2\/media?parent=4881"}],"curies":[{"name":"wp","href":"https:\/\/api.w.org\/{rel}","templated":true}]}}