{"id":455,"date":"2017-08-19T19:24:28","date_gmt":"2017-08-19T17:24:28","guid":{"rendered":"https:\/\/www.lca-sued.at\/?page_id=455"},"modified":"2024-01-24T19:23:29","modified_gmt":"2024-01-24T18:23:29","slug":"location","status":"publish","type":"page","link":"https:\/\/www.lca-sued.at\/en\/location\/","title":{"rendered":"Location"},"content":{"rendered":"<div class=\"wpb-content-wrapper\"><p>[vc_row css=&#8221;.vc_custom_1505909125063{padding-top: 30px !important;padding-bottom: 30px !important;background-image: url(https:\/\/www.lca-sued.at\/wp-content\/uploads\/2017\/08\/Standort.jpg?id=69) !important;background-position: center !important;background-repeat: no-repeat !important;background-size: cover !important;}&#8221; el_class=&#8221;padding_80px&#8221;][vc_column][vc_column_text]<\/p>\n<h2>FROM THE HEART OF EUROPE TO THE WHOLE WORLD.<\/h2>\n<h3>Your ideal logistics hub in southern Austria.<\/h3>\n<p>[\/vc_column_text][vc_row_inner][vc_column_inner width=&#8221;1\/2&#8243;][vc_column_text]The hub Logistik Center Austria S\u00fcd is located right in the middle where the borders of Austria, Italy and Slovenia meet, in close proximity to Villach, the second largest economic region of Carinthia. Furthermore, the site is almost directly connected to the A2 highway. The site has a total area of over 160 hectares and is divided into two large zones. The <strong>Northern Zone<\/strong> is around 30 hectares in size, whilst the <strong>Southern Zone<\/strong> amounts to approiximately 130 hectares.<\/p>\n<p>The hub Logistik Center Austria S\u00fcd (LCA S\u00fcd) is located directly at the intersection of two major European transport axes \u2013 the Alpine-Western Balkan Corridor and the Baltic-Adriatic Corridor. On site, the Austrian Federal Railway company (\u00d6BB) operates the second largest shunting yard in Austria, which serves both as a national and international hub for large-scale freight transports, linking a number of selected Adriatic ports to the European mainland.<\/p>\n<p>Besides the central shunting yard, the \u00d6BB also operates a transshipment station with a connected cargo combi terminal for the processing of wagonload traffic, as well as combined freight transport (transshipment of containers, interchangeable containers and semi-trailers).[\/vc_column_text][\/vc_column_inner][vc_column_inner width=&#8221;1\/2&#8243;][vc_column_text]LCA S\u00fcd offers fully developed, first-class industrial areas to small, medium-sized or large companies from the logistics and manufacturing industry, as well as to those who provide logistics-related services.<\/p>\n<p>The A2 highway is located in close proximity, resulting in fast connections to Austria\u2019s neighbouring countries, as well as to the airports of Klagenfurt, Graz, and Ljubljana (Slovenia). Numerous companies and service providers with a total workforce of over 1300 employees are already using LCA S\u00fcd as their logistics and distribution center within the Alps-Adriatic region.[\/vc_column_text][\/vc_column_inner][\/vc_row_inner][vc_single_image image=&#8221;55&#8243; img_size=&#8221;full&#8221; css=&#8221;.vc_custom_1669724365849{border: 5px solid #ffffff !important;}&#8221;][vc_empty_space][vc_column_text]The available areas at LCA-S\u00fcd are marked in brown:[\/vc_column_text][vc_single_image image=&#8221;3726&#8243; img_size=&#8221;full&#8221; alignment=&#8221;center&#8221; css=&#8221;.vc_custom_1669724471779{border: 5px solid #ffffff !important;}&#8221;][\/vc_column][\/vc_row][vc_row disable_element=&#8221;yes&#8221;][vc_column width=&#8221;1\/2&#8243;][vc_column_text]<\/p>\n<h4>\u203a Baltisch-Adriatische-Achse<\/h4>\n<p>Die wichtige Hauptverkehrsachse verl\u00e4uft im Endausbau mit der Koralmbahn (2026) und dem Semmeringbasistunnel (2027) von der Ostsee zur Adria.<\/p>\n<p><strong>Danzig &gt; Warschau &gt; Wien &gt; Villach &gt; Triest &gt; Venedig &gt; Bologna<\/strong>[\/vc_column_text][vc_column_text]<\/p>\n<h4>&gt; Western-Balkan Korridor<\/h4>\n<p>Die Hauptachse des Alpentransits verl\u00e4uft \u00fcber:<\/p>\n<p><strong>M\u00fcnchen &gt; Salzburg &gt; Villach &gt; Ljubljana &gt; Zagreb &gt; Belgrad &gt; Sofia &gt; Istanbul<\/strong>[\/vc_column_text][\/vc_column][vc_column width=&#8221;1\/2&#8243;][vc_single_image image=&#8221;329&#8243; img_size=&#8221;full&#8221; alignment=&#8221;center&#8221; onclick=&#8221;custom_link&#8221; link=&#8221;https:\/\/www.lca-sued.at\/wp-content\/uploads\/2017\/08\/unser_standort.jpg&#8221; el_class=&#8221;prettyphoto&#8221;][\/vc_column][\/vc_row][vc_row][vc_column][vc_empty_space][\/vc_column][\/vc_row][vc_row disable_element=&#8221;yes&#8221; css=&#8221;.vc_custom_1669724504087{background-image: url(https:\/\/www.lca-sued.at\/wp-content\/uploads\/2017\/08\/PLAN\u00dcBERSICHT.jpg?id=73) !important;background-position: center !important;background-repeat: no-repeat !important;background-size: cover !important;}&#8221;][vc_column][vc_single_image image=&#8221;38&#8243; img_size=&#8221;full&#8221; alignment=&#8221;center&#8221;][vc_column_text]<\/p>\n<p style=\"text-align: center;\">PLAN\u00dcBERSICHT<\/p>\n<p style=\"text-align: center;\">Gesamtfl\u00e4che ca. 160 Hektar.<\/p>\n<p>[\/vc_column_text][\/vc_column][\/vc_row][vc_row disable_element=&#8221;yes&#8221; css=&#8221;.vc_custom_1669724542822{padding-top: 30px !important;padding-bottom: 30px !important;}&#8221; el_class=&#8221;padding_80px&#8221;][vc_column width=&#8221;1\/2&#8243;][vc_column_text]<\/p>\n<h2>UNSERE STANDORTVORTEILE<\/h2>\n<ul>\n<li>Autobahnkreuz Villach (Italien, Slowenien, Deutschland, Wien), 0,5 km<\/li>\n<li>optimale Anbindung zu den NAPA-H\u00e4fen Triest, Venedig, Ravenna, Koper und Rijeka (k\u00fcrzeste Distanz zwischen Westeuropa und Asien)<\/li>\n<li>direkt am Schnittpunkt des Western-Balkan Korridors und der Baltisch-Adriatischen-Achse<\/li>\n<li>optimale Voraussetzung f\u00fcr die Funktion als Trockenhafen<\/li>\n<li>Intermodal-Terminal der \u00d6BB<\/li>\n<li>Gro\u00dfverschiebebahnhof<\/li>\n<li>optimale Voraussetzung als G\u00fcterverkehrszentrum (GVZ)<\/li>\n<li>optimale Verbindung in den s\u00fcddeutschen Wirtschaftsraum und den Fertigungsregionen S\u00fcd- und S\u00fcdost-Europas<\/li>\n<li>Flughafen Klagenfurt, 45 km<\/li>\n<li>Flughafen Graz, 120 km<\/li>\n<li>Flughafen Laibach\/Slowenien, 80 km<\/li>\n<\/ul>\n<p>[\/vc_column_text][\/vc_column][vc_column width=&#8221;1\/2&#8243;][vc_single_image image=&#8221;325&#8243; img_size=&#8221;full&#8221; alignment=&#8221;center&#8221; el_class=&#8221;prettyphoto&#8221;][\/vc_column][\/vc_row][vc_row disable_element=&#8221;yes&#8221; css=&#8221;.vc_custom_1669724551039{padding-top: 50px !important;padding-right: 50px !important;padding-bottom: 50px !important;padding-left: 50px !important;background-image: url(https:\/\/www.lca-sued.at\/wp-content\/uploads\/2017\/08\/Unternehmen.jpg?id=76) !important;background-position: center !important;background-repeat: no-repeat !important;background-size: cover !important;}&#8221; el_class=&#8221;backgroundbox white&#8221;][vc_column width=&#8221;1\/2&#8243;][vc_column_text]<\/p>\n<h2>OPTIMALE<br \/>\nGRUNDST\u00dcCKSINFRASTRUKTUR<\/h2>\n<p>Auf einem Areal von 160 ha bieten wir Unternehmen aus den Bereichen Produktion, Logistik bzw. logistiknahen Dienstleistern voll erschlossene, erstklassige Betriebsfl\u00e4chen. Die Grundst\u00fccke sind schwerverkehrstauglich und verf\u00fcgen \u00fcber Kanalanschl\u00fcsse, Wasserversorgung, Strom, Erdgas, Fernw\u00e4rme sowie \u00fcber Telefon- und Breitband-Datenleitung. Dar\u00fcber hinaus unterst\u00fctzen wir ebenso bei der Suche nach verf\u00fcgbaren Bestandsfl\u00e4chen (B\u00fcros, Hallen).[\/vc_column_text][\/vc_column][vc_column width=&#8221;1\/2&#8243;][vc_single_image image=&#8221;134&#8243; img_size=&#8221;full&#8221; alignment=&#8221;center&#8221; css=&#8221;.vc_custom_1505129306150{padding-top: 40px !important;}&#8221;][\/vc_column][\/vc_row][vc_row][vc_column][vc_video link=&#8221;https:\/\/vimeo.com\/817221540\/6d1462967d&#8221;][\/vc_column][\/vc_row]<\/p>\n<\/div>","protected":false},"excerpt":{"rendered":"<p>[vc_row css=&#8221;.vc_custom_1505909125063{padding-top: 30px !important;padding-bottom: 30px !important;background-image: url(https:\/\/www.lca-sued.at\/wp-content\/uploads\/2017\/08\/Standort.jpg?id=69) !important;background-position: center !important;background-repeat: no-repeat !important;background-size: cover !important;}&#8221; el_class=&#8221;padding_80px&#8221;][vc_column][vc_column_text] FROM THE HEART OF EUROPE [&hellip;]<\/p>\n","protected":false},"author":1,"featured_media":0,"parent":0,"menu_order":0,"comment_status":"closed","ping_status":"closed","template":"","meta":{"_acf_changed":false,"footnotes":""},"class_list":["post-455","page","type-page","status-publish","hentry"],"acf":[],"yoast_head":"<!-- This site is optimized with the Yoast SEO plugin v27.0 - https:\/\/yoast.com\/product\/yoast-seo-wordpress\/ -->\n<title>Location - LCA SUED<\/title>\n<meta name=\"robots\" content=\"index, follow, max-snippet:-1, max-image-preview:large, max-video-preview:-1\" \/>\n<link rel=\"canonical\" href=\"https:\/\/www.lca-sued.at\/en\/location\/\" \/>\n<meta property=\"og:locale\" content=\"en_US\" \/>\n<meta property=\"og:type\" content=\"article\" \/>\n<meta property=\"og:title\" content=\"Location - LCA SUED\" \/>\n<meta property=\"og:description\" content=\"[vc_row css=&#8221;.vc_custom_1505909125063{padding-top: 30px !important;padding-bottom: 30px !important;background-image: url(https:\/\/www.lca-sued.at\/wp-content\/uploads\/2017\/08\/Standort.jpg?id=69) !important;background-position: center !important;background-repeat: no-repeat !important;background-size: cover !important;}&#8221; el_class=&#8221;padding_80px&#8221;][vc_column][vc_column_text] FROM THE HEART OF EUROPE [&hellip;]\" \/>\n<meta property=\"og:url\" content=\"https:\/\/www.lca-sued.at\/en\/location\/\" \/>\n<meta property=\"og:site_name\" content=\"LCA SUED\" \/>\n<meta property=\"article:modified_time\" content=\"2024-01-24T18:23:29+00:00\" \/>\n<meta property=\"og:image\" content=\"https:\/\/www.lca-sued.at\/wp-content\/uploads\/2022\/02\/lca-slider-2022.jpg\" \/>\n\t<meta property=\"og:image:width\" content=\"1024\" \/>\n\t<meta property=\"og:image:height\" content=\"486\" \/>\n\t<meta property=\"og:image:type\" content=\"image\/jpeg\" \/>\n<meta name=\"twitter:card\" content=\"summary_large_image\" \/>\n<meta name=\"twitter:label1\" content=\"Est. reading time\" \/>\n\t<meta name=\"twitter:data1\" content=\"4 minutes\" \/>\n<script type=\"application\/ld+json\" class=\"yoast-schema-graph\">{\"@context\":\"https:\/\/schema.org\",\"@graph\":[{\"@type\":\"WebPage\",\"@id\":\"https:\/\/www.lca-sued.at\/en\/location\/\",\"url\":\"https:\/\/www.lca-sued.at\/en\/location\/\",\"name\":\"Location - LCA SUED\",\"isPartOf\":{\"@id\":\"https:\/\/www.lca-sued.at\/#website\"},\"datePublished\":\"2017-08-19T17:24:28+00:00\",\"dateModified\":\"2024-01-24T18:23:29+00:00\",\"breadcrumb\":{\"@id\":\"https:\/\/www.lca-sued.at\/en\/location\/#breadcrumb\"},\"inLanguage\":\"en-US\",\"potentialAction\":[{\"@type\":\"ReadAction\",\"target\":[\"https:\/\/www.lca-sued.at\/en\/location\/\"]}]},{\"@type\":\"BreadcrumbList\",\"@id\":\"https:\/\/www.lca-sued.at\/en\/location\/#breadcrumb\",\"itemListElement\":[{\"@type\":\"ListItem\",\"position\":1,\"name\":\"Startseite\",\"item\":\"https:\/\/www.lca-sued.at\/en\/\"},{\"@type\":\"ListItem\",\"position\":2,\"name\":\"Location\"}]},{\"@type\":\"WebSite\",\"@id\":\"https:\/\/www.lca-sued.at\/#website\",\"url\":\"https:\/\/www.lca-sued.at\/\",\"name\":\"LCA SUED\",\"description\":\"LCA SUED\",\"publisher\":{\"@id\":\"https:\/\/www.lca-sued.at\/#organization\"},\"potentialAction\":[{\"@type\":\"SearchAction\",\"target\":{\"@type\":\"EntryPoint\",\"urlTemplate\":\"https:\/\/www.lca-sued.at\/?s={search_term_string}\"},\"query-input\":{\"@type\":\"PropertyValueSpecification\",\"valueRequired\":true,\"valueName\":\"search_term_string\"}}],\"inLanguage\":\"en-US\"},{\"@type\":\"Organization\",\"@id\":\"https:\/\/www.lca-sued.at\/#organization\",\"name\":\"LCA SUED\",\"url\":\"https:\/\/www.lca-sued.at\/\",\"logo\":{\"@type\":\"ImageObject\",\"inLanguage\":\"en-US\",\"@id\":\"https:\/\/www.lca-sued.at\/#\/schema\/logo\/image\/\",\"url\":\"https:\/\/www.lca-sued.at\/wp-content\/uploads\/2017\/08\/lca_logo.png\",\"contentUrl\":\"https:\/\/www.lca-sued.at\/wp-content\/uploads\/2017\/08\/lca_logo.png\",\"width\":167,\"height\":108,\"caption\":\"LCA SUED\"},\"image\":{\"@id\":\"https:\/\/www.lca-sued.at\/#\/schema\/logo\/image\/\"},\"sameAs\":[\"https:\/\/www.linkedin.com\/company\/lca-south\/\"]}]}<\/script>\n<!-- \/ Yoast SEO plugin. -->","yoast_head_json":{"title":"Location - LCA SUED","robots":{"index":"index","follow":"follow","max-snippet":"max-snippet:-1","max-image-preview":"max-image-preview:large","max-video-preview":"max-video-preview:-1"},"canonical":"https:\/\/www.lca-sued.at\/en\/location\/","og_locale":"en_US","og_type":"article","og_title":"Location - LCA SUED","og_description":"[vc_row css=&#8221;.vc_custom_1505909125063{padding-top: 30px !important;padding-bottom: 30px !important;background-image: url(https:\/\/www.lca-sued.at\/wp-content\/uploads\/2017\/08\/Standort.jpg?id=69) !important;background-position: center !important;background-repeat: no-repeat !important;background-size: cover !important;}&#8221; el_class=&#8221;padding_80px&#8221;][vc_column][vc_column_text] FROM THE HEART OF EUROPE [&hellip;]","og_url":"https:\/\/www.lca-sued.at\/en\/location\/","og_site_name":"LCA SUED","article_modified_time":"2024-01-24T18:23:29+00:00","og_image":[{"width":1024,"height":486,"url":"https:\/\/www.lca-sued.at\/wp-content\/uploads\/2022\/02\/lca-slider-2022.jpg","type":"image\/jpeg"}],"twitter_card":"summary_large_image","twitter_misc":{"Est. reading time":"4 minutes"},"schema":{"@context":"https:\/\/schema.org","@graph":[{"@type":"WebPage","@id":"https:\/\/www.lca-sued.at\/en\/location\/","url":"https:\/\/www.lca-sued.at\/en\/location\/","name":"Location - LCA SUED","isPartOf":{"@id":"https:\/\/www.lca-sued.at\/#website"},"datePublished":"2017-08-19T17:24:28+00:00","dateModified":"2024-01-24T18:23:29+00:00","breadcrumb":{"@id":"https:\/\/www.lca-sued.at\/en\/location\/#breadcrumb"},"inLanguage":"en-US","potentialAction":[{"@type":"ReadAction","target":["https:\/\/www.lca-sued.at\/en\/location\/"]}]},{"@type":"BreadcrumbList","@id":"https:\/\/www.lca-sued.at\/en\/location\/#breadcrumb","itemListElement":[{"@type":"ListItem","position":1,"name":"Startseite","item":"https:\/\/www.lca-sued.at\/en\/"},{"@type":"ListItem","position":2,"name":"Location"}]},{"@type":"WebSite","@id":"https:\/\/www.lca-sued.at\/#website","url":"https:\/\/www.lca-sued.at\/","name":"LCA SUED","description":"LCA SUED","publisher":{"@id":"https:\/\/www.lca-sued.at\/#organization"},"potentialAction":[{"@type":"SearchAction","target":{"@type":"EntryPoint","urlTemplate":"https:\/\/www.lca-sued.at\/?s={search_term_string}"},"query-input":{"@type":"PropertyValueSpecification","valueRequired":true,"valueName":"search_term_string"}}],"inLanguage":"en-US"},{"@type":"Organization","@id":"https:\/\/www.lca-sued.at\/#organization","name":"LCA SUED","url":"https:\/\/www.lca-sued.at\/","logo":{"@type":"ImageObject","inLanguage":"en-US","@id":"https:\/\/www.lca-sued.at\/#\/schema\/logo\/image\/","url":"https:\/\/www.lca-sued.at\/wp-content\/uploads\/2017\/08\/lca_logo.png","contentUrl":"https:\/\/www.lca-sued.at\/wp-content\/uploads\/2017\/08\/lca_logo.png","width":167,"height":108,"caption":"LCA SUED"},"image":{"@id":"https:\/\/www.lca-sued.at\/#\/schema\/logo\/image\/"},"sameAs":["https:\/\/www.linkedin.com\/company\/lca-south\/"]}]}},"_links":{"self":[{"href":"https:\/\/www.lca-sued.at\/en\/wp-json\/wp\/v2\/pages\/455","targetHints":{"allow":["GET"]}}],"collection":[{"href":"https:\/\/www.lca-sued.at\/en\/wp-json\/wp\/v2\/pages"}],"about":[{"href":"https:\/\/www.lca-sued.at\/en\/wp-json\/wp\/v2\/types\/page"}],"author":[{"embeddable":true,"href":"https:\/\/www.lca-sued.at\/en\/wp-json\/wp\/v2\/users\/1"}],"replies":[{"embeddable":true,"href":"https:\/\/www.lca-sued.at\/en\/wp-json\/wp\/v2\/comments?post=455"}],"version-history":[{"count":16,"href":"https:\/\/www.lca-sued.at\/en\/wp-json\/wp\/v2\/pages\/455\/revisions"}],"predecessor-version":[{"id":5976,"href":"https:\/\/www.lca-sued.at\/en\/wp-json\/wp\/v2\/pages\/455\/revisions\/5976"}],"wp:attachment":[{"href":"https:\/\/www.lca-sued.at\/en\/wp-json\/wp\/v2\/media?parent=455"}],"curies":[{"name":"wp","href":"https:\/\/api.w.org\/{rel}","templated":true}]}}