{"id":453,"date":"2017-08-19T19:24:19","date_gmt":"2017-08-19T17:24:19","guid":{"rendered":"https:\/\/www.lca-sued.at\/?page_id=453"},"modified":"2023-07-04T12:25:42","modified_gmt":"2023-07-04T10:25:42","slug":"rail-infrastructure","status":"publish","type":"page","link":"https:\/\/www.lca-sued.at\/en\/rail-infrastructure\/","title":{"rendered":"Rail infrastructure"},"content":{"rendered":"<div class=\"wpb-content-wrapper\"><p>[vc_row css=&#8221;.vc_custom_1677230530609{padding-top: 30px !important;padding-bottom: 30px !important;background-image: url(https:\/\/www.lca-sued.at\/wp-content\/uploads\/2022\/11\/bg-warum-fuernitz.jpg?id=4044) !important;background-position: center !important;background-repeat: no-repeat !important;background-size: cover !important;}&#8221; el_class=&#8221;backgroundbox white padding_80px&#8221;][vc_column width=&#8221;1\/2&#8243;][vc_column_text]<\/p>\n<h2>CENTER OF COMPETENCE FOR LOGISTICS AND MOBILITY IN CARINTHIA \u2013 LIVELY COOPERATION.<\/h2>\n<p>&nbsp;<\/p>\n<p>The hub Logistik Center Austria S\u00fcd, the logistics location in southern Austria, combines logistics-related services with terminal services and intermodal transport concepts.<\/p>\n<p>A wide variety of terminal services and consulting services are offered for everything concerning the logistics location of Carinthia in general and the logistics hub F\u00fcrnitz|Villach in specific. In addition to Austria&#8217;s second-largest marshalling yard, the location also houses the Combi Cargo Terminal Villach S\u00fcd operated by \u00d6BB Infrastruktur.<\/p>\n<p>In addition, the location agency is developing into a competence center for logistics and mobility in Carinthia and has set itself the task of making the logistics location of Carinthia more visible and strengthening it in all its facets and with its stakeholders. This includes above all the marketing of rail as a green alternative to road freight transport and the further expansion of the location into a hinterland port and dry port for the north Adriatic ports of Trieste and Koper.[\/vc_column_text][\/vc_column][vc_column width=&#8221;1\/2&#8243;][\/vc_column][\/vc_row][vc_row disable_element=&#8221;yes&#8221; css=&#8221;.vc_custom_1669724640830{padding-top: 30px !important;padding-bottom: 30px !important;}&#8221; el_class=&#8221;padding_80px&#8221;][vc_column width=&#8221;1\/2&#8243;][vc_column_text]<\/p>\n<h2>INTERNATIONALES INVESTORENSERVICE<br \/>\nALS ONE-STOP-SHOP.<\/h2>\n<p>Die LCA Logistik Center S\u00fcd GmbH (LCAS) unterst\u00fctzt Ansiedlungen von neuen, international agierenden, logistikaffinen Betrieben und begleitet diese strategisch &#8211; professionell und kostenfrei.<br \/>\nEin umfassendes und ma\u00dfgeschneidertes Spektrum an Serviceleistungen ist ein wichtiger Teil des Leistungskataloges der Standortagentur. Dazu geh\u00f6ren unterst\u00fctzende und beratende Dienstleistungen wie:<\/p>\n<ul>\n<li><strong>Umfangreiche Informationen zum Standort Logistik Center Austria S\u00fcd<\/strong><\/li>\n<li><strong>Hilfestellung bei der Suche nach geeigneten B\u00fcros, Produktions- und Lagerfl\u00e4chen sowie Gewerbegrundst\u00fccken<\/strong><\/li>\n<li><strong>Beratung und Kontaktherstellung zu Rechts- und Steuerexperten und Banken<\/strong><\/li>\n<li><strong>Information und Koordination von Finanzierung und F\u00f6rderungen<\/strong><\/li>\n<li><strong>Unterst\u00fctzung bei Beh\u00f6rdenwegen und Genehmigungsverfahren<\/strong><\/li>\n<li><strong>Koordination der Personalsuche<\/strong><\/li>\n<li><strong>Unterst\u00fctzung bei der Suche nach Kooperationspartnern, Lieferanten<\/strong><\/li>\n<li><strong>u.v.m<\/strong><\/li>\n<\/ul>\n<p>Und dies alles in mehreren Fremdsprachen.<\/p>\n<p>Interessiert? Wir freuen uns auf Ihre Kontaktaufnahme und die Begleitung bei Ihrer Projektumsetzung:\u00a0 <a href=\"mailto:office@lca-sued.at\">office@lca-sued.at<\/a>[\/vc_column_text][\/vc_column][vc_column width=&#8221;1\/2&#8243;][vc_single_image image=&#8221;65&#8243; img_size=&#8221;full&#8221; alignment=&#8221;center&#8221;][\/vc_column][\/vc_row][vc_row css=&#8221;.vc_custom_1503235645438{padding-right: 80px !important;padding-left: 80px !important;}&#8221;][vc_column][vc_separator color=&#8221;custom&#8221; accent_color=&#8221;#009adf&#8221;][vc_column_text css=&#8221;.vc_custom_1683202126186{margin-top: 50px !important;}&#8221;]<\/p>\n<h2>AUSTRIAN FEDERAL RAILWAYS \u2013 TERMINAL SERVICES<\/h2>\n<p>[\/vc_column_text][\/vc_column][\/vc_row][vc_row full_width=&#8221;stretch_row&#8221; content_placement=&#8221;top&#8221; css=&#8221;.vc_custom_1503294414472{background-color: #eef7fc !important;}&#8221;][vc_column][vc_column_text]On site, the Austrian Federal Railway company (AFR) operates a large-scale shunting yard and transshipment station with interconnected logistics center for wagonload traffic and combined freight transport. Furthermore, the site features the AFR cargo-terminal.<\/p>\n<h2>SERVICE PORTFOLIO:<\/h2>\n<p>[\/vc_column_text][vc_row_inner equal_height=&#8221;yes&#8221;][vc_column_inner width=&#8221;1\/2&#8243;][vc_column_text]<\/p>\n<ul>\n<li>Customs clearance, pre-cooling\/heating service<\/li>\n<li>Empty container depot, container cleaning and repair service, check-in\/check-out<\/li>\n<li>Transshipment platforms also for conventional transport<\/li>\n<li>Parking options for freight transport, as well as for heavy-lorry and traction vehicles.<\/li>\n<li>Service fueling station in proximity (Villach West railway station)<\/li>\n<li>Last-mile service, including shunting and mechanical service<\/li>\n<\/ul>\n<div class=\"wpb_wrapper\"><\/div>\n<p>[\/vc_column_text][\/vc_column_inner][vc_column_inner width=&#8221;1\/2&#8243;][vc_column_text]<\/p>\n<ul>\n<li>SOLAS weighing machine \/ industrial scale<\/li>\n<li>Short-term storage facilities for RID goods in containers (up to 21 days in accordance with safety officers)<\/li>\n<li>Storing, stuffing and transshipping, including securing cargo<\/li>\n<li>Loading of trucks and tractor-trailers that can\u2019t be loaded by crane<\/li>\n<li>(Rolling Highway)<\/li>\n<li>etc.<\/li>\n<\/ul>\n<p>[\/vc_column_text][\/vc_column_inner][\/vc_row_inner][vc_row_inner content_placement=&#8221;top&#8221; css=&#8221;.vc_custom_1683620452769{margin-top: 60px !important;}&#8221;][vc_column_inner width=&#8221;1\/3&#8243;][vc_single_image image=&#8221;209&#8243; img_size=&#8221;full&#8221;][vc_column_text]<strong>Customized transport concepts<br \/>\n<\/strong>The ideal connection to road and rail,\u00a0, as well as the intelligent network between ports located on the Upper Adriatic coastline and the LCA South inland port, result in a comprehensive service offering.[\/vc_column_text][\/vc_column_inner][vc_column_inner width=&#8221;1\/3&#8243;][vc_single_image image=&#8221;208&#8243; img_size=&#8221;full&#8221;][vc_column_text]<\/p>\n<div class=\"wpb_text_column wpb_content_element \">\n<div class=\"wpb_wrapper\">\n<p><strong>Technical data<\/strong><\/p>\n<ul>\n<li>up to 40 t WAB, SAL\/32 Containers<\/li>\n<li>1 full container stacker up to 45 t WAB\/SAL and container<\/li>\n<li>ROLA (rolling highway) 600m loading track<\/li>\n<\/ul>\n<\/div>\n<\/div>\n<p>[\/vc_column_text][\/vc_column_inner][vc_column_inner width=&#8221;1\/3&#8243;][vc_single_image image=&#8221;207&#8243; img_size=&#8221;full&#8221;][vc_column_text]<strong>Total area<\/strong><br \/>\nThe terminal comprises a total area of approx. 70,000 m\u00b2[\/vc_column_text][\/vc_column_inner][\/vc_row_inner][\/vc_column][\/vc_row][vc_row][vc_column][vc_empty_space height=&#8221;35px&#8221;][vc_column_text][\/vc_column_text][vc_empty_space height=&#8221;35px&#8221;][vc_single_image image=&#8221;5255&#8243; img_size=&#8221;large&#8221; alignment=&#8221;center&#8221; onclick=&#8221;custom_link&#8221; img_link_target=&#8221;_blank&#8221; link=&#8221;https:\/\/www.lca-sued.at\/wp-content\/uploads\/2023\/06\/LCA-Karte-6.pdf&#8221;][vc_empty_space height=&#8221;35px&#8221;][\/vc_column][\/vc_row][vc_row][vc_column][vc_single_image image=&#8221;4191&#8243; img_size=&#8221;1200&#215;800&#8243; alignment=&#8221;center&#8221; el_class=&#8221;\u00a9\u00d6BB\/H\u00e4mmerle&#8221;][vc_column_text]<strong>\u00a9 \u00d6BB\/Hofmann<\/strong>[\/vc_column_text][\/vc_column][\/vc_row][vc_row][vc_column][vc_column_text]<\/p>\n<p>[\/vc_column_text][\/vc_column][\/vc_row]<\/p>\n<\/div>","protected":false},"excerpt":{"rendered":"<p>[vc_row css=&#8221;.vc_custom_1677230530609{padding-top: 30px !important;padding-bottom: 30px !important;background-image: url(https:\/\/www.lca-sued.at\/wp-content\/uploads\/2022\/11\/bg-warum-fuernitz.jpg?id=4044) !important;background-position: center !important;background-repeat: no-repeat !important;background-size: cover !important;}&#8221; el_class=&#8221;backgroundbox white padding_80px&#8221;][vc_column width=&#8221;1\/2&#8243;][vc_column_text] CENTER OF [&hellip;]<\/p>\n","protected":false},"author":1,"featured_media":0,"parent":0,"menu_order":0,"comment_status":"closed","ping_status":"closed","template":"","meta":{"_acf_changed":false,"footnotes":""},"class_list":["post-453","page","type-page","status-publish","hentry"],"acf":[],"yoast_head":"<!-- This site is optimized with the Yoast SEO plugin v27.0 - https:\/\/yoast.com\/product\/yoast-seo-wordpress\/ -->\n<title>Rail infrastructure - LCA SUED<\/title>\n<meta name=\"robots\" content=\"index, follow, max-snippet:-1, max-image-preview:large, max-video-preview:-1\" \/>\n<link rel=\"canonical\" href=\"https:\/\/www.lca-sued.at\/en\/rail-infrastructure\/\" \/>\n<meta property=\"og:locale\" content=\"en_US\" \/>\n<meta property=\"og:type\" content=\"article\" \/>\n<meta property=\"og:title\" content=\"Rail infrastructure - LCA SUED\" \/>\n<meta property=\"og:description\" content=\"[vc_row css=&#8221;.vc_custom_1677230530609{padding-top: 30px !important;padding-bottom: 30px !important;background-image: url(https:\/\/www.lca-sued.at\/wp-content\/uploads\/2022\/11\/bg-warum-fuernitz.jpg?id=4044) !important;background-position: center !important;background-repeat: no-repeat !important;background-size: cover !important;}&#8221; el_class=&#8221;backgroundbox white padding_80px&#8221;][vc_column width=&#8221;1\/2&#8243;][vc_column_text] CENTER OF [&hellip;]\" \/>\n<meta property=\"og:url\" content=\"https:\/\/www.lca-sued.at\/en\/rail-infrastructure\/\" \/>\n<meta property=\"og:site_name\" content=\"LCA SUED\" \/>\n<meta property=\"article:modified_time\" content=\"2023-07-04T10:25:42+00:00\" \/>\n<meta property=\"og:image\" content=\"https:\/\/www.lca-sued.at\/wp-content\/uploads\/2022\/02\/lca-slider-2022.jpg\" \/>\n\t<meta property=\"og:image:width\" content=\"1024\" \/>\n\t<meta property=\"og:image:height\" content=\"486\" \/>\n\t<meta property=\"og:image:type\" content=\"image\/jpeg\" \/>\n<meta name=\"twitter:card\" content=\"summary_large_image\" \/>\n<meta name=\"twitter:label1\" content=\"Est. reading time\" \/>\n\t<meta name=\"twitter:data1\" content=\"4 minutes\" \/>\n<script type=\"application\/ld+json\" class=\"yoast-schema-graph\">{\"@context\":\"https:\/\/schema.org\",\"@graph\":[{\"@type\":\"WebPage\",\"@id\":\"https:\/\/www.lca-sued.at\/en\/rail-infrastructure\/\",\"url\":\"https:\/\/www.lca-sued.at\/en\/rail-infrastructure\/\",\"name\":\"Rail infrastructure - LCA SUED\",\"isPartOf\":{\"@id\":\"https:\/\/www.lca-sued.at\/#website\"},\"datePublished\":\"2017-08-19T17:24:19+00:00\",\"dateModified\":\"2023-07-04T10:25:42+00:00\",\"breadcrumb\":{\"@id\":\"https:\/\/www.lca-sued.at\/en\/rail-infrastructure\/#breadcrumb\"},\"inLanguage\":\"en-US\",\"potentialAction\":[{\"@type\":\"ReadAction\",\"target\":[\"https:\/\/www.lca-sued.at\/en\/rail-infrastructure\/\"]}]},{\"@type\":\"BreadcrumbList\",\"@id\":\"https:\/\/www.lca-sued.at\/en\/rail-infrastructure\/#breadcrumb\",\"itemListElement\":[{\"@type\":\"ListItem\",\"position\":1,\"name\":\"Startseite\",\"item\":\"https:\/\/www.lca-sued.at\/en\/\"},{\"@type\":\"ListItem\",\"position\":2,\"name\":\"Rail infrastructure\"}]},{\"@type\":\"WebSite\",\"@id\":\"https:\/\/www.lca-sued.at\/#website\",\"url\":\"https:\/\/www.lca-sued.at\/\",\"name\":\"LCA SUED\",\"description\":\"LCA SUED\",\"publisher\":{\"@id\":\"https:\/\/www.lca-sued.at\/#organization\"},\"potentialAction\":[{\"@type\":\"SearchAction\",\"target\":{\"@type\":\"EntryPoint\",\"urlTemplate\":\"https:\/\/www.lca-sued.at\/?s={search_term_string}\"},\"query-input\":{\"@type\":\"PropertyValueSpecification\",\"valueRequired\":true,\"valueName\":\"search_term_string\"}}],\"inLanguage\":\"en-US\"},{\"@type\":\"Organization\",\"@id\":\"https:\/\/www.lca-sued.at\/#organization\",\"name\":\"LCA SUED\",\"url\":\"https:\/\/www.lca-sued.at\/\",\"logo\":{\"@type\":\"ImageObject\",\"inLanguage\":\"en-US\",\"@id\":\"https:\/\/www.lca-sued.at\/#\/schema\/logo\/image\/\",\"url\":\"https:\/\/www.lca-sued.at\/wp-content\/uploads\/2017\/08\/lca_logo.png\",\"contentUrl\":\"https:\/\/www.lca-sued.at\/wp-content\/uploads\/2017\/08\/lca_logo.png\",\"width\":167,\"height\":108,\"caption\":\"LCA SUED\"},\"image\":{\"@id\":\"https:\/\/www.lca-sued.at\/#\/schema\/logo\/image\/\"},\"sameAs\":[\"https:\/\/www.linkedin.com\/company\/lca-south\/\"]}]}<\/script>\n<!-- \/ Yoast SEO plugin. -->","yoast_head_json":{"title":"Rail infrastructure - LCA SUED","robots":{"index":"index","follow":"follow","max-snippet":"max-snippet:-1","max-image-preview":"max-image-preview:large","max-video-preview":"max-video-preview:-1"},"canonical":"https:\/\/www.lca-sued.at\/en\/rail-infrastructure\/","og_locale":"en_US","og_type":"article","og_title":"Rail infrastructure - LCA SUED","og_description":"[vc_row css=&#8221;.vc_custom_1677230530609{padding-top: 30px !important;padding-bottom: 30px !important;background-image: url(https:\/\/www.lca-sued.at\/wp-content\/uploads\/2022\/11\/bg-warum-fuernitz.jpg?id=4044) !important;background-position: center !important;background-repeat: no-repeat !important;background-size: cover !important;}&#8221; el_class=&#8221;backgroundbox white padding_80px&#8221;][vc_column width=&#8221;1\/2&#8243;][vc_column_text] CENTER OF [&hellip;]","og_url":"https:\/\/www.lca-sued.at\/en\/rail-infrastructure\/","og_site_name":"LCA SUED","article_modified_time":"2023-07-04T10:25:42+00:00","og_image":[{"width":1024,"height":486,"url":"https:\/\/www.lca-sued.at\/wp-content\/uploads\/2022\/02\/lca-slider-2022.jpg","type":"image\/jpeg"}],"twitter_card":"summary_large_image","twitter_misc":{"Est. reading time":"4 minutes"},"schema":{"@context":"https:\/\/schema.org","@graph":[{"@type":"WebPage","@id":"https:\/\/www.lca-sued.at\/en\/rail-infrastructure\/","url":"https:\/\/www.lca-sued.at\/en\/rail-infrastructure\/","name":"Rail infrastructure - LCA SUED","isPartOf":{"@id":"https:\/\/www.lca-sued.at\/#website"},"datePublished":"2017-08-19T17:24:19+00:00","dateModified":"2023-07-04T10:25:42+00:00","breadcrumb":{"@id":"https:\/\/www.lca-sued.at\/en\/rail-infrastructure\/#breadcrumb"},"inLanguage":"en-US","potentialAction":[{"@type":"ReadAction","target":["https:\/\/www.lca-sued.at\/en\/rail-infrastructure\/"]}]},{"@type":"BreadcrumbList","@id":"https:\/\/www.lca-sued.at\/en\/rail-infrastructure\/#breadcrumb","itemListElement":[{"@type":"ListItem","position":1,"name":"Startseite","item":"https:\/\/www.lca-sued.at\/en\/"},{"@type":"ListItem","position":2,"name":"Rail infrastructure"}]},{"@type":"WebSite","@id":"https:\/\/www.lca-sued.at\/#website","url":"https:\/\/www.lca-sued.at\/","name":"LCA SUED","description":"LCA SUED","publisher":{"@id":"https:\/\/www.lca-sued.at\/#organization"},"potentialAction":[{"@type":"SearchAction","target":{"@type":"EntryPoint","urlTemplate":"https:\/\/www.lca-sued.at\/?s={search_term_string}"},"query-input":{"@type":"PropertyValueSpecification","valueRequired":true,"valueName":"search_term_string"}}],"inLanguage":"en-US"},{"@type":"Organization","@id":"https:\/\/www.lca-sued.at\/#organization","name":"LCA SUED","url":"https:\/\/www.lca-sued.at\/","logo":{"@type":"ImageObject","inLanguage":"en-US","@id":"https:\/\/www.lca-sued.at\/#\/schema\/logo\/image\/","url":"https:\/\/www.lca-sued.at\/wp-content\/uploads\/2017\/08\/lca_logo.png","contentUrl":"https:\/\/www.lca-sued.at\/wp-content\/uploads\/2017\/08\/lca_logo.png","width":167,"height":108,"caption":"LCA SUED"},"image":{"@id":"https:\/\/www.lca-sued.at\/#\/schema\/logo\/image\/"},"sameAs":["https:\/\/www.linkedin.com\/company\/lca-south\/"]}]}},"_links":{"self":[{"href":"https:\/\/www.lca-sued.at\/en\/wp-json\/wp\/v2\/pages\/453","targetHints":{"allow":["GET"]}}],"collection":[{"href":"https:\/\/www.lca-sued.at\/en\/wp-json\/wp\/v2\/pages"}],"about":[{"href":"https:\/\/www.lca-sued.at\/en\/wp-json\/wp\/v2\/types\/page"}],"author":[{"embeddable":true,"href":"https:\/\/www.lca-sued.at\/en\/wp-json\/wp\/v2\/users\/1"}],"replies":[{"embeddable":true,"href":"https:\/\/www.lca-sued.at\/en\/wp-json\/wp\/v2\/comments?post=453"}],"version-history":[{"count":30,"href":"https:\/\/www.lca-sued.at\/en\/wp-json\/wp\/v2\/pages\/453\/revisions"}],"predecessor-version":[{"id":5263,"href":"https:\/\/www.lca-sued.at\/en\/wp-json\/wp\/v2\/pages\/453\/revisions\/5263"}],"wp:attachment":[{"href":"https:\/\/www.lca-sued.at\/en\/wp-json\/wp\/v2\/media?parent=453"}],"curies":[{"name":"wp","href":"https:\/\/api.w.org\/{rel}","templated":true}]}}