{"id":439,"date":"2017-08-19T19:24:12","date_gmt":"2017-08-19T17:24:12","guid":{"rendered":"https:\/\/www.lca-sued.at\/?page_id=439"},"modified":"2023-05-04T13:01:55","modified_gmt":"2023-05-04T11:01:55","slug":"about-us","status":"publish","type":"page","link":"https:\/\/www.lca-sued.at\/en\/about-us\/","title":{"rendered":"About us"},"content":{"rendered":"<div class=\"wpb-content-wrapper\"><p>[vc_row css=&#8221;.vc_custom_1552896824768{padding-top: 30px !important;padding-bottom: 30px !important;background-image: url(https:\/\/www.lca-sued.at\/wp-content\/uploads\/2017\/08\/STANDORTBETREIBERGESELLSCHAFT.jpg?id=61) !important;background-position: center !important;background-repeat: no-repeat !important;background-size: cover !important;}&#8221; el_class=&#8221;backgroundbox white padding_80px&#8221;][vc_column width=&#8221;1\/2&#8243;][vc_column_text]<\/p>\n<h2>LOCATION AGENCY. COMPETENCE CENTER. ALL FROM A SINGLE SOURCE.<\/h2>\n<p><strong>LCA Logistik Center Austria S\u00fcd \u2013 LCAS for short<\/strong><\/p>\n<p>Would you like to found a company in the field of transport| logistics or mobility? Expand your company in Carinthia? Make your freight transport greener and evaluate the use of sustainable rail? Are you looking for international, highly qualified specialists for your logistics company? Or maybe just want to join the Carinthian logistics community? Then you&#8217;ve come to the right place. We make sure that your logistics project in Carinthia starts successfully.<\/p>\n<p>The location agency LCA Logistik Center Austria S\u00fcd GmbH was founded in 2017 with the aim of developing the F\u00fcrnitz location into a leading logistics hub in the Alps-Adriatic region.<\/p>\n<p>Today, the LCAS not only stands for the targeted promotion and development of the F\u00fcrnitz location, but for the entire logistics location of Carinthia, as well as for the cooperation of the companies based there and other interested parties from the logistics and mobility sector. As a location brand, LCAS also assumes the central role as a company-neutral coordination, information and communication platform for the logistics location of Carinthia.<\/p>\n<p>LCAS is 100% owned by the public sector.<\/p>\n<p>The vision of LCA Logistik Center Austria S\u00fcd GmbH is to develop the F\u00fcrnitz location into the most modern and greenest logistics competence center in the Alps-Adriatic region and to give Carinthia more international visibility as a logistics location.<\/p>\n<p>The comprehensive logistical know-how is continuously expanded through ongoing research and development in cooperation with institutes, technical colleges and universities. The focus is on energy efficiency, sustainable industrial policy, intelligent networking and innovative technologies.<\/p>\n<p>[\/vc_column_text][\/vc_column][vc_column width=&#8221;1\/2&#8243;][vc_single_image image=&#8221;107&#8243; img_size=&#8221;full&#8221; alignment=&#8221;center&#8221;][\/vc_column][\/vc_row][vc_row css=&#8221;.vc_custom_1645621115213{padding-top: 30px !important;padding-bottom: 30px !important;}&#8221; el_class=&#8221;padding_80px&#8221;][vc_column][vc_row_inner css=&#8221;.vc_custom_1645620762218{padding-top: 30px !important;}&#8221;][vc_column_inner][vc_column_text]<\/p>\n<h2>THE AGENCY.<br \/>\nITS MISSION. ITS TASKS.<\/h2>\n<p>[\/vc_column_text][vc_column_text]LCA Logistik Center Austria S\u00fcd GmbH, location agency and company of K-BV K\u00e4rntner Beteiligungsverwaltung and \u00d6BB Infrastruktur AG, combines strategic location advantages with comprehensive know-how, vision and service. LCAS sees itself as a strong partner of the logistics industry, creating the best conditions for efficient, resource-saving transport chains with optimal site conditions, intelligent networking and tailor-made solutions.<\/p>\n<p><strong>Services for interested parties, investors and existing companies<\/strong><\/p>\n<ul>\n<li>Extensive information on the logistics location of Carinthia and the logistics hub Logistik Center Austria S\u00fcd (LCA-S\u00fcd)<\/li>\n<li>Assistance in finding suitable offices, production and storage areas as well as commercial properties<\/li>\n<li>Establishing contact with TSA Terminal Service Austria (Terminal Villach S\u00fcd)<\/li>\n<li>Advice and establishing contact with legal and tax experts and banks<\/li>\n<li>Information and coordination of financing and subsidies<\/li>\n<li>Support with official channels and approval procedures<\/li>\n<li>Coordination of the search for personnel<\/li>\n<li>Support in the search for cooperation partners, suppliers<\/li>\n<li>Further training offer, tailored to the area of \u200b\u200blogistics<\/li>\n<\/ul>\n<p><a href=\"https:\/\/www.lca-sued.at\/en\/services\/\">Learn more<\/a>[\/vc_column_text][vc_column_text]<strong>Location development and international marketing of the Logistik Center Austria S\u00fcd<\/strong><\/p>\n<ul>\n<li>Site development and expansion<\/li>\n<li>Further development of the location brand<\/li>\n<li>Online presence, PR, trade fairs|conventions, presentations and guided tours<\/li>\n<\/ul>\n<p>[\/vc_column_text][vc_column_text]<strong>Cooperation and projects in the field of logistics<\/strong><\/p>\n<ul>\n<li>Development of internal and external cooperation approaches to secure cost and service head starts<\/li>\n<li>National and international projects to promote sustainable logistics in Carinthia<\/li>\n<\/ul>\n<p><a href=\"https:\/\/www.lca-sued.at\/en\/project\/\">Learn more<\/a>[\/vc_column_text][\/vc_column_inner][\/vc_row_inner][\/vc_column][\/vc_row]<\/p>\n<\/div>","protected":false},"excerpt":{"rendered":"<p>[vc_row css=&#8221;.vc_custom_1552896824768{padding-top: 30px !important;padding-bottom: 30px !important;background-image: url(https:\/\/www.lca-sued.at\/wp-content\/uploads\/2017\/08\/STANDORTBETREIBERGESELLSCHAFT.jpg?id=61) !important;background-position: center !important;background-repeat: no-repeat !important;background-size: cover !important;}&#8221; el_class=&#8221;backgroundbox white padding_80px&#8221;][vc_column width=&#8221;1\/2&#8243;][vc_column_text] LOCATION AGENCY. [&hellip;]<\/p>\n","protected":false},"author":1,"featured_media":0,"parent":0,"menu_order":0,"comment_status":"closed","ping_status":"closed","template":"","meta":{"_acf_changed":false,"footnotes":""},"class_list":["post-439","page","type-page","status-publish","hentry"],"acf":[],"yoast_head":"<!-- This site is optimized with the Yoast SEO plugin v27.0 - https:\/\/yoast.com\/product\/yoast-seo-wordpress\/ -->\n<title>About us - LCA SUED<\/title>\n<meta name=\"robots\" content=\"index, follow, max-snippet:-1, max-image-preview:large, max-video-preview:-1\" \/>\n<link rel=\"canonical\" href=\"https:\/\/www.lca-sued.at\/en\/about-us\/\" \/>\n<meta property=\"og:locale\" content=\"en_US\" \/>\n<meta property=\"og:type\" content=\"article\" \/>\n<meta property=\"og:title\" content=\"About us - LCA SUED\" \/>\n<meta property=\"og:description\" content=\"[vc_row css=&#8221;.vc_custom_1552896824768{padding-top: 30px !important;padding-bottom: 30px !important;background-image: url(https:\/\/www.lca-sued.at\/wp-content\/uploads\/2017\/08\/STANDORTBETREIBERGESELLSCHAFT.jpg?id=61) !important;background-position: center !important;background-repeat: no-repeat !important;background-size: cover !important;}&#8221; el_class=&#8221;backgroundbox white padding_80px&#8221;][vc_column width=&#8221;1\/2&#8243;][vc_column_text] LOCATION AGENCY. [&hellip;]\" \/>\n<meta property=\"og:url\" content=\"https:\/\/www.lca-sued.at\/en\/about-us\/\" \/>\n<meta property=\"og:site_name\" content=\"LCA SUED\" \/>\n<meta property=\"article:modified_time\" content=\"2023-05-04T11:01:55+00:00\" \/>\n<meta property=\"og:image\" content=\"https:\/\/www.lca-sued.at\/wp-content\/uploads\/2022\/02\/lca-slider-2022.jpg\" \/>\n\t<meta property=\"og:image:width\" content=\"1024\" \/>\n\t<meta property=\"og:image:height\" content=\"486\" \/>\n\t<meta property=\"og:image:type\" content=\"image\/jpeg\" \/>\n<meta name=\"twitter:card\" content=\"summary_large_image\" \/>\n<meta name=\"twitter:label1\" content=\"Est. reading time\" \/>\n\t<meta name=\"twitter:data1\" content=\"3 minutes\" \/>\n<script type=\"application\/ld+json\" class=\"yoast-schema-graph\">{\"@context\":\"https:\/\/schema.org\",\"@graph\":[{\"@type\":\"WebPage\",\"@id\":\"https:\/\/www.lca-sued.at\/en\/about-us\/\",\"url\":\"https:\/\/www.lca-sued.at\/en\/about-us\/\",\"name\":\"About us - LCA SUED\",\"isPartOf\":{\"@id\":\"https:\/\/www.lca-sued.at\/#website\"},\"datePublished\":\"2017-08-19T17:24:12+00:00\",\"dateModified\":\"2023-05-04T11:01:55+00:00\",\"breadcrumb\":{\"@id\":\"https:\/\/www.lca-sued.at\/en\/about-us\/#breadcrumb\"},\"inLanguage\":\"en-US\",\"potentialAction\":[{\"@type\":\"ReadAction\",\"target\":[\"https:\/\/www.lca-sued.at\/en\/about-us\/\"]}]},{\"@type\":\"BreadcrumbList\",\"@id\":\"https:\/\/www.lca-sued.at\/en\/about-us\/#breadcrumb\",\"itemListElement\":[{\"@type\":\"ListItem\",\"position\":1,\"name\":\"Startseite\",\"item\":\"https:\/\/www.lca-sued.at\/en\/\"},{\"@type\":\"ListItem\",\"position\":2,\"name\":\"About us\"}]},{\"@type\":\"WebSite\",\"@id\":\"https:\/\/www.lca-sued.at\/#website\",\"url\":\"https:\/\/www.lca-sued.at\/\",\"name\":\"LCA SUED\",\"description\":\"LCA SUED\",\"publisher\":{\"@id\":\"https:\/\/www.lca-sued.at\/#organization\"},\"potentialAction\":[{\"@type\":\"SearchAction\",\"target\":{\"@type\":\"EntryPoint\",\"urlTemplate\":\"https:\/\/www.lca-sued.at\/?s={search_term_string}\"},\"query-input\":{\"@type\":\"PropertyValueSpecification\",\"valueRequired\":true,\"valueName\":\"search_term_string\"}}],\"inLanguage\":\"en-US\"},{\"@type\":\"Organization\",\"@id\":\"https:\/\/www.lca-sued.at\/#organization\",\"name\":\"LCA SUED\",\"url\":\"https:\/\/www.lca-sued.at\/\",\"logo\":{\"@type\":\"ImageObject\",\"inLanguage\":\"en-US\",\"@id\":\"https:\/\/www.lca-sued.at\/#\/schema\/logo\/image\/\",\"url\":\"https:\/\/www.lca-sued.at\/wp-content\/uploads\/2017\/08\/lca_logo.png\",\"contentUrl\":\"https:\/\/www.lca-sued.at\/wp-content\/uploads\/2017\/08\/lca_logo.png\",\"width\":167,\"height\":108,\"caption\":\"LCA SUED\"},\"image\":{\"@id\":\"https:\/\/www.lca-sued.at\/#\/schema\/logo\/image\/\"},\"sameAs\":[\"https:\/\/www.linkedin.com\/company\/lca-south\/\"]}]}<\/script>\n<!-- \/ Yoast SEO plugin. -->","yoast_head_json":{"title":"About us - LCA SUED","robots":{"index":"index","follow":"follow","max-snippet":"max-snippet:-1","max-image-preview":"max-image-preview:large","max-video-preview":"max-video-preview:-1"},"canonical":"https:\/\/www.lca-sued.at\/en\/about-us\/","og_locale":"en_US","og_type":"article","og_title":"About us - LCA SUED","og_description":"[vc_row css=&#8221;.vc_custom_1552896824768{padding-top: 30px !important;padding-bottom: 30px !important;background-image: url(https:\/\/www.lca-sued.at\/wp-content\/uploads\/2017\/08\/STANDORTBETREIBERGESELLSCHAFT.jpg?id=61) !important;background-position: center !important;background-repeat: no-repeat !important;background-size: cover !important;}&#8221; el_class=&#8221;backgroundbox white padding_80px&#8221;][vc_column width=&#8221;1\/2&#8243;][vc_column_text] LOCATION AGENCY. [&hellip;]","og_url":"https:\/\/www.lca-sued.at\/en\/about-us\/","og_site_name":"LCA SUED","article_modified_time":"2023-05-04T11:01:55+00:00","og_image":[{"width":1024,"height":486,"url":"https:\/\/www.lca-sued.at\/wp-content\/uploads\/2022\/02\/lca-slider-2022.jpg","type":"image\/jpeg"}],"twitter_card":"summary_large_image","twitter_misc":{"Est. reading time":"3 minutes"},"schema":{"@context":"https:\/\/schema.org","@graph":[{"@type":"WebPage","@id":"https:\/\/www.lca-sued.at\/en\/about-us\/","url":"https:\/\/www.lca-sued.at\/en\/about-us\/","name":"About us - LCA SUED","isPartOf":{"@id":"https:\/\/www.lca-sued.at\/#website"},"datePublished":"2017-08-19T17:24:12+00:00","dateModified":"2023-05-04T11:01:55+00:00","breadcrumb":{"@id":"https:\/\/www.lca-sued.at\/en\/about-us\/#breadcrumb"},"inLanguage":"en-US","potentialAction":[{"@type":"ReadAction","target":["https:\/\/www.lca-sued.at\/en\/about-us\/"]}]},{"@type":"BreadcrumbList","@id":"https:\/\/www.lca-sued.at\/en\/about-us\/#breadcrumb","itemListElement":[{"@type":"ListItem","position":1,"name":"Startseite","item":"https:\/\/www.lca-sued.at\/en\/"},{"@type":"ListItem","position":2,"name":"About us"}]},{"@type":"WebSite","@id":"https:\/\/www.lca-sued.at\/#website","url":"https:\/\/www.lca-sued.at\/","name":"LCA SUED","description":"LCA SUED","publisher":{"@id":"https:\/\/www.lca-sued.at\/#organization"},"potentialAction":[{"@type":"SearchAction","target":{"@type":"EntryPoint","urlTemplate":"https:\/\/www.lca-sued.at\/?s={search_term_string}"},"query-input":{"@type":"PropertyValueSpecification","valueRequired":true,"valueName":"search_term_string"}}],"inLanguage":"en-US"},{"@type":"Organization","@id":"https:\/\/www.lca-sued.at\/#organization","name":"LCA SUED","url":"https:\/\/www.lca-sued.at\/","logo":{"@type":"ImageObject","inLanguage":"en-US","@id":"https:\/\/www.lca-sued.at\/#\/schema\/logo\/image\/","url":"https:\/\/www.lca-sued.at\/wp-content\/uploads\/2017\/08\/lca_logo.png","contentUrl":"https:\/\/www.lca-sued.at\/wp-content\/uploads\/2017\/08\/lca_logo.png","width":167,"height":108,"caption":"LCA SUED"},"image":{"@id":"https:\/\/www.lca-sued.at\/#\/schema\/logo\/image\/"},"sameAs":["https:\/\/www.linkedin.com\/company\/lca-south\/"]}]}},"_links":{"self":[{"href":"https:\/\/www.lca-sued.at\/en\/wp-json\/wp\/v2\/pages\/439","targetHints":{"allow":["GET"]}}],"collection":[{"href":"https:\/\/www.lca-sued.at\/en\/wp-json\/wp\/v2\/pages"}],"about":[{"href":"https:\/\/www.lca-sued.at\/en\/wp-json\/wp\/v2\/types\/page"}],"author":[{"embeddable":true,"href":"https:\/\/www.lca-sued.at\/en\/wp-json\/wp\/v2\/users\/1"}],"replies":[{"embeddable":true,"href":"https:\/\/www.lca-sued.at\/en\/wp-json\/wp\/v2\/comments?post=439"}],"version-history":[{"count":33,"href":"https:\/\/www.lca-sued.at\/en\/wp-json\/wp\/v2\/pages\/439\/revisions"}],"predecessor-version":[{"id":4856,"href":"https:\/\/www.lca-sued.at\/en\/wp-json\/wp\/v2\/pages\/439\/revisions\/4856"}],"wp:attachment":[{"href":"https:\/\/www.lca-sued.at\/en\/wp-json\/wp\/v2\/media?parent=439"}],"curies":[{"name":"wp","href":"https:\/\/api.w.org\/{rel}","templated":true}]}}